{"id":166,"date":"2026-02-24T14:45:55","date_gmt":"2026-02-24T13:45:55","guid":{"rendered":"https:\/\/k-walek.pl\/ilustratolka\/?page_id=166"},"modified":"2026-03-02T12:34:45","modified_gmt":"2026-03-02T11:34:45","slug":"ilustracje-do-ksiazek","status":"publish","type":"page","link":"https:\/\/ilustratolka.com\/en\/ilustracje-do-ksiazek\/","title":{"rendered":"Illustrations for books"},"content":{"rendered":"<div class=\"wp-block-stackable-columns stk-block-columns stk-block stk-65aacdf\" data-block-id=\"65aacdf\"><style>.stk-65aacdf .stk--block-align-65aacdf{align-items:stretch !important;}.stk-65aacdf-column{--stk-column-gap:var(u002du002dstku002du002dpresetu002du002dspacingu002du002d70, 3.38rem) !important;}<\/style><div class=\"stk-row stk-inner-blocks stk--block-align-65aacdf stk-block-content stk-content-align stk-65aacdf-column\">\n<div class=\"wp-block-stackable-column stk-block-column stk-column stk-block stk-981b547\" data-v=\"4\" data-block-id=\"981b547\"><style>@media screen and (min-width:690px){.stk-981b547 {flex:var(--stk-flex-grow, 1) 1 calc(25% - var(--stk-column-gap, 0px) * 1 \/ 2 ) !important;}}@media screen and (min-width:690px) and (max-width:999px){.stk-981b547 {flex:var(--stk-flex-grow, 1) 1 calc(100% - var(--stk-column-gap, 0px) * 0 \/ 1 ) !important;}}<\/style><div class=\"stk-column-wrapper stk-block-column__content stk-container stk-981b547-container stk--no-background stk--no-padding\"><div class=\"stk-block-content stk-inner-blocks stk-981b547-inner-blocks\">\n<div class=\"wp-block-stackable-text stk-block-text stk-block stk-4b0256d stk-block-background\" data-block-id=\"4b0256d\"><style>.stk-4b0256d {background-color:#fad689 !important;}.stk-4b0256d:before{background-color:#fad689 !important;}.stk-4b0256d .stk-block-text__text{font-size:16px !important;color:#222222 !important;}@media screen and (max-width:999px){.stk-4b0256d .stk-block-text__text{font-size:16px !important;}}<\/style><p class=\"stk-block-text__text has-text-color\">illustrations for a book named <strong>Ice cream for undertakers<\/strong><br><br>author: Aleksander Chlebowski<br><br>Poland 2020<\/p><\/div>\n<\/div><\/div><\/div>\n\n\n\n<div class=\"wp-block-stackable-column stk-block-column stk-column stk-block stk-e5dbf2a\" data-v=\"4\" data-block-id=\"e5dbf2a\"><style>@media screen and (min-width:690px){.stk-e5dbf2a {flex:var(--stk-flex-grow, 1) 1 calc(75% - var(--stk-column-gap, 0px) * 1 \/ 2 ) !important;}}@media screen and (min-width:690px) and (max-width:999px){.stk-e5dbf2a {flex:var(--stk-flex-grow, 1) 1 calc(100% - var(--stk-column-gap, 0px) * 0 \/ 1 ) !important;}}<\/style><div class=\"stk-column-wrapper stk-block-column__content stk-container stk-e5dbf2a-container stk--no-background stk--no-padding\"><div class=\"stk-block-content stk-inner-blocks stk-e5dbf2a-inner-blocks\">\n<figure class=\"wp-block-gallery has-nested-images columns-default is-cropped wp-block-gallery-1 is-layout-flex wp-block-gallery-is-layout-flex\">\n<figure class=\"wp-block-image size-full\"><img loading=\"lazy\" decoding=\"async\" width=\"992\" height=\"1403\" data-id=\"498\" src=\"https:\/\/ilustratolka.com\/wp-content\/uploads\/2026\/02\/6aaaa.jpg\" alt=\"ilustracje do ksi\u0105\u017cek\" class=\"wp-image-498\" srcset=\"https:\/\/ilustratolka.com\/wp-content\/uploads\/2026\/02\/6aaaa.jpg 992w, https:\/\/ilustratolka.com\/wp-content\/uploads\/2026\/02\/6aaaa-212x300.jpg 212w, https:\/\/ilustratolka.com\/wp-content\/uploads\/2026\/02\/6aaaa-724x1024.jpg 724w, https:\/\/ilustratolka.com\/wp-content\/uploads\/2026\/02\/6aaaa-768x1086.jpg 768w, https:\/\/ilustratolka.com\/wp-content\/uploads\/2026\/02\/6aaaa-8x12.jpg 8w\" sizes=\"auto, (max-width: 992px) 100vw, 992px\" \/><\/figure>\n\n\n\n<figure class=\"wp-block-image size-full\"><img loading=\"lazy\" decoding=\"async\" width=\"992\" height=\"1403\" data-id=\"500\" src=\"https:\/\/ilustratolka.com\/wp-content\/uploads\/2026\/02\/3aaaa.jpg\" alt=\"ilustracje do ksi\u0105\u017cek\" class=\"wp-image-500\" srcset=\"https:\/\/ilustratolka.com\/wp-content\/uploads\/2026\/02\/3aaaa.jpg 992w, https:\/\/ilustratolka.com\/wp-content\/uploads\/2026\/02\/3aaaa-212x300.jpg 212w, https:\/\/ilustratolka.com\/wp-content\/uploads\/2026\/02\/3aaaa-724x1024.jpg 724w, https:\/\/ilustratolka.com\/wp-content\/uploads\/2026\/02\/3aaaa-768x1086.jpg 768w, https:\/\/ilustratolka.com\/wp-content\/uploads\/2026\/02\/3aaaa-8x12.jpg 8w\" sizes=\"auto, (max-width: 992px) 100vw, 992px\" \/><\/figure>\n\n\n\n<figure class=\"wp-block-image size-full\"><img loading=\"lazy\" decoding=\"async\" width=\"992\" height=\"1403\" data-id=\"499\" src=\"https:\/\/ilustratolka.com\/wp-content\/uploads\/2026\/02\/8aaaa.jpg\" alt=\"ilustracje do ksi\u0105\u017cek\" class=\"wp-image-499\" srcset=\"https:\/\/ilustratolka.com\/wp-content\/uploads\/2026\/02\/8aaaa.jpg 992w, https:\/\/ilustratolka.com\/wp-content\/uploads\/2026\/02\/8aaaa-212x300.jpg 212w, https:\/\/ilustratolka.com\/wp-content\/uploads\/2026\/02\/8aaaa-724x1024.jpg 724w, https:\/\/ilustratolka.com\/wp-content\/uploads\/2026\/02\/8aaaa-768x1086.jpg 768w, https:\/\/ilustratolka.com\/wp-content\/uploads\/2026\/02\/8aaaa-8x12.jpg 8w\" sizes=\"auto, (max-width: 992px) 100vw, 992px\" \/><\/figure>\n<\/figure>\n<\/div><\/div><\/div>\n<\/div><\/div>\n\n\n\n<div class=\"wp-block-stackable-columns stk-block-columns stk-block stk-0b3a8b9\" data-block-id=\"0b3a8b9\"><style>.stk-0b3a8b9 .stk--block-align-0b3a8b9{align-items:stretch !important;}.stk-0b3a8b9-column{--stk-column-gap:var(u002du002dstku002du002dpresetu002du002dspacingu002du002d70, 3.38rem) !important;}<\/style><div class=\"stk-row stk-inner-blocks stk--block-align-0b3a8b9 stk-block-content stk-content-align stk-0b3a8b9-column\">\n<div class=\"wp-block-stackable-column stk-block-column stk-column stk-block stk-d755e0c\" data-v=\"4\" data-block-id=\"d755e0c\"><style>@media screen and (min-width:690px){.stk-d755e0c {flex:var(--stk-flex-grow, 1) 1 calc(25% - var(--stk-column-gap, 0px) * 1 \/ 2 ) !important;}}@media screen and (min-width:690px) and (max-width:999px){.stk-d755e0c {flex:var(--stk-flex-grow, 1) 1 calc(100% - var(--stk-column-gap, 0px) * 0 \/ 1 ) !important;}}<\/style><div class=\"stk-column-wrapper stk-block-column__content stk-container stk-d755e0c-container stk--no-background stk--no-padding\"><div class=\"stk-block-content stk-inner-blocks stk-d755e0c-inner-blocks\">\n<div class=\"wp-block-stackable-text stk-block-text stk-block stk-a94f0cf stk-block-background\" data-block-id=\"a94f0cf\"><style>.stk-a94f0cf {background-color:#fad689 !important;}.stk-a94f0cf:before{background-color:#fad689 !important;}.stk-a94f0cf .stk-block-text__text{font-size:16px !important;color:#222222 !important;}@media screen and (max-width:999px){.stk-a94f0cf .stk-block-text__text{font-size:16px !important;}}<\/style><p class=\"stk-block-text__text has-text-color\">illustrations for a children book named <br><strong>Mucha i Paj\u0105czek<\/strong><br><br>author: Jeremi Bartosiak<br><br>book released by Wydawnictwo BBK<br><br>Poland 2018<\/p><\/div>\n<\/div><\/div><\/div>\n\n\n\n<div class=\"wp-block-stackable-column stk-block-column stk-column stk-block stk-eb13104\" data-v=\"4\" data-block-id=\"eb13104\"><style>@media screen and (min-width:690px){.stk-eb13104 {flex:var(--stk-flex-grow, 1) 1 calc(75% - var(--stk-column-gap, 0px) * 1 \/ 2 ) !important;}}@media screen and (min-width:690px) and (max-width:999px){.stk-eb13104 {flex:var(--stk-flex-grow, 1) 1 calc(100% - var(--stk-column-gap, 0px) * 0 \/ 1 ) !important;}}<\/style><div class=\"stk-column-wrapper stk-block-column__content stk-container stk-eb13104-container stk--no-background stk--no-padding\"><div class=\"stk-block-content stk-inner-blocks stk-eb13104-inner-blocks\">\n<figure class=\"wp-block-gallery has-nested-images columns-default is-cropped wp-block-gallery-2 is-layout-flex wp-block-gallery-is-layout-flex\">\n<figure class=\"wp-block-image size-full\"><img loading=\"lazy\" decoding=\"async\" width=\"1786\" height=\"2560\" data-id=\"502\" src=\"https:\/\/ilustratolka.com\/wp-content\/uploads\/2026\/02\/Ilustracja-5-min-scaled-2.jpg\" alt=\"ilustracje do ksi\u0105\u017cek\" class=\"wp-image-502\" srcset=\"https:\/\/ilustratolka.com\/wp-content\/uploads\/2026\/02\/Ilustracja-5-min-scaled-2.jpg 1786w, https:\/\/ilustratolka.com\/wp-content\/uploads\/2026\/02\/Ilustracja-5-min-scaled-2-209x300.jpg 209w, https:\/\/ilustratolka.com\/wp-content\/uploads\/2026\/02\/Ilustracja-5-min-scaled-2-714x1024.jpg 714w, https:\/\/ilustratolka.com\/wp-content\/uploads\/2026\/02\/Ilustracja-5-min-scaled-2-768x1101.jpg 768w, https:\/\/ilustratolka.com\/wp-content\/uploads\/2026\/02\/Ilustracja-5-min-scaled-2-1072x1536.jpg 1072w, https:\/\/ilustratolka.com\/wp-content\/uploads\/2026\/02\/Ilustracja-5-min-scaled-2-1429x2048.jpg 1429w, https:\/\/ilustratolka.com\/wp-content\/uploads\/2026\/02\/Ilustracja-5-min-scaled-2-8x12.jpg 8w\" sizes=\"auto, (max-width: 1786px) 100vw, 1786px\" \/><\/figure>\n\n\n\n<figure class=\"wp-block-image size-full\"><img loading=\"lazy\" decoding=\"async\" width=\"1786\" height=\"2560\" data-id=\"501\" src=\"https:\/\/ilustratolka.com\/wp-content\/uploads\/2026\/02\/Ilustracja-11-min-scaled-2.jpg\" alt=\"ilustracje do ksi\u0105\u017cek\" class=\"wp-image-501\" srcset=\"https:\/\/ilustratolka.com\/wp-content\/uploads\/2026\/02\/Ilustracja-11-min-scaled-2.jpg 1786w, https:\/\/ilustratolka.com\/wp-content\/uploads\/2026\/02\/Ilustracja-11-min-scaled-2-209x300.jpg 209w, https:\/\/ilustratolka.com\/wp-content\/uploads\/2026\/02\/Ilustracja-11-min-scaled-2-714x1024.jpg 714w, https:\/\/ilustratolka.com\/wp-content\/uploads\/2026\/02\/Ilustracja-11-min-scaled-2-768x1101.jpg 768w, https:\/\/ilustratolka.com\/wp-content\/uploads\/2026\/02\/Ilustracja-11-min-scaled-2-1072x1536.jpg 1072w, https:\/\/ilustratolka.com\/wp-content\/uploads\/2026\/02\/Ilustracja-11-min-scaled-2-1429x2048.jpg 1429w, https:\/\/ilustratolka.com\/wp-content\/uploads\/2026\/02\/Ilustracja-11-min-scaled-2-8x12.jpg 8w\" sizes=\"auto, (max-width: 1786px) 100vw, 1786px\" \/><\/figure>\n\n\n\n<figure class=\"wp-block-image size-full\"><img loading=\"lazy\" decoding=\"async\" width=\"1786\" height=\"2560\" data-id=\"503\" src=\"https:\/\/ilustratolka.com\/wp-content\/uploads\/2026\/02\/Ilustracja-1-min-scaled-2.jpg\" alt=\"ilustracje do ksi\u0105\u017cek\" class=\"wp-image-503\" srcset=\"https:\/\/ilustratolka.com\/wp-content\/uploads\/2026\/02\/Ilustracja-1-min-scaled-2.jpg 1786w, https:\/\/ilustratolka.com\/wp-content\/uploads\/2026\/02\/Ilustracja-1-min-scaled-2-209x300.jpg 209w, https:\/\/ilustratolka.com\/wp-content\/uploads\/2026\/02\/Ilustracja-1-min-scaled-2-714x1024.jpg 714w, https:\/\/ilustratolka.com\/wp-content\/uploads\/2026\/02\/Ilustracja-1-min-scaled-2-768x1101.jpg 768w, https:\/\/ilustratolka.com\/wp-content\/uploads\/2026\/02\/Ilustracja-1-min-scaled-2-1072x1536.jpg 1072w, https:\/\/ilustratolka.com\/wp-content\/uploads\/2026\/02\/Ilustracja-1-min-scaled-2-1429x2048.jpg 1429w, https:\/\/ilustratolka.com\/wp-content\/uploads\/2026\/02\/Ilustracja-1-min-scaled-2-8x12.jpg 8w\" sizes=\"auto, (max-width: 1786px) 100vw, 1786px\" \/><\/figure>\n<\/figure>\n<\/div><\/div><\/div>\n<\/div><\/div>\n\n\n\n<div class=\"wp-block-stackable-columns stk-block-columns stk-block stk-474f0e1\" data-block-id=\"474f0e1\"><style>.stk-474f0e1 .stk--block-align-474f0e1{align-items:stretch !important;}.stk-474f0e1-column{--stk-column-gap:var(u002du002dstku002du002dpresetu002du002dspacingu002du002d70, 3.38rem) !important;}<\/style><div class=\"stk-row stk-inner-blocks stk--block-align-474f0e1 stk-block-content stk-content-align stk-474f0e1-column\">\n<div class=\"wp-block-stackable-column stk-block-column stk-column stk-block stk-33f14a3\" data-v=\"4\" data-block-id=\"33f14a3\"><style>@media screen and (min-width:690px){.stk-33f14a3 {flex:var(--stk-flex-grow, 1) 1 calc(25% - var(--stk-column-gap, 0px) * 1 \/ 2 ) !important;}}@media screen and (min-width:690px) and (max-width:999px){.stk-33f14a3 {flex:var(--stk-flex-grow, 1) 1 calc(100% - var(--stk-column-gap, 0px) * 0 \/ 1 ) !important;}}<\/style><div class=\"stk-column-wrapper stk-block-column__content stk-container stk-33f14a3-container stk--no-background stk--no-padding\"><div class=\"stk-block-content stk-inner-blocks stk-33f14a3-inner-blocks\">\n<div class=\"wp-block-stackable-text stk-block-text stk-block stk-9b2c2f8 stk-block-background\" data-block-id=\"9b2c2f8\"><style>.stk-9b2c2f8 {background-color:#fad689 !important;}.stk-9b2c2f8:before{background-color:#fad689 !important;}.stk-9b2c2f8 .stk-block-text__text{font-size:16px !important;color:#222222 !important;}@media screen and (max-width:999px){.stk-9b2c2f8 .stk-block-text__text{font-size:16px !important;}}<\/style><p class=\"stk-block-text__text has-text-color\">illustrations for a children book named <strong>Space Fairytales <\/strong><br>(tytu\u0142 roboczy)<br><br>(waiting to be released)<\/p><\/div>\n<\/div><\/div><\/div>\n\n\n\n<div class=\"wp-block-stackable-column stk-block-column stk-column stk-block stk-c1226b1\" data-v=\"4\" data-block-id=\"c1226b1\"><style>@media screen and (min-width:690px){.stk-c1226b1 {flex:var(--stk-flex-grow, 1) 1 calc(75% - var(--stk-column-gap, 0px) * 1 \/ 2 ) !important;}}@media screen and (min-width:690px) and (max-width:999px){.stk-c1226b1 {flex:var(--stk-flex-grow, 1) 1 calc(100% - var(--stk-column-gap, 0px) * 0 \/ 1 ) !important;}}<\/style><div class=\"stk-column-wrapper stk-block-column__content stk-container stk-c1226b1-container stk--no-background stk--no-padding\"><div class=\"stk-block-content stk-inner-blocks stk-c1226b1-inner-blocks\">\n<figure class=\"wp-block-gallery has-nested-images columns-default is-cropped wp-block-gallery-3 is-layout-flex wp-block-gallery-is-layout-flex\">\n<figure class=\"wp-block-image size-full\"><img loading=\"lazy\" decoding=\"async\" width=\"1060\" height=\"1500\" data-id=\"505\" src=\"https:\/\/ilustratolka.com\/wp-content\/uploads\/2026\/02\/rys.-Okladka-tyl.jpg\" alt=\"ilustracje do ksi\u0105\u017cek\" class=\"wp-image-505\" srcset=\"https:\/\/ilustratolka.com\/wp-content\/uploads\/2026\/02\/rys.-Okladka-tyl.jpg 1060w, https:\/\/ilustratolka.com\/wp-content\/uploads\/2026\/02\/rys.-Okladka-tyl-212x300.jpg 212w, https:\/\/ilustratolka.com\/wp-content\/uploads\/2026\/02\/rys.-Okladka-tyl-724x1024.jpg 724w, https:\/\/ilustratolka.com\/wp-content\/uploads\/2026\/02\/rys.-Okladka-tyl-768x1087.jpg 768w, https:\/\/ilustratolka.com\/wp-content\/uploads\/2026\/02\/rys.-Okladka-tyl-8x12.jpg 8w\" sizes=\"auto, (max-width: 1060px) 100vw, 1060px\" \/><\/figure>\n\n\n\n<figure class=\"wp-block-image size-full\"><img loading=\"lazy\" decoding=\"async\" width=\"1060\" height=\"1500\" data-id=\"506\" src=\"https:\/\/ilustratolka.com\/wp-content\/uploads\/2026\/02\/rys.-Okladka-przod.jpg\" alt=\"ilustracje do ksi\u0105\u017cek\" class=\"wp-image-506\" srcset=\"https:\/\/ilustratolka.com\/wp-content\/uploads\/2026\/02\/rys.-Okladka-przod.jpg 1060w, https:\/\/ilustratolka.com\/wp-content\/uploads\/2026\/02\/rys.-Okladka-przod-212x300.jpg 212w, https:\/\/ilustratolka.com\/wp-content\/uploads\/2026\/02\/rys.-Okladka-przod-724x1024.jpg 724w, https:\/\/ilustratolka.com\/wp-content\/uploads\/2026\/02\/rys.-Okladka-przod-768x1087.jpg 768w, https:\/\/ilustratolka.com\/wp-content\/uploads\/2026\/02\/rys.-Okladka-przod-8x12.jpg 8w\" sizes=\"auto, (max-width: 1060px) 100vw, 1060px\" \/><\/figure>\n\n\n\n<figure class=\"wp-block-image size-full\"><img loading=\"lazy\" decoding=\"async\" width=\"1060\" height=\"1500\" data-id=\"507\" src=\"https:\/\/ilustratolka.com\/wp-content\/uploads\/2026\/02\/rys.-3-1.jpg\" alt=\"ilustracje do ksi\u0105\u017cek\" class=\"wp-image-507\" srcset=\"https:\/\/ilustratolka.com\/wp-content\/uploads\/2026\/02\/rys.-3-1.jpg 1060w, https:\/\/ilustratolka.com\/wp-content\/uploads\/2026\/02\/rys.-3-1-212x300.jpg 212w, https:\/\/ilustratolka.com\/wp-content\/uploads\/2026\/02\/rys.-3-1-724x1024.jpg 724w, https:\/\/ilustratolka.com\/wp-content\/uploads\/2026\/02\/rys.-3-1-768x1087.jpg 768w, https:\/\/ilustratolka.com\/wp-content\/uploads\/2026\/02\/rys.-3-1-8x12.jpg 8w\" sizes=\"auto, (max-width: 1060px) 100vw, 1060px\" \/><\/figure>\n<\/figure>\n<\/div><\/div><\/div>\n<\/div><\/div>","protected":false},"excerpt":{"rendered":"<p>rysunki do ksi\u0105\u017cki Ice cream for undertakers autor: Aleksander Chlebowski Polska 2020 rysunki do ksi\u0105\u017cki dla dzieci Mucha i Paj\u0105czek autor: Jeremi Bartosiak ksi\u0105\u017cka wydana przez Wydawnictwo BBK Polska 2018 rysunki do ksi\u0105\u017cki dla dzieci Kosmiczne Ba\u015bnie (tytu\u0142 roboczy) (oczekuje na wydanie)<\/p>","protected":false},"author":1,"featured_media":0,"parent":0,"menu_order":0,"comment_status":"closed","ping_status":"closed","template":"","meta":{"footnotes":""},"class_list":["post-166","page","type-page","status-publish","hentry"],"blocksy_meta":{"disable_header":"no","background":{"background_type":"color","background_pattern":"type-1","background_image":{"attachment_id":null,"x":0,"y":0},"gradient":"linear-gradient(135deg,rgba(6,147,227,1) 0%,rgb(155,81,224) 100%)","background_repeat":"repeat","background_size":"auto","background_attachment":"scroll","patternColor":{"default":{"color":"#e5e7ea"}},"overlayColor":{"default":{"color":"CT_CSS_SKIP_RULE"}},"backgroundColor":{"default":{"color":"var(--theme-palette-color-8)"}}},"styles_descriptor":{"styles":{"desktop":"[data-prefix=\"single_page\"] {background-color:var(--theme-palette-color-8);background-image:none;}","tablet":"","mobile":""},"google_fonts":[],"version":6},"page_structure_type":"type-4","has_hero_section":"default","hero_section":"type-2","hero_elements":[{"id":"custom_title","enabled":true,"heading_tag":"h1","title":"Strona g\u0142\u00f3wna","__id":"aCK7yzBXs7s2IaPti_FNe"},{"id":"custom_description","enabled":false,"description_visibility":{"desktop":true,"tablet":true,"mobile":false},"__id":"V_F0gWw0McDY6C8Vhzkzt"},{"id":"custom_meta","enabled":false,"meta_elements":[{"id":"author","enabled":true,"label":"Przez","has_author_avatar":"yes","avatar_size":25},{"id":"post_date","enabled":true,"label":"W\u0142\u0105cz","date_format_source":"default","date_format":"M j, Y"},{"id":"updated_date","enabled":false,"label":"W\u0142\u0105cz","date_format_source":"default","date_format":"M j, Y"},{"id":"categories","enabled":false,"label":"W","style":"simple"},{"id":"comments","enabled":true}],"page_meta_elements":{"joined":true,"articles_count":true,"comments":true},"__id":"yp-s6pDPI95eFB-Hy-HXx"},{"id":"breadcrumbs","enabled":true,"__id":"ode-NhoZMkMuQfjua7MOo"}],"breadcrumbsFontColor":{"default":{"color":"#222222"},"initial":{"color":"#fad689"},"hover":{"color":"#fad689"}},"pageTitleBackground":{"background_type":"color","background_pattern":"type-1","background_image":{"attachment_id":null,"x":0,"y":0},"gradient":"linear-gradient(135deg,rgba(6,147,227,1) 0%,rgb(155,81,224) 100%)","background_repeat":"repeat","background_size":"auto","background_attachment":"scroll","patternColor":{"default":{"color":"#e5e7ea"}},"overlayColor":{"default":{"color":"CT_CSS_SKIP_RULE"}},"backgroundColor":{"default":{"color":"#fdfdfd"}}},"pageTitleFontColor":{"default":{"color":"var(--theme-palette-color-3)"}}},"_links":{"self":[{"href":"https:\/\/ilustratolka.com\/en\/wp-json\/wp\/v2\/pages\/166","targetHints":{"allow":["GET"]}}],"collection":[{"href":"https:\/\/ilustratolka.com\/en\/wp-json\/wp\/v2\/pages"}],"about":[{"href":"https:\/\/ilustratolka.com\/en\/wp-json\/wp\/v2\/types\/page"}],"author":[{"embeddable":true,"href":"https:\/\/ilustratolka.com\/en\/wp-json\/wp\/v2\/users\/1"}],"replies":[{"embeddable":true,"href":"https:\/\/ilustratolka.com\/en\/wp-json\/wp\/v2\/comments?post=166"}],"version-history":[{"count":4,"href":"https:\/\/ilustratolka.com\/en\/wp-json\/wp\/v2\/pages\/166\/revisions"}],"predecessor-version":[{"id":612,"href":"https:\/\/ilustratolka.com\/en\/wp-json\/wp\/v2\/pages\/166\/revisions\/612"}],"wp:attachment":[{"href":"https:\/\/ilustratolka.com\/en\/wp-json\/wp\/v2\/media?parent=166"}],"curies":[{"name":"wp","href":"https:\/\/api.w.org\/{rel}","templated":true}]}}