{"id":179,"date":"2026-02-24T15:04:56","date_gmt":"2026-02-24T14:04:56","guid":{"rendered":"https:\/\/k-walek.pl\/ilustratolka\/?page_id=179"},"modified":"2026-03-02T12:40:47","modified_gmt":"2026-03-02T11:40:47","slug":"okladki","status":"publish","type":"page","link":"https:\/\/ilustratolka.com\/en\/okladki\/","title":{"rendered":"Covers"},"content":{"rendered":"<div class=\"wp-block-stackable-columns stk-block-columns stk-block stk-65aacdf\" data-block-id=\"65aacdf\"><style>.stk-65aacdf .stk--block-align-65aacdf{align-items:stretch !important;}.stk-65aacdf-column{--stk-column-gap:var(u002du002dstku002du002dpresetu002du002dspacingu002du002d70, 3.38rem) !important;}<\/style><div class=\"stk-row stk-inner-blocks stk--block-align-65aacdf stk-block-content stk-content-align stk-65aacdf-column\">\n<div class=\"wp-block-stackable-column stk-block-column stk-column stk-block stk-981b547\" data-v=\"4\" data-block-id=\"981b547\"><div class=\"stk-column-wrapper stk-block-column__content stk-container stk-981b547-container stk--no-background stk--no-padding\"><div class=\"stk-block-content stk-inner-blocks stk-981b547-inner-blocks\">\n<figure class=\"wp-block-gallery has-nested-images columns-default is-cropped wp-block-gallery-1 is-layout-flex wp-block-gallery-is-layout-flex\">\n<figure class=\"wp-block-image size-full\"><img loading=\"lazy\" decoding=\"async\" width=\"1066\" height=\"1500\" data-id=\"185\" src=\"https:\/\/ilustratolka.com\/wp-content\/uploads\/2026\/02\/Niegrzeczna-Antologia-okladka-RGB-do-internetu.jpg\" alt=\"ok\u0142adki\" class=\"wp-image-185\" srcset=\"https:\/\/ilustratolka.com\/wp-content\/uploads\/2026\/02\/Niegrzeczna-Antologia-okladka-RGB-do-internetu.jpg 1066w, https:\/\/ilustratolka.com\/wp-content\/uploads\/2026\/02\/Niegrzeczna-Antologia-okladka-RGB-do-internetu-213x300.jpg 213w, https:\/\/ilustratolka.com\/wp-content\/uploads\/2026\/02\/Niegrzeczna-Antologia-okladka-RGB-do-internetu-728x1024.jpg 728w, https:\/\/ilustratolka.com\/wp-content\/uploads\/2026\/02\/Niegrzeczna-Antologia-okladka-RGB-do-internetu-768x1081.jpg 768w\" sizes=\"auto, (max-width: 1066px) 100vw, 1066px\" \/><\/figure>\n\n\n\n<figure class=\"wp-block-image size-full\"><img loading=\"lazy\" decoding=\"async\" width=\"1000\" height=\"1403\" data-id=\"181\" src=\"https:\/\/ilustratolka.com\/wp-content\/uploads\/2026\/02\/Cover-1.jpg\" alt=\"ok\u0142adki\" class=\"wp-image-181\" srcset=\"https:\/\/ilustratolka.com\/wp-content\/uploads\/2026\/02\/Cover-1.jpg 1000w, https:\/\/ilustratolka.com\/wp-content\/uploads\/2026\/02\/Cover-1-214x300.jpg 214w, https:\/\/ilustratolka.com\/wp-content\/uploads\/2026\/02\/Cover-1-730x1024.jpg 730w, https:\/\/ilustratolka.com\/wp-content\/uploads\/2026\/02\/Cover-1-768x1078.jpg 768w\" sizes=\"auto, (max-width: 1000px) 100vw, 1000px\" \/><\/figure>\n\n\n\n<figure class=\"wp-block-image size-full\"><img loading=\"lazy\" decoding=\"async\" width=\"1069\" height=\"1500\" data-id=\"187\" src=\"https:\/\/ilustratolka.com\/wp-content\/uploads\/2026\/02\/Cover-3mm-of-bleed-kopia.jpg\" alt=\"ok\u0142adki\" class=\"wp-image-187\" srcset=\"https:\/\/ilustratolka.com\/wp-content\/uploads\/2026\/02\/Cover-3mm-of-bleed-kopia.jpg 1069w, https:\/\/ilustratolka.com\/wp-content\/uploads\/2026\/02\/Cover-3mm-of-bleed-kopia-214x300.jpg 214w, https:\/\/ilustratolka.com\/wp-content\/uploads\/2026\/02\/Cover-3mm-of-bleed-kopia-730x1024.jpg 730w, https:\/\/ilustratolka.com\/wp-content\/uploads\/2026\/02\/Cover-3mm-of-bleed-kopia-768x1078.jpg 768w\" sizes=\"auto, (max-width: 1069px) 100vw, 1069px\" \/><\/figure>\n\n\n\n<figure class=\"wp-block-image size-full\"><img loading=\"lazy\" decoding=\"async\" width=\"833\" height=\"1200\" data-id=\"184\" src=\"https:\/\/ilustratolka.com\/wp-content\/uploads\/2026\/02\/Okladka-1.jpg\" alt=\"ok\u0142adki\" class=\"wp-image-184\" srcset=\"https:\/\/ilustratolka.com\/wp-content\/uploads\/2026\/02\/Okladka-1.jpg 833w, https:\/\/ilustratolka.com\/wp-content\/uploads\/2026\/02\/Okladka-1-208x300.jpg 208w, https:\/\/ilustratolka.com\/wp-content\/uploads\/2026\/02\/Okladka-1-711x1024.jpg 711w, https:\/\/ilustratolka.com\/wp-content\/uploads\/2026\/02\/Okladka-1-768x1106.jpg 768w\" sizes=\"auto, (max-width: 833px) 100vw, 833px\" \/><\/figure>\n\n\n\n<figure class=\"wp-block-image size-full\"><img loading=\"lazy\" decoding=\"async\" width=\"778\" height=\"1200\" data-id=\"180\" src=\"https:\/\/ilustratolka.com\/wp-content\/uploads\/2026\/02\/0.-Merciless-vol.-2-okladka-przednia.jpg\" alt=\"ok\u0142adki\" class=\"wp-image-180\" srcset=\"https:\/\/ilustratolka.com\/wp-content\/uploads\/2026\/02\/0.-Merciless-vol.-2-okladka-przednia.jpg 778w, https:\/\/ilustratolka.com\/wp-content\/uploads\/2026\/02\/0.-Merciless-vol.-2-okladka-przednia-195x300.jpg 195w, https:\/\/ilustratolka.com\/wp-content\/uploads\/2026\/02\/0.-Merciless-vol.-2-okladka-przednia-664x1024.jpg 664w, https:\/\/ilustratolka.com\/wp-content\/uploads\/2026\/02\/0.-Merciless-vol.-2-okladka-przednia-768x1185.jpg 768w\" sizes=\"auto, (max-width: 778px) 100vw, 778px\" \/><\/figure>\n\n\n\n<figure class=\"wp-block-image size-full\"><img loading=\"lazy\" decoding=\"async\" width=\"1500\" height=\"2284\" data-id=\"183\" src=\"https:\/\/ilustratolka.com\/wp-content\/uploads\/2026\/02\/MERCILESS_VOL3_GRAPHIC_NOVEL_CVR_SMALL.jpg\" alt=\"ok\u0142adki\" class=\"wp-image-183\" srcset=\"https:\/\/ilustratolka.com\/wp-content\/uploads\/2026\/02\/MERCILESS_VOL3_GRAPHIC_NOVEL_CVR_SMALL.jpg 1500w, https:\/\/ilustratolka.com\/wp-content\/uploads\/2026\/02\/MERCILESS_VOL3_GRAPHIC_NOVEL_CVR_SMALL-197x300.jpg 197w, https:\/\/ilustratolka.com\/wp-content\/uploads\/2026\/02\/MERCILESS_VOL3_GRAPHIC_NOVEL_CVR_SMALL-673x1024.jpg 673w, https:\/\/ilustratolka.com\/wp-content\/uploads\/2026\/02\/MERCILESS_VOL3_GRAPHIC_NOVEL_CVR_SMALL-768x1169.jpg 768w, https:\/\/ilustratolka.com\/wp-content\/uploads\/2026\/02\/MERCILESS_VOL3_GRAPHIC_NOVEL_CVR_SMALL-1009x1536.jpg 1009w, https:\/\/ilustratolka.com\/wp-content\/uploads\/2026\/02\/MERCILESS_VOL3_GRAPHIC_NOVEL_CVR_SMALL-1345x2048.jpg 1345w\" sizes=\"auto, (max-width: 1500px) 100vw, 1500px\" \/><\/figure>\n\n\n\n<figure class=\"wp-block-image size-full\"><img loading=\"lazy\" decoding=\"async\" width=\"1725\" height=\"2560\" data-id=\"186\" src=\"https:\/\/ilustratolka.com\/wp-content\/uploads\/2026\/02\/Aleks1-scaled-1.jpg\" alt=\"ok\u0142adki\" class=\"wp-image-186\" srcset=\"https:\/\/ilustratolka.com\/wp-content\/uploads\/2026\/02\/Aleks1-scaled-1.jpg 1725w, https:\/\/ilustratolka.com\/wp-content\/uploads\/2026\/02\/Aleks1-scaled-1-202x300.jpg 202w, https:\/\/ilustratolka.com\/wp-content\/uploads\/2026\/02\/Aleks1-scaled-1-690x1024.jpg 690w, https:\/\/ilustratolka.com\/wp-content\/uploads\/2026\/02\/Aleks1-scaled-1-768x1140.jpg 768w, https:\/\/ilustratolka.com\/wp-content\/uploads\/2026\/02\/Aleks1-scaled-1-1035x1536.jpg 1035w, https:\/\/ilustratolka.com\/wp-content\/uploads\/2026\/02\/Aleks1-scaled-1-1380x2048.jpg 1380w\" sizes=\"auto, (max-width: 1725px) 100vw, 1725px\" \/><\/figure>\n\n\n\n<figure class=\"wp-block-image size-full\"><img loading=\"lazy\" decoding=\"async\" width=\"1032\" height=\"1575\" data-id=\"182\" src=\"https:\/\/ilustratolka.com\/wp-content\/uploads\/2026\/02\/Unreal-Tournament-1-Digital-Copy-compressed_1-1.jpg\" alt=\"ok\u0142adki\" class=\"wp-image-182\" srcset=\"https:\/\/ilustratolka.com\/wp-content\/uploads\/2026\/02\/Unreal-Tournament-1-Digital-Copy-compressed_1-1.jpg 1032w, https:\/\/ilustratolka.com\/wp-content\/uploads\/2026\/02\/Unreal-Tournament-1-Digital-Copy-compressed_1-1-197x300.jpg 197w, https:\/\/ilustratolka.com\/wp-content\/uploads\/2026\/02\/Unreal-Tournament-1-Digital-Copy-compressed_1-1-671x1024.jpg 671w, https:\/\/ilustratolka.com\/wp-content\/uploads\/2026\/02\/Unreal-Tournament-1-Digital-Copy-compressed_1-1-768x1172.jpg 768w, https:\/\/ilustratolka.com\/wp-content\/uploads\/2026\/02\/Unreal-Tournament-1-Digital-Copy-compressed_1-1-1006x1536.jpg 1006w\" sizes=\"auto, (max-width: 1032px) 100vw, 1032px\" \/><\/figure>\n<\/figure>\n<\/div><\/div><\/div>\n<\/div><\/div>","protected":false},"excerpt":{"rendered":"","protected":false},"author":1,"featured_media":0,"parent":0,"menu_order":0,"comment_status":"closed","ping_status":"closed","template":"","meta":{"footnotes":""},"class_list":["post-179","page","type-page","status-publish","hentry"],"blocksy_meta":{"disable_header":"no","background":{"background_type":"color","background_pattern":"type-1","background_image":{"attachment_id":null,"x":0,"y":0},"gradient":"linear-gradient(135deg,rgba(6,147,227,1) 0%,rgb(155,81,224) 100%)","background_repeat":"repeat","background_size":"auto","background_attachment":"scroll","patternColor":{"default":{"color":"#e5e7ea"}},"overlayColor":{"default":{"color":"CT_CSS_SKIP_RULE"}},"backgroundColor":{"default":{"color":"var(--theme-palette-color-8)"}}},"styles_descriptor":{"styles":{"desktop":"[data-prefix=\"single_page\"] {background-color:var(--theme-palette-color-8);background-image:none;}","tablet":"","mobile":""},"google_fonts":[],"version":6},"page_structure_type":"type-4","has_hero_section":"default","hero_section":"type-2","hero_elements":[{"id":"custom_title","enabled":true,"heading_tag":"h1","title":"Strona g\u0142\u00f3wna","__id":"aCK7yzBXs7s2IaPti_FNe"},{"id":"custom_description","enabled":false,"description_visibility":{"desktop":true,"tablet":true,"mobile":false},"__id":"V_F0gWw0McDY6C8Vhzkzt"},{"id":"custom_meta","enabled":false,"meta_elements":[{"id":"author","enabled":true,"label":"Przez","has_author_avatar":"yes","avatar_size":25},{"id":"post_date","enabled":true,"label":"W\u0142\u0105cz","date_format_source":"default","date_format":"M j, Y"},{"id":"updated_date","enabled":false,"label":"W\u0142\u0105cz","date_format_source":"default","date_format":"M j, Y"},{"id":"categories","enabled":false,"label":"W","style":"simple"},{"id":"comments","enabled":true}],"page_meta_elements":{"joined":true,"articles_count":true,"comments":true},"__id":"yp-s6pDPI95eFB-Hy-HXx"},{"id":"breadcrumbs","enabled":true,"__id":"ode-NhoZMkMuQfjua7MOo"}],"breadcrumbsFontColor":{"default":{"color":"var(--theme-palette-color-7)"},"initial":{"color":"#fad689"},"hover":{"color":"#fad689"}},"pageTitleBackground":{"background_type":"color","background_pattern":"type-1","background_image":{"attachment_id":null,"x":0,"y":0},"gradient":"linear-gradient(135deg,rgba(6,147,227,1) 0%,rgb(155,81,224) 100%)","background_repeat":"repeat","background_size":"auto","background_attachment":"scroll","patternColor":{"default":{"color":"#e5e7ea"}},"overlayColor":{"default":{"color":"CT_CSS_SKIP_RULE"}},"backgroundColor":{"default":{"color":"#222222"}}},"pageTitleFontColor":{"default":{"color":"#fad689"}}},"_links":{"self":[{"href":"https:\/\/ilustratolka.com\/en\/wp-json\/wp\/v2\/pages\/179","targetHints":{"allow":["GET"]}}],"collection":[{"href":"https:\/\/ilustratolka.com\/en\/wp-json\/wp\/v2\/pages"}],"about":[{"href":"https:\/\/ilustratolka.com\/en\/wp-json\/wp\/v2\/types\/page"}],"author":[{"embeddable":true,"href":"https:\/\/ilustratolka.com\/en\/wp-json\/wp\/v2\/users\/1"}],"replies":[{"embeddable":true,"href":"https:\/\/ilustratolka.com\/en\/wp-json\/wp\/v2\/comments?post=179"}],"version-history":[{"count":3,"href":"https:\/\/ilustratolka.com\/en\/wp-json\/wp\/v2\/pages\/179\/revisions"}],"predecessor-version":[{"id":622,"href":"https:\/\/ilustratolka.com\/en\/wp-json\/wp\/v2\/pages\/179\/revisions\/622"}],"wp:attachment":[{"href":"https:\/\/ilustratolka.com\/en\/wp-json\/wp\/v2\/media?parent=179"}],"curies":[{"name":"wp","href":"https:\/\/api.w.org\/{rel}","templated":true}]}}