{"id":200,"date":"2026-02-25T10:27:37","date_gmt":"2026-02-25T09:27:37","guid":{"rendered":"https:\/\/k-walek.pl\/ilustratolka\/?page_id=200"},"modified":"2026-03-05T08:08:32","modified_gmt":"2026-03-05T07:08:32","slug":"logo-i-ksiega-znaku","status":"publish","type":"page","link":"https:\/\/ilustratolka.com\/en\/logo-i-ksiega-znaku\/","title":{"rendered":"Logo &amp; brand books"},"content":{"rendered":"<div class=\"wp-block-stackable-columns stk-block-columns stk-block stk-65aacdf\" data-block-id=\"65aacdf\"><style>.stk-65aacdf .stk--block-align-65aacdf{align-items:stretch !important;}.stk-65aacdf-column{--stk-column-gap:var(u002du002dstku002du002dpresetu002du002dspacingu002du002d70, 3.38rem) !important;}<\/style><div class=\"stk-row stk-inner-blocks stk--block-align-65aacdf stk-block-content stk-content-align stk-65aacdf-column\">\n<div class=\"wp-block-stackable-column stk-block-column stk-column stk-block stk-981b547\" data-v=\"4\" data-block-id=\"981b547\"><style>@media screen and (min-width:690px){.stk-981b547 {flex:var(--stk-flex-grow, 1) 1 calc(25% - var(--stk-column-gap, 0px) * 1 \/ 2 ) !important;}}@media screen and (min-width:690px) and (max-width:999px){.stk-981b547 {flex:var(--stk-flex-grow, 1) 1 calc(100% - var(--stk-column-gap, 0px) * 0 \/ 1 ) !important;}}<\/style><div class=\"stk-column-wrapper stk-block-column__content stk-container stk-981b547-container stk--no-background stk--no-padding\"><div class=\"stk-block-content stk-inner-blocks stk-981b547-inner-blocks\">\n<div class=\"wp-block-stackable-text stk-block-text stk-block stk-4b0256d stk-block-background\" data-block-id=\"4b0256d\"><style>.stk-4b0256d {background-color:#fad689 !important;}.stk-4b0256d:before{background-color:#fad689 !important;}.stk-4b0256d .stk-block-text__text{font-size:16px !important;color:#222222 !important;}@media screen and (max-width:999px){.stk-4b0256d .stk-block-text__text{font-size:16px !important;}}<\/style><p class=\"stk-block-text__text has-text-color\"><strong>CZUBACKI back to be gorgeous<\/strong><br><br>Logo and brand book (fragment) for a clothing brand which make all new products using second-hand fabrics and clothes<\/p><\/div>\n<\/div><\/div><\/div>\n\n\n\n<div class=\"wp-block-stackable-column stk-block-column stk-column stk-block stk-e5dbf2a\" data-v=\"4\" data-block-id=\"e5dbf2a\"><style>@media screen and (min-width:690px){.stk-e5dbf2a {flex:var(--stk-flex-grow, 1) 1 calc(75% - var(--stk-column-gap, 0px) * 1 \/ 2 ) !important;}}@media screen and (min-width:690px) and (max-width:999px){.stk-e5dbf2a {flex:var(--stk-flex-grow, 1) 1 calc(100% - var(--stk-column-gap, 0px) * 0 \/ 1 ) !important;}}<\/style><div class=\"stk-column-wrapper stk-block-column__content stk-container stk-e5dbf2a-container stk--no-background stk--no-padding\"><div class=\"stk-block-content stk-inner-blocks stk-e5dbf2a-inner-blocks\">\n<figure class=\"wp-block-gallery has-nested-images columns-default wp-block-gallery-1 is-layout-flex wp-block-gallery-is-layout-flex\">\n<figure class=\"wp-block-image size-full\"><img loading=\"lazy\" decoding=\"async\" width=\"1080\" height=\"1080\" data-id=\"512\" src=\"https:\/\/ilustratolka.com\/wp-content\/uploads\/2026\/02\/LOGO-Przemyslaw-Czubacki-3.jpg\" alt=\"logo i ksi\u0119ga znaku\" class=\"wp-image-512\" srcset=\"https:\/\/ilustratolka.com\/wp-content\/uploads\/2026\/02\/LOGO-Przemyslaw-Czubacki-3.jpg 1080w, https:\/\/ilustratolka.com\/wp-content\/uploads\/2026\/02\/LOGO-Przemyslaw-Czubacki-3-300x300.jpg 300w, https:\/\/ilustratolka.com\/wp-content\/uploads\/2026\/02\/LOGO-Przemyslaw-Czubacki-3-1024x1024.jpg 1024w, https:\/\/ilustratolka.com\/wp-content\/uploads\/2026\/02\/LOGO-Przemyslaw-Czubacki-3-150x150.jpg 150w, https:\/\/ilustratolka.com\/wp-content\/uploads\/2026\/02\/LOGO-Przemyslaw-Czubacki-3-768x768.jpg 768w, https:\/\/ilustratolka.com\/wp-content\/uploads\/2026\/02\/LOGO-Przemyslaw-Czubacki-3-12x12.jpg 12w\" sizes=\"auto, (max-width: 1080px) 100vw, 1080px\" \/><\/figure>\n\n\n\n<figure class=\"wp-block-image size-full\"><img loading=\"lazy\" decoding=\"async\" width=\"1080\" height=\"1080\" data-id=\"514\" src=\"https:\/\/ilustratolka.com\/wp-content\/uploads\/2026\/02\/METKA.jpg\" alt=\"logo i ksi\u0119ga znaku\" class=\"wp-image-514\" srcset=\"https:\/\/ilustratolka.com\/wp-content\/uploads\/2026\/02\/METKA.jpg 1080w, https:\/\/ilustratolka.com\/wp-content\/uploads\/2026\/02\/METKA-300x300.jpg 300w, https:\/\/ilustratolka.com\/wp-content\/uploads\/2026\/02\/METKA-1024x1024.jpg 1024w, https:\/\/ilustratolka.com\/wp-content\/uploads\/2026\/02\/METKA-150x150.jpg 150w, https:\/\/ilustratolka.com\/wp-content\/uploads\/2026\/02\/METKA-768x768.jpg 768w, https:\/\/ilustratolka.com\/wp-content\/uploads\/2026\/02\/METKA-12x12.jpg 12w\" sizes=\"auto, (max-width: 1080px) 100vw, 1080px\" \/><\/figure>\n\n\n\n<figure class=\"wp-block-image size-full\"><img loading=\"lazy\" decoding=\"async\" width=\"1825\" height=\"2560\" data-id=\"511\" src=\"https:\/\/ilustratolka.com\/wp-content\/uploads\/2026\/02\/Brand-Book-MTS-safety-protection-6-scaled-1.jpg\" alt=\"logo i ksi\u0119ga znaku\" class=\"wp-image-511\" srcset=\"https:\/\/ilustratolka.com\/wp-content\/uploads\/2026\/02\/Brand-Book-MTS-safety-protection-6-scaled-1.jpg 1825w, https:\/\/ilustratolka.com\/wp-content\/uploads\/2026\/02\/Brand-Book-MTS-safety-protection-6-scaled-1-214x300.jpg 214w, https:\/\/ilustratolka.com\/wp-content\/uploads\/2026\/02\/Brand-Book-MTS-safety-protection-6-scaled-1-730x1024.jpg 730w, https:\/\/ilustratolka.com\/wp-content\/uploads\/2026\/02\/Brand-Book-MTS-safety-protection-6-scaled-1-768x1077.jpg 768w, https:\/\/ilustratolka.com\/wp-content\/uploads\/2026\/02\/Brand-Book-MTS-safety-protection-6-scaled-1-1095x1536.jpg 1095w, https:\/\/ilustratolka.com\/wp-content\/uploads\/2026\/02\/Brand-Book-MTS-safety-protection-6-scaled-1-1460x2048.jpg 1460w, https:\/\/ilustratolka.com\/wp-content\/uploads\/2026\/02\/Brand-Book-MTS-safety-protection-6-scaled-1-9x12.jpg 9w\" sizes=\"auto, (max-width: 1825px) 100vw, 1825px\" \/><\/figure>\n<\/figure>\n<\/div><\/div><\/div>\n<\/div><\/div>\n\n\n\n<div class=\"wp-block-stackable-columns stk-block-columns stk-block stk-0b3a8b9\" data-block-id=\"0b3a8b9\"><style>.stk-0b3a8b9 .stk--block-align-0b3a8b9{align-items:stretch !important;}.stk-0b3a8b9-column{--stk-column-gap:var(u002du002dstku002du002dpresetu002du002dspacingu002du002d70, 3.38rem) !important;}<\/style><div class=\"stk-row stk-inner-blocks stk--block-align-0b3a8b9 stk-block-content stk-content-align stk-0b3a8b9-column\">\n<div class=\"wp-block-stackable-column stk-block-column stk-column stk-block stk-d755e0c\" data-v=\"4\" data-block-id=\"d755e0c\"><style>@media screen and (min-width:690px){.stk-d755e0c {flex:var(--stk-flex-grow, 1) 1 calc(25% - var(--stk-column-gap, 0px) * 1 \/ 2 ) !important;}}@media screen and (min-width:690px) and (max-width:999px){.stk-d755e0c {flex:var(--stk-flex-grow, 1) 1 calc(100% - var(--stk-column-gap, 0px) * 0 \/ 1 ) !important;}}<\/style><div class=\"stk-column-wrapper stk-block-column__content stk-container stk-d755e0c-container stk--no-background stk--no-padding\"><div class=\"stk-block-content stk-inner-blocks stk-d755e0c-inner-blocks\">\n<div class=\"wp-block-stackable-text stk-block-text stk-block stk-a94f0cf stk-block-background\" data-block-id=\"a94f0cf\"><style>.stk-a94f0cf {background-color:#fad689 !important;}.stk-a94f0cf:before{background-color:#fad689 !important;}.stk-a94f0cf .stk-block-text__text{font-size:16px !important;color:#222222 !important;}@media screen and (max-width:999px){.stk-a94f0cf .stk-block-text__text{font-size:16px !important;}}<\/style><p class=\"stk-block-text__text has-text-color\"><strong>MTS safety &amp; protection<\/strong><br><br>Logo and brand book (fragment) for a company which produces hygienic products<\/p><\/div>\n<\/div><\/div><\/div>\n\n\n\n<div class=\"wp-block-stackable-column stk-block-column stk-column stk-block stk-eb13104\" data-v=\"4\" data-block-id=\"eb13104\"><style>@media screen and (min-width:690px){.stk-eb13104 {flex:var(--stk-flex-grow, 1) 1 calc(75% - var(--stk-column-gap, 0px) * 1 \/ 2 ) !important;}}@media screen and (min-width:690px) and (max-width:999px){.stk-eb13104 {flex:var(--stk-flex-grow, 1) 1 calc(100% - var(--stk-column-gap, 0px) * 0 \/ 1 ) !important;}}<\/style><div class=\"stk-column-wrapper stk-block-column__content stk-container stk-eb13104-container stk--no-background stk--no-padding\"><div class=\"stk-block-content stk-inner-blocks stk-eb13104-inner-blocks\">\n<figure class=\"wp-block-gallery has-nested-images columns-default is-cropped wp-block-gallery-2 is-layout-flex wp-block-gallery-is-layout-flex\">\n<figure class=\"wp-block-image size-full\"><img loading=\"lazy\" decoding=\"async\" width=\"1825\" height=\"2560\" data-id=\"515\" src=\"https:\/\/ilustratolka.com\/wp-content\/uploads\/2026\/02\/Brand-Book-MTS-safety-protection-5-scaled-1.jpg\" alt=\"logo i ksi\u0119ga znaku\" class=\"wp-image-515\" srcset=\"https:\/\/ilustratolka.com\/wp-content\/uploads\/2026\/02\/Brand-Book-MTS-safety-protection-5-scaled-1.jpg 1825w, https:\/\/ilustratolka.com\/wp-content\/uploads\/2026\/02\/Brand-Book-MTS-safety-protection-5-scaled-1-214x300.jpg 214w, https:\/\/ilustratolka.com\/wp-content\/uploads\/2026\/02\/Brand-Book-MTS-safety-protection-5-scaled-1-730x1024.jpg 730w, https:\/\/ilustratolka.com\/wp-content\/uploads\/2026\/02\/Brand-Book-MTS-safety-protection-5-scaled-1-768x1077.jpg 768w, https:\/\/ilustratolka.com\/wp-content\/uploads\/2026\/02\/Brand-Book-MTS-safety-protection-5-scaled-1-1095x1536.jpg 1095w, https:\/\/ilustratolka.com\/wp-content\/uploads\/2026\/02\/Brand-Book-MTS-safety-protection-5-scaled-1-1460x2048.jpg 1460w, https:\/\/ilustratolka.com\/wp-content\/uploads\/2026\/02\/Brand-Book-MTS-safety-protection-5-scaled-1-9x12.jpg 9w\" sizes=\"auto, (max-width: 1825px) 100vw, 1825px\" \/><\/figure>\n\n\n\n<figure class=\"wp-block-image size-full\"><img loading=\"lazy\" decoding=\"async\" width=\"1825\" height=\"2560\" data-id=\"511\" src=\"https:\/\/ilustratolka.com\/wp-content\/uploads\/2026\/02\/Brand-Book-MTS-safety-protection-6-scaled-1.jpg\" alt=\"logo i ksi\u0119ga znaku\" class=\"wp-image-511\" srcset=\"https:\/\/ilustratolka.com\/wp-content\/uploads\/2026\/02\/Brand-Book-MTS-safety-protection-6-scaled-1.jpg 1825w, https:\/\/ilustratolka.com\/wp-content\/uploads\/2026\/02\/Brand-Book-MTS-safety-protection-6-scaled-1-214x300.jpg 214w, https:\/\/ilustratolka.com\/wp-content\/uploads\/2026\/02\/Brand-Book-MTS-safety-protection-6-scaled-1-730x1024.jpg 730w, https:\/\/ilustratolka.com\/wp-content\/uploads\/2026\/02\/Brand-Book-MTS-safety-protection-6-scaled-1-768x1077.jpg 768w, https:\/\/ilustratolka.com\/wp-content\/uploads\/2026\/02\/Brand-Book-MTS-safety-protection-6-scaled-1-1095x1536.jpg 1095w, https:\/\/ilustratolka.com\/wp-content\/uploads\/2026\/02\/Brand-Book-MTS-safety-protection-6-scaled-1-1460x2048.jpg 1460w, https:\/\/ilustratolka.com\/wp-content\/uploads\/2026\/02\/Brand-Book-MTS-safety-protection-6-scaled-1-9x12.jpg 9w\" sizes=\"auto, (max-width: 1825px) 100vw, 1825px\" \/><\/figure>\n\n\n\n<figure class=\"wp-block-image size-full\"><img loading=\"lazy\" decoding=\"async\" width=\"1825\" height=\"2560\" data-id=\"548\" src=\"https:\/\/ilustratolka.com\/wp-content\/uploads\/2026\/02\/Brand-Book-MTS-safety-protection-12-scaled-1.jpg\" alt=\"\" class=\"wp-image-548\" srcset=\"https:\/\/ilustratolka.com\/wp-content\/uploads\/2026\/02\/Brand-Book-MTS-safety-protection-12-scaled-1.jpg 1825w, https:\/\/ilustratolka.com\/wp-content\/uploads\/2026\/02\/Brand-Book-MTS-safety-protection-12-scaled-1-214x300.jpg 214w, https:\/\/ilustratolka.com\/wp-content\/uploads\/2026\/02\/Brand-Book-MTS-safety-protection-12-scaled-1-730x1024.jpg 730w, https:\/\/ilustratolka.com\/wp-content\/uploads\/2026\/02\/Brand-Book-MTS-safety-protection-12-scaled-1-768x1077.jpg 768w, https:\/\/ilustratolka.com\/wp-content\/uploads\/2026\/02\/Brand-Book-MTS-safety-protection-12-scaled-1-1095x1536.jpg 1095w, https:\/\/ilustratolka.com\/wp-content\/uploads\/2026\/02\/Brand-Book-MTS-safety-protection-12-scaled-1-1460x2048.jpg 1460w, https:\/\/ilustratolka.com\/wp-content\/uploads\/2026\/02\/Brand-Book-MTS-safety-protection-12-scaled-1-9x12.jpg 9w\" sizes=\"auto, (max-width: 1825px) 100vw, 1825px\" \/><\/figure>\n<\/figure>\n<\/div><\/div><\/div>\n<\/div><\/div>","protected":false},"excerpt":{"rendered":"<p>CZUBACKI back to be gorgeous Logo i ksi\u0119ga znaku (fragm.) dla marki odzie\u017cowej, kt\u00f3ra tworzy nowe produkty z u\u017cywanych ubra\u0144 i materia\u0142\u00f3w MTS safety &amp; protection Logo i ksi\u0119ga znaku (fragm.) dla firmy zajmuj\u0105cej si\u0119 produkcj\u0105 \u015brodk\u00f3w higienicznych<\/p>","protected":false},"author":1,"featured_media":0,"parent":0,"menu_order":0,"comment_status":"closed","ping_status":"closed","template":"","meta":{"footnotes":""},"class_list":["post-200","page","type-page","status-publish","hentry"],"blocksy_meta":{"disable_header":"no","background":{"background_type":"color","background_pattern":"type-1","background_image":{"attachment_id":null,"x":0,"y":0},"gradient":"linear-gradient(135deg,rgba(6,147,227,1) 0%,rgb(155,81,224) 100%)","background_repeat":"repeat","background_size":"auto","background_attachment":"scroll","patternColor":{"default":{"color":"#e5e7ea"}},"overlayColor":{"default":{"color":"CT_CSS_SKIP_RULE"}},"backgroundColor":{"default":{"color":"var(--theme-palette-color-8)"}}},"styles_descriptor":{"styles":{"desktop":"[data-prefix=\"single_page\"] {background-color:var(--theme-palette-color-8);background-image:none;}","tablet":"","mobile":""},"google_fonts":[],"version":6},"page_structure_type":"type-4","has_hero_section":"default","hero_section":"type-2","hero_elements":[{"id":"custom_title","enabled":true,"heading_tag":"h1","title":"Strona g\u0142\u00f3wna","__id":"aCK7yzBXs7s2IaPti_FNe"},{"id":"custom_description","enabled":false,"description_visibility":{"desktop":true,"tablet":true,"mobile":false},"__id":"V_F0gWw0McDY6C8Vhzkzt"},{"id":"custom_meta","enabled":false,"meta_elements":[{"id":"author","enabled":true,"label":"Przez","has_author_avatar":"yes","avatar_size":25},{"id":"post_date","enabled":true,"label":"W\u0142\u0105cz","date_format_source":"default","date_format":"M j, Y"},{"id":"updated_date","enabled":false,"label":"W\u0142\u0105cz","date_format_source":"default","date_format":"M j, Y"},{"id":"categories","enabled":false,"label":"W","style":"simple"},{"id":"comments","enabled":true}],"page_meta_elements":{"joined":true,"articles_count":true,"comments":true},"__id":"yp-s6pDPI95eFB-Hy-HXx"},{"id":"breadcrumbs","enabled":true,"__id":"ode-NhoZMkMuQfjua7MOo"}],"breadcrumbsFontColor":{"default":{"color":"#222222"},"initial":{"color":"#fad689"},"hover":{"color":"#fad689"}},"pageTitleBackground":{"background_type":"color","background_pattern":"type-1","background_image":{"attachment_id":null,"x":0,"y":0},"gradient":"linear-gradient(135deg,rgba(6,147,227,1) 0%,rgb(155,81,224) 100%)","background_repeat":"repeat","background_size":"auto","background_attachment":"scroll","patternColor":{"default":{"color":"#e5e7ea"}},"overlayColor":{"default":{"color":"CT_CSS_SKIP_RULE"}},"backgroundColor":{"default":{"color":"#fdfdfd"}}},"pageTitleFontColor":{"default":{"color":"#222222"}}},"_links":{"self":[{"href":"https:\/\/ilustratolka.com\/en\/wp-json\/wp\/v2\/pages\/200","targetHints":{"allow":["GET"]}}],"collection":[{"href":"https:\/\/ilustratolka.com\/en\/wp-json\/wp\/v2\/pages"}],"about":[{"href":"https:\/\/ilustratolka.com\/en\/wp-json\/wp\/v2\/types\/page"}],"author":[{"embeddable":true,"href":"https:\/\/ilustratolka.com\/en\/wp-json\/wp\/v2\/users\/1"}],"replies":[{"embeddable":true,"href":"https:\/\/ilustratolka.com\/en\/wp-json\/wp\/v2\/comments?post=200"}],"version-history":[{"count":5,"href":"https:\/\/ilustratolka.com\/en\/wp-json\/wp\/v2\/pages\/200\/revisions"}],"predecessor-version":[{"id":651,"href":"https:\/\/ilustratolka.com\/en\/wp-json\/wp\/v2\/pages\/200\/revisions\/651"}],"wp:attachment":[{"href":"https:\/\/ilustratolka.com\/en\/wp-json\/wp\/v2\/media?parent=200"}],"curies":[{"name":"wp","href":"https:\/\/api.w.org\/{rel}","templated":true}]}}