{"id":208,"date":"2026-02-25T10:34:51","date_gmt":"2026-02-25T09:34:51","guid":{"rendered":"https:\/\/k-walek.pl\/ilustratolka\/?page_id=208"},"modified":"2026-03-02T12:44:23","modified_gmt":"2026-03-02T11:44:23","slug":"ulotki","status":"publish","type":"page","link":"https:\/\/ilustratolka.com\/en\/ulotki\/","title":{"rendered":"Flyers"},"content":{"rendered":"<div class=\"wp-block-stackable-columns stk-block-columns stk-block stk-65aacdf\" data-block-id=\"65aacdf\"><style>.stk-65aacdf .stk--block-align-65aacdf{align-items:stretch !important;}.stk-65aacdf-column{--stk-column-gap:var(u002du002dstku002du002dpresetu002du002dspacingu002du002d70, 3.38rem) !important;}<\/style><div class=\"stk-row stk-inner-blocks stk--block-align-65aacdf stk-block-content stk-content-align stk-65aacdf-column\">\n<div class=\"wp-block-stackable-column stk-block-column stk-column stk-block stk-ac27236\" data-v=\"4\" data-block-id=\"ac27236\"><div class=\"stk-column-wrapper stk-block-column__content stk-container stk-ac27236-container stk--no-background stk--no-padding\"><div class=\"stk-block-content stk-inner-blocks stk-ac27236-inner-blocks\">\n<figure class=\"wp-block-gallery has-nested-images columns-default wp-block-gallery-1 is-layout-flex wp-block-gallery-is-layout-flex\">\n<figure class=\"wp-block-image size-full\"><img loading=\"lazy\" decoding=\"async\" width=\"1697\" height=\"1200\" data-id=\"210\" src=\"https:\/\/ilustratolka.com\/wp-content\/uploads\/2026\/02\/Ulotka-2.jpg\" alt=\"\" class=\"wp-image-210\" srcset=\"https:\/\/ilustratolka.com\/wp-content\/uploads\/2026\/02\/Ulotka-2.jpg 1697w, https:\/\/ilustratolka.com\/wp-content\/uploads\/2026\/02\/Ulotka-2-300x212.jpg 300w, https:\/\/ilustratolka.com\/wp-content\/uploads\/2026\/02\/Ulotka-2-1024x724.jpg 1024w, https:\/\/ilustratolka.com\/wp-content\/uploads\/2026\/02\/Ulotka-2-768x543.jpg 768w, https:\/\/ilustratolka.com\/wp-content\/uploads\/2026\/02\/Ulotka-2-1536x1086.jpg 1536w\" sizes=\"auto, (max-width: 1697px) 100vw, 1697px\" \/><\/figure>\n\n\n\n<figure class=\"wp-block-image size-full\"><img loading=\"lazy\" decoding=\"async\" width=\"1697\" height=\"1200\" data-id=\"209\" src=\"https:\/\/ilustratolka.com\/wp-content\/uploads\/2026\/02\/Ulotka-1.jpg\" alt=\"\" class=\"wp-image-209\" srcset=\"https:\/\/ilustratolka.com\/wp-content\/uploads\/2026\/02\/Ulotka-1.jpg 1697w, https:\/\/ilustratolka.com\/wp-content\/uploads\/2026\/02\/Ulotka-1-300x212.jpg 300w, https:\/\/ilustratolka.com\/wp-content\/uploads\/2026\/02\/Ulotka-1-1024x724.jpg 1024w, https:\/\/ilustratolka.com\/wp-content\/uploads\/2026\/02\/Ulotka-1-768x543.jpg 768w, https:\/\/ilustratolka.com\/wp-content\/uploads\/2026\/02\/Ulotka-1-1536x1086.jpg 1536w\" sizes=\"auto, (max-width: 1697px) 100vw, 1697px\" \/><\/figure>\n\n\n\n<figure class=\"wp-block-image size-full\"><img loading=\"lazy\" decoding=\"async\" width=\"1400\" height=\"1200\" data-id=\"211\" src=\"https:\/\/ilustratolka.com\/wp-content\/uploads\/2026\/02\/Wizytowka-ogolna-tyl-2.jpg\" alt=\"\" class=\"wp-image-211\" srcset=\"https:\/\/ilustratolka.com\/wp-content\/uploads\/2026\/02\/Wizytowka-ogolna-tyl-2.jpg 1400w, https:\/\/ilustratolka.com\/wp-content\/uploads\/2026\/02\/Wizytowka-ogolna-tyl-2-300x257.jpg 300w, https:\/\/ilustratolka.com\/wp-content\/uploads\/2026\/02\/Wizytowka-ogolna-tyl-2-1024x878.jpg 1024w, https:\/\/ilustratolka.com\/wp-content\/uploads\/2026\/02\/Wizytowka-ogolna-tyl-2-768x658.jpg 768w\" sizes=\"auto, (max-width: 1400px) 100vw, 1400px\" \/><\/figure>\n<\/figure>\n<\/div><\/div><\/div>\n<\/div><\/div>","protected":false},"excerpt":{"rendered":"","protected":false},"author":1,"featured_media":0,"parent":0,"menu_order":0,"comment_status":"closed","ping_status":"closed","template":"","meta":{"footnotes":""},"class_list":["post-208","page","type-page","status-publish","hentry"],"blocksy_meta":{"disable_header":"no","background":{"background_type":"color","background_pattern":"type-1","background_image":{"attachment_id":null,"x":0,"y":0},"gradient":"linear-gradient(135deg,rgba(6,147,227,1) 0%,rgb(155,81,224) 100%)","background_repeat":"repeat","background_size":"auto","background_attachment":"scroll","patternColor":{"default":{"color":"#e5e7ea"}},"overlayColor":{"default":{"color":"CT_CSS_SKIP_RULE"}},"backgroundColor":{"default":{"color":"var(--theme-palette-color-8)"}}},"styles_descriptor":{"styles":{"desktop":"[data-prefix=\"single_page\"] {background-color:var(--theme-palette-color-8);background-image:none;}","tablet":"","mobile":""},"google_fonts":[],"version":6},"page_structure_type":"type-4","has_hero_section":"default","hero_section":"type-2","hero_elements":[{"id":"custom_title","enabled":true,"heading_tag":"h1","title":"Strona g\u0142\u00f3wna","__id":"aCK7yzBXs7s2IaPti_FNe"},{"id":"custom_description","enabled":false,"description_visibility":{"desktop":true,"tablet":true,"mobile":false},"__id":"V_F0gWw0McDY6C8Vhzkzt"},{"id":"custom_meta","enabled":false,"meta_elements":[{"id":"author","enabled":true,"label":"Przez","has_author_avatar":"yes","avatar_size":25},{"id":"post_date","enabled":true,"label":"W\u0142\u0105cz","date_format_source":"default","date_format":"M j, Y"},{"id":"updated_date","enabled":false,"label":"W\u0142\u0105cz","date_format_source":"default","date_format":"M j, Y"},{"id":"categories","enabled":false,"label":"W","style":"simple"},{"id":"comments","enabled":true}],"page_meta_elements":{"joined":true,"articles_count":true,"comments":true},"__id":"yp-s6pDPI95eFB-Hy-HXx"},{"id":"breadcrumbs","enabled":true,"__id":"ode-NhoZMkMuQfjua7MOo"}],"breadcrumbsFontColor":{"default":{"color":"var(--theme-palette-color-7)"},"initial":{"color":"#fad689"},"hover":{"color":"#fad689"}},"pageTitleBackground":{"background_type":"color","background_pattern":"type-1","background_image":{"attachment_id":null,"x":0,"y":0},"gradient":"linear-gradient(135deg,rgba(6,147,227,1) 0%,rgb(155,81,224) 100%)","background_repeat":"repeat","background_size":"auto","background_attachment":"scroll","patternColor":{"default":{"color":"#e5e7ea"}},"overlayColor":{"default":{"color":"CT_CSS_SKIP_RULE"}},"backgroundColor":{"default":{"color":"#222222"}}},"pageTitleFontColor":{"default":{"color":"#fad689"}}},"_links":{"self":[{"href":"https:\/\/ilustratolka.com\/en\/wp-json\/wp\/v2\/pages\/208","targetHints":{"allow":["GET"]}}],"collection":[{"href":"https:\/\/ilustratolka.com\/en\/wp-json\/wp\/v2\/pages"}],"about":[{"href":"https:\/\/ilustratolka.com\/en\/wp-json\/wp\/v2\/types\/page"}],"author":[{"embeddable":true,"href":"https:\/\/ilustratolka.com\/en\/wp-json\/wp\/v2\/users\/1"}],"replies":[{"embeddable":true,"href":"https:\/\/ilustratolka.com\/en\/wp-json\/wp\/v2\/comments?post=208"}],"version-history":[{"count":5,"href":"https:\/\/ilustratolka.com\/en\/wp-json\/wp\/v2\/pages\/208\/revisions"}],"predecessor-version":[{"id":627,"href":"https:\/\/ilustratolka.com\/en\/wp-json\/wp\/v2\/pages\/208\/revisions\/627"}],"wp:attachment":[{"href":"https:\/\/ilustratolka.com\/en\/wp-json\/wp\/v2\/media?parent=208"}],"curies":[{"name":"wp","href":"https:\/\/api.w.org\/{rel}","templated":true}]}}