{"id":236,"date":"2026-02-25T12:25:41","date_gmt":"2026-02-25T11:25:41","guid":{"rendered":"https:\/\/k-walek.pl\/ilustratolka\/?page_id=236"},"modified":"2026-04-02T19:06:15","modified_gmt":"2026-04-02T17:06:15","slug":"tusz","status":"publish","type":"page","link":"https:\/\/ilustratolka.com\/en\/tusz\/","title":{"rendered":"Ink"},"content":{"rendered":"<div class=\"wp-block-stackable-columns stk-block-columns stk-block stk-661fed9\" data-block-id=\"661fed9\"><style>.stk-661fed9 .stk--block-align-661fed9{align-items:stretch !important;}.stk-661fed9-column{--stk-column-gap:var(u002du002dstku002du002dpresetu002du002dspacingu002du002d70, 3.38rem) !important;}<\/style><div class=\"stk-row stk-inner-blocks stk--block-align-661fed9 stk-block-content stk-content-align stk-661fed9-column\">\n<div class=\"wp-block-stackable-column stk-block-column stk-column stk-block stk-c5e8bae\" data-v=\"4\" data-block-id=\"c5e8bae\"><div class=\"stk-column-wrapper stk-block-column__content stk-container stk-c5e8bae-container stk--no-background stk--no-padding\"><div class=\"stk-block-content stk-inner-blocks stk-c5e8bae-inner-blocks\">\n<div class=\"wp-block-stackable-image stk-block-image stk-block stk-df5ced0\" data-block-id=\"df5ced0\"><figure><span class=\"stk-img-wrapper stk-image--shape-stretch stk--has-lightbox\"><img loading=\"lazy\" decoding=\"async\" class=\"stk-img wp-image-255\" src=\"https:\/\/ilustratolka.com\/wp-content\/uploads\/2026\/02\/Wiedzmin-mniejszy-1500px.jpg\" width=\"1070\" height=\"1500\" alt=\"tusz\" srcset=\"https:\/\/ilustratolka.com\/wp-content\/uploads\/2026\/02\/Wiedzmin-mniejszy-1500px.jpg 1070w, https:\/\/ilustratolka.com\/wp-content\/uploads\/2026\/02\/Wiedzmin-mniejszy-1500px-214x300.jpg 214w, https:\/\/ilustratolka.com\/wp-content\/uploads\/2026\/02\/Wiedzmin-mniejszy-1500px-730x1024.jpg 730w, https:\/\/ilustratolka.com\/wp-content\/uploads\/2026\/02\/Wiedzmin-mniejszy-1500px-768x1077.jpg 768w\" sizes=\"auto, (max-width: 1070px) 100vw, 1070px\" \/><\/span><\/figure><\/div>\n\n\n\n<div class=\"wp-block-stackable-image stk-block-image stk-block stk-d01c0f5\" data-block-id=\"d01c0f5\"><figure><span class=\"stk-img-wrapper stk-image--shape-stretch stk--has-lightbox\"><img loading=\"lazy\" decoding=\"async\" class=\"stk-img wp-image-252\" src=\"https:\/\/ilustratolka.com\/wp-content\/uploads\/2026\/02\/Plakat-1-instaasdas-1.jpg\" width=\"940\" height=\"1320\" alt=\"tusz\" srcset=\"https:\/\/ilustratolka.com\/wp-content\/uploads\/2026\/02\/Plakat-1-instaasdas-1.jpg 940w, https:\/\/ilustratolka.com\/wp-content\/uploads\/2026\/02\/Plakat-1-instaasdas-1-214x300.jpg 214w, https:\/\/ilustratolka.com\/wp-content\/uploads\/2026\/02\/Plakat-1-instaasdas-1-729x1024.jpg 729w, https:\/\/ilustratolka.com\/wp-content\/uploads\/2026\/02\/Plakat-1-instaasdas-1-768x1078.jpg 768w\" sizes=\"auto, (max-width: 940px) 100vw, 940px\" \/><\/span><\/figure><\/div>\n\n\n\n<div class=\"wp-block-stackable-image stk-block-image stk-block stk-94a1805\" data-block-id=\"94a1805\"><figure><span class=\"stk-img-wrapper stk-image--shape-stretch stk--has-lightbox\"><img loading=\"lazy\" decoding=\"async\" class=\"stk-img wp-image-254\" src=\"https:\/\/ilustratolka.com\/wp-content\/uploads\/2026\/02\/Harpia-cz-b.jpg\" width=\"1200\" height=\"1672\" alt=\"tusz\" srcset=\"https:\/\/ilustratolka.com\/wp-content\/uploads\/2026\/02\/Harpia-cz-b.jpg 1200w, https:\/\/ilustratolka.com\/wp-content\/uploads\/2026\/02\/Harpia-cz-b-215x300.jpg 215w, https:\/\/ilustratolka.com\/wp-content\/uploads\/2026\/02\/Harpia-cz-b-735x1024.jpg 735w, https:\/\/ilustratolka.com\/wp-content\/uploads\/2026\/02\/Harpia-cz-b-768x1070.jpg 768w, https:\/\/ilustratolka.com\/wp-content\/uploads\/2026\/02\/Harpia-cz-b-1102x1536.jpg 1102w\" sizes=\"auto, (max-width: 1200px) 100vw, 1200px\" \/><\/span><\/figure><\/div>\n\n\n\n<div class=\"wp-block-stackable-image stk-block-image stk-block stk-3865019\" data-block-id=\"3865019\"><figure><span class=\"stk-img-wrapper stk-image--shape-stretch stk--has-lightbox\"><img loading=\"lazy\" decoding=\"async\" class=\"stk-img wp-image-244\" src=\"https:\/\/ilustratolka.com\/wp-content\/uploads\/2026\/02\/blank-BatOwca-mniejszy.jpg\" width=\"971\" height=\"1500\" alt=\"tusz\" srcset=\"https:\/\/ilustratolka.com\/wp-content\/uploads\/2026\/02\/blank-BatOwca-mniejszy.jpg 971w, https:\/\/ilustratolka.com\/wp-content\/uploads\/2026\/02\/blank-BatOwca-mniejszy-194x300.jpg 194w, https:\/\/ilustratolka.com\/wp-content\/uploads\/2026\/02\/blank-BatOwca-mniejszy-663x1024.jpg 663w, https:\/\/ilustratolka.com\/wp-content\/uploads\/2026\/02\/blank-BatOwca-mniejszy-768x1186.jpg 768w\" sizes=\"auto, (max-width: 971px) 100vw, 971px\" \/><\/span><\/figure><\/div>\n\n\n\n<div class=\"wp-block-stackable-image stk-block-image stk-block stk-ab43300\" data-block-id=\"ab43300\"><figure><span class=\"stk-img-wrapper stk-image--shape-stretch stk--has-lightbox\"><img loading=\"lazy\" decoding=\"async\" class=\"stk-img wp-image-242\" src=\"https:\/\/ilustratolka.com\/wp-content\/uploads\/2026\/02\/SKM_C45819090214370.jpg\" width=\"709\" height=\"1007\" alt=\"tusz\" srcset=\"https:\/\/ilustratolka.com\/wp-content\/uploads\/2026\/02\/SKM_C45819090214370.jpg 709w, https:\/\/ilustratolka.com\/wp-content\/uploads\/2026\/02\/SKM_C45819090214370-211x300.jpg 211w\" sizes=\"auto, (max-width: 709px) 100vw, 709px\" \/><\/span><\/figure><\/div>\n\n\n\n<div class=\"wp-block-stackable-image stk-block-image stk-block stk-138bb86\" data-block-id=\"138bb86\"><figure><span class=\"stk-img-wrapper stk-image--shape-stretch stk--has-lightbox\"><img loading=\"lazy\" decoding=\"async\" class=\"stk-img wp-image-256\" src=\"https:\/\/ilustratolka.com\/wp-content\/uploads\/2026\/02\/Wodogmoty-Male-2.jpg\" width=\"1200\" height=\"1200\" alt=\"tusz\" srcset=\"https:\/\/ilustratolka.com\/wp-content\/uploads\/2026\/02\/Wodogmoty-Male-2.jpg 1200w, https:\/\/ilustratolka.com\/wp-content\/uploads\/2026\/02\/Wodogmoty-Male-2-300x300.jpg 300w, https:\/\/ilustratolka.com\/wp-content\/uploads\/2026\/02\/Wodogmoty-Male-2-1024x1024.jpg 1024w, https:\/\/ilustratolka.com\/wp-content\/uploads\/2026\/02\/Wodogmoty-Male-2-150x150.jpg 150w, https:\/\/ilustratolka.com\/wp-content\/uploads\/2026\/02\/Wodogmoty-Male-2-768x768.jpg 768w\" sizes=\"auto, (max-width: 1200px) 100vw, 1200px\" \/><\/span><\/figure><\/div>\n\n\n\n<div class=\"wp-block-stackable-image stk-block-image stk-block stk-6d491ef\" data-block-id=\"6d491ef\"><figure><span class=\"stk-img-wrapper stk-image--shape-stretch stk--has-lightbox\"><img loading=\"lazy\" decoding=\"async\" class=\"stk-img wp-image-239\" src=\"https:\/\/ilustratolka.com\/wp-content\/uploads\/2026\/02\/zygmunt_s_chapel_by_redwatercolour-d99a4u8-min.jpg\" width=\"709\" height=\"1193\" alt=\"tusz\" srcset=\"https:\/\/ilustratolka.com\/wp-content\/uploads\/2026\/02\/zygmunt_s_chapel_by_redwatercolour-d99a4u8-min.jpg 709w, https:\/\/ilustratolka.com\/wp-content\/uploads\/2026\/02\/zygmunt_s_chapel_by_redwatercolour-d99a4u8-min-178x300.jpg 178w, https:\/\/ilustratolka.com\/wp-content\/uploads\/2026\/02\/zygmunt_s_chapel_by_redwatercolour-d99a4u8-min-609x1024.jpg 609w\" sizes=\"auto, (max-width: 709px) 100vw, 709px\" \/><\/span><\/figure><\/div>\n<\/div><\/div><\/div>\n\n\n\n<div class=\"wp-block-stackable-column stk-block-column stk-column stk-block stk-a09eb20\" data-v=\"4\" data-block-id=\"a09eb20\"><div class=\"stk-column-wrapper stk-block-column__content stk-container stk-a09eb20-container stk--no-background stk--no-padding\"><div class=\"stk-block-content stk-inner-blocks stk-a09eb20-inner-blocks\">\n<div class=\"wp-block-stackable-image stk-block-image stk-block stk-4ac1685\" data-block-id=\"4ac1685\"><figure><span class=\"stk-img-wrapper stk-image--shape-stretch stk--has-lightbox\"><img loading=\"lazy\" decoding=\"async\" class=\"stk-img wp-image-243\" src=\"https:\/\/ilustratolka.com\/wp-content\/uploads\/2026\/02\/Kriss-de-Valnor.jpg\" width=\"1060\" height=\"1500\" alt=\"tusz\" srcset=\"https:\/\/ilustratolka.com\/wp-content\/uploads\/2026\/02\/Kriss-de-Valnor.jpg 1060w, https:\/\/ilustratolka.com\/wp-content\/uploads\/2026\/02\/Kriss-de-Valnor-212x300.jpg 212w, https:\/\/ilustratolka.com\/wp-content\/uploads\/2026\/02\/Kriss-de-Valnor-724x1024.jpg 724w, https:\/\/ilustratolka.com\/wp-content\/uploads\/2026\/02\/Kriss-de-Valnor-768x1087.jpg 768w\" sizes=\"auto, (max-width: 1060px) 100vw, 1060px\" \/><\/span><\/figure><\/div>\n\n\n\n<div class=\"wp-block-stackable-image stk-block-image stk-block stk-afe04fc\" data-block-id=\"afe04fc\"><figure><span class=\"stk-img-wrapper stk-image--shape-stretch stk--has-lightbox\"><img loading=\"lazy\" decoding=\"async\" class=\"stk-img wp-image-245\" src=\"https:\/\/ilustratolka.com\/wp-content\/uploads\/2026\/02\/Plakat-2-instaasdsd-1.jpg\" width=\"940\" height=\"1320\" alt=\"tusz\" srcset=\"https:\/\/ilustratolka.com\/wp-content\/uploads\/2026\/02\/Plakat-2-instaasdsd-1.jpg 940w, https:\/\/ilustratolka.com\/wp-content\/uploads\/2026\/02\/Plakat-2-instaasdsd-1-214x300.jpg 214w, https:\/\/ilustratolka.com\/wp-content\/uploads\/2026\/02\/Plakat-2-instaasdsd-1-729x1024.jpg 729w, https:\/\/ilustratolka.com\/wp-content\/uploads\/2026\/02\/Plakat-2-instaasdsd-1-768x1078.jpg 768w\" sizes=\"auto, (max-width: 940px) 100vw, 940px\" \/><\/span><\/figure><\/div>\n\n\n\n<div class=\"wp-block-stackable-image stk-block-image stk-block stk-82a7840\" data-block-id=\"82a7840\"><figure><span class=\"stk-img-wrapper stk-image--shape-stretch stk--has-lightbox\"><img loading=\"lazy\" decoding=\"async\" class=\"stk-img wp-image-251\" src=\"https:\/\/ilustratolka.com\/wp-content\/uploads\/2026\/02\/WARCHLAKI-2023-1-1.jpg\" width=\"1056\" height=\"1500\" alt=\"tusz\" srcset=\"https:\/\/ilustratolka.com\/wp-content\/uploads\/2026\/02\/WARCHLAKI-2023-1-1.jpg 1056w, https:\/\/ilustratolka.com\/wp-content\/uploads\/2026\/02\/WARCHLAKI-2023-1-1-211x300.jpg 211w, https:\/\/ilustratolka.com\/wp-content\/uploads\/2026\/02\/WARCHLAKI-2023-1-1-721x1024.jpg 721w, https:\/\/ilustratolka.com\/wp-content\/uploads\/2026\/02\/WARCHLAKI-2023-1-1-768x1091.jpg 768w\" sizes=\"auto, (max-width: 1056px) 100vw, 1056px\" \/><\/span><\/figure><\/div>\n\n\n\n<div class=\"wp-block-stackable-image stk-block-image stk-block stk-9445a21\" data-block-id=\"9445a21\"><figure><span class=\"stk-img-wrapper stk-image--shape-stretch stk--has-lightbox\"><img loading=\"lazy\" decoding=\"async\" class=\"stk-img wp-image-250\" src=\"https:\/\/ilustratolka.com\/wp-content\/uploads\/2026\/02\/17.-STORM-insta.jpg\" width=\"1061\" height=\"1500\" alt=\"tusz\" srcset=\"https:\/\/ilustratolka.com\/wp-content\/uploads\/2026\/02\/17.-STORM-insta.jpg 1061w, https:\/\/ilustratolka.com\/wp-content\/uploads\/2026\/02\/17.-STORM-insta-212x300.jpg 212w, https:\/\/ilustratolka.com\/wp-content\/uploads\/2026\/02\/17.-STORM-insta-724x1024.jpg 724w, https:\/\/ilustratolka.com\/wp-content\/uploads\/2026\/02\/17.-STORM-insta-768x1086.jpg 768w\" sizes=\"auto, (max-width: 1061px) 100vw, 1061px\" \/><\/span><\/figure><\/div>\n\n\n\n<div class=\"wp-block-stackable-image stk-block-image stk-block stk-7b6b53c\" data-block-id=\"7b6b53c\"><figure><span class=\"stk-img-wrapper stk-image--shape-stretch stk--has-lightbox\"><img loading=\"lazy\" decoding=\"async\" class=\"stk-img wp-image-253\" src=\"https:\/\/ilustratolka.com\/wp-content\/uploads\/2026\/02\/Spiderman-1.jpg\" width=\"1200\" height=\"1200\" alt=\"tusz\" srcset=\"https:\/\/ilustratolka.com\/wp-content\/uploads\/2026\/02\/Spiderman-1.jpg 1200w, https:\/\/ilustratolka.com\/wp-content\/uploads\/2026\/02\/Spiderman-1-300x300.jpg 300w, https:\/\/ilustratolka.com\/wp-content\/uploads\/2026\/02\/Spiderman-1-1024x1024.jpg 1024w, https:\/\/ilustratolka.com\/wp-content\/uploads\/2026\/02\/Spiderman-1-150x150.jpg 150w, https:\/\/ilustratolka.com\/wp-content\/uploads\/2026\/02\/Spiderman-1-768x768.jpg 768w\" sizes=\"auto, (max-width: 1200px) 100vw, 1200px\" \/><\/span><\/figure><\/div>\n\n\n\n<div class=\"wp-block-stackable-image stk-block-image stk-block stk-552b763\" data-block-id=\"552b763\"><figure><span class=\"stk-img-wrapper stk-image--shape-stretch stk--has-lightbox\"><img loading=\"lazy\" decoding=\"async\" class=\"stk-img wp-image-238\" src=\"https:\/\/ilustratolka.com\/wp-content\/uploads\/2026\/02\/CM.jpg\" width=\"593\" height=\"819\" alt=\"tusz\" srcset=\"https:\/\/ilustratolka.com\/wp-content\/uploads\/2026\/02\/CM.jpg 593w, https:\/\/ilustratolka.com\/wp-content\/uploads\/2026\/02\/CM-217x300.jpg 217w\" sizes=\"auto, (max-width: 593px) 100vw, 593px\" \/><\/span><\/figure><\/div>\n\n\n\n<div class=\"wp-block-stackable-image stk-block-image stk-block stk-a64e48f\" data-block-id=\"a64e48f\"><figure><span class=\"stk-img-wrapper stk-image--shape-stretch stk--has-lightbox\"><img loading=\"lazy\" decoding=\"async\" class=\"stk-img wp-image-237\" src=\"https:\/\/ilustratolka.com\/wp-content\/uploads\/2026\/02\/daredevil-1.jpg\" width=\"595\" height=\"840\" alt=\"tusz\" srcset=\"https:\/\/ilustratolka.com\/wp-content\/uploads\/2026\/02\/daredevil-1.jpg 595w, https:\/\/ilustratolka.com\/wp-content\/uploads\/2026\/02\/daredevil-1-213x300.jpg 213w\" sizes=\"auto, (max-width: 595px) 100vw, 595px\" \/><\/span><\/figure><\/div>\n<\/div><\/div><\/div>\n\n\n\n<div class=\"wp-block-stackable-column stk-block-column stk-column stk-block stk-e3f8617\" data-v=\"4\" data-block-id=\"e3f8617\"><div class=\"stk-column-wrapper stk-block-column__content stk-container stk-e3f8617-container stk--no-background stk--no-padding\"><div class=\"stk-block-content stk-inner-blocks stk-e3f8617-inner-blocks\">\n<div class=\"wp-block-stackable-image stk-block-image stk-block stk-ca2b3b5\" data-block-id=\"ca2b3b5\"><figure><span class=\"stk-img-wrapper stk-image--shape-stretch stk--has-lightbox\"><img loading=\"lazy\" decoding=\"async\" class=\"stk-img wp-image-248\" src=\"https:\/\/ilustratolka.com\/wp-content\/uploads\/2026\/02\/KZP-2-2-1.jpg\" width=\"1046\" height=\"1500\" alt=\"tusz\" srcset=\"https:\/\/ilustratolka.com\/wp-content\/uploads\/2026\/02\/KZP-2-2-1.jpg 1046w, https:\/\/ilustratolka.com\/wp-content\/uploads\/2026\/02\/KZP-2-2-1-209x300.jpg 209w, https:\/\/ilustratolka.com\/wp-content\/uploads\/2026\/02\/KZP-2-2-1-714x1024.jpg 714w, https:\/\/ilustratolka.com\/wp-content\/uploads\/2026\/02\/KZP-2-2-1-768x1101.jpg 768w\" sizes=\"auto, (max-width: 1046px) 100vw, 1046px\" \/><\/span><\/figure><\/div>\n\n\n\n<div class=\"wp-block-stackable-image stk-block-image stk-block stk-a5d4aa8\" data-block-id=\"a5d4aa8\"><figure><span class=\"stk-img-wrapper stk-image--shape-stretch stk--has-lightbox\"><img loading=\"lazy\" decoding=\"async\" class=\"stk-img wp-image-241\" src=\"https:\/\/ilustratolka.com\/wp-content\/uploads\/2026\/02\/Plakat-3-instadgfdf-1.jpg\" width=\"940\" height=\"1320\" alt=\"tusz\" srcset=\"https:\/\/ilustratolka.com\/wp-content\/uploads\/2026\/02\/Plakat-3-instadgfdf-1.jpg 940w, https:\/\/ilustratolka.com\/wp-content\/uploads\/2026\/02\/Plakat-3-instadgfdf-1-214x300.jpg 214w, https:\/\/ilustratolka.com\/wp-content\/uploads\/2026\/02\/Plakat-3-instadgfdf-1-729x1024.jpg 729w, https:\/\/ilustratolka.com\/wp-content\/uploads\/2026\/02\/Plakat-3-instadgfdf-1-768x1078.jpg 768w\" sizes=\"auto, (max-width: 940px) 100vw, 940px\" \/><\/span><\/figure><\/div>\n\n\n\n<div class=\"wp-block-stackable-image stk-block-image stk-block stk-3828d3c\" data-block-id=\"3828d3c\"><figure><span class=\"stk-img-wrapper stk-image--shape-stretch stk--has-lightbox\"><img loading=\"lazy\" decoding=\"async\" class=\"stk-img wp-image-246\" src=\"https:\/\/ilustratolka.com\/wp-content\/uploads\/2026\/02\/WM-TUSZ-1.jpg\" width=\"842\" height=\"1200\" alt=\"tusz\" srcset=\"https:\/\/ilustratolka.com\/wp-content\/uploads\/2026\/02\/WM-TUSZ-1.jpg 842w, https:\/\/ilustratolka.com\/wp-content\/uploads\/2026\/02\/WM-TUSZ-1-211x300.jpg 211w, https:\/\/ilustratolka.com\/wp-content\/uploads\/2026\/02\/WM-TUSZ-1-719x1024.jpg 719w, https:\/\/ilustratolka.com\/wp-content\/uploads\/2026\/02\/WM-TUSZ-1-768x1095.jpg 768w\" sizes=\"auto, (max-width: 842px) 100vw, 842px\" \/><\/span><\/figure><\/div>\n\n\n\n<div class=\"wp-block-stackable-image stk-block-image stk-block stk-df00494\" data-block-id=\"df00494\"><figure><span class=\"stk-img-wrapper stk-image--shape-stretch stk--has-lightbox\"><img loading=\"lazy\" decoding=\"async\" class=\"stk-img wp-image-240\" src=\"https:\/\/ilustratolka.com\/wp-content\/uploads\/2026\/02\/1-1.jpg\" width=\"709\" height=\"1006\" alt=\"tusz\" srcset=\"https:\/\/ilustratolka.com\/wp-content\/uploads\/2026\/02\/1-1.jpg 709w, https:\/\/ilustratolka.com\/wp-content\/uploads\/2026\/02\/1-1-211x300.jpg 211w\" sizes=\"auto, (max-width: 709px) 100vw, 709px\" \/><\/span><\/figure><\/div>\n\n\n\n<div class=\"wp-block-stackable-image stk-block-image stk-block stk-d966b6e\" data-block-id=\"d966b6e\"><figure><span class=\"stk-img-wrapper stk-image--shape-stretch stk--has-lightbox\"><img loading=\"lazy\" decoding=\"async\" class=\"stk-img wp-image-247\" src=\"https:\/\/ilustratolka.com\/wp-content\/uploads\/2026\/02\/multiwersum-obledu-Ola-i-Leszek.jpg\" width=\"1090\" height=\"1500\" alt=\"tusz\" srcset=\"https:\/\/ilustratolka.com\/wp-content\/uploads\/2026\/02\/multiwersum-obledu-Ola-i-Leszek.jpg 1090w, https:\/\/ilustratolka.com\/wp-content\/uploads\/2026\/02\/multiwersum-obledu-Ola-i-Leszek-218x300.jpg 218w, https:\/\/ilustratolka.com\/wp-content\/uploads\/2026\/02\/multiwersum-obledu-Ola-i-Leszek-744x1024.jpg 744w, https:\/\/ilustratolka.com\/wp-content\/uploads\/2026\/02\/multiwersum-obledu-Ola-i-Leszek-768x1057.jpg 768w\" sizes=\"auto, (max-width: 1090px) 100vw, 1090px\" \/><\/span><\/figure><\/div>\n\n\n\n<div class=\"wp-block-stackable-image stk-block-image stk-block stk-1ea5a2e\" data-block-id=\"1ea5a2e\"><figure><span class=\"stk-img-wrapper stk-image--shape-stretch stk--has-lightbox\"><img loading=\"lazy\" decoding=\"async\" class=\"stk-img wp-image-249\" src=\"https:\/\/ilustratolka.com\/wp-content\/uploads\/2026\/02\/1.-MAGIK-AND-WHITE-QUEEN.jpg\" width=\"1400\" height=\"1980\" alt=\"tusz\" srcset=\"https:\/\/ilustratolka.com\/wp-content\/uploads\/2026\/02\/1.-MAGIK-AND-WHITE-QUEEN.jpg 1400w, https:\/\/ilustratolka.com\/wp-content\/uploads\/2026\/02\/1.-MAGIK-AND-WHITE-QUEEN-212x300.jpg 212w, https:\/\/ilustratolka.com\/wp-content\/uploads\/2026\/02\/1.-MAGIK-AND-WHITE-QUEEN-724x1024.jpg 724w, https:\/\/ilustratolka.com\/wp-content\/uploads\/2026\/02\/1.-MAGIK-AND-WHITE-QUEEN-768x1086.jpg 768w, https:\/\/ilustratolka.com\/wp-content\/uploads\/2026\/02\/1.-MAGIK-AND-WHITE-QUEEN-1086x1536.jpg 1086w\" sizes=\"auto, (max-width: 1400px) 100vw, 1400px\" \/><\/span><\/figure><\/div>\n<\/div><\/div><\/div>\n<\/div><\/div>","protected":false},"excerpt":{"rendered":"","protected":false},"author":1,"featured_media":0,"parent":0,"menu_order":0,"comment_status":"closed","ping_status":"closed","template":"","meta":{"footnotes":""},"class_list":["post-236","page","type-page","status-publish","hentry"],"blocksy_meta":{"disable_header":"no","background":{"background_type":"color","background_pattern":"type-1","background_image":{"attachment_id":null,"x":0,"y":0},"gradient":"linear-gradient(135deg,rgba(6,147,227,1) 0%,rgb(155,81,224) 100%)","background_repeat":"repeat","background_size":"auto","background_attachment":"scroll","patternColor":{"default":{"color":"#e5e7ea"}},"overlayColor":{"default":{"color":"CT_CSS_SKIP_RULE"}},"backgroundColor":{"default":{"color":"var(--theme-palette-color-8)"}}},"styles_descriptor":{"styles":{"desktop":"[data-prefix=\"single_page\"] {background-color:var(--theme-palette-color-8);background-image:none;}","tablet":"","mobile":""},"google_fonts":[],"version":6},"page_structure_type":"type-4","has_hero_section":"default","hero_section":"type-2","hero_elements":[{"id":"custom_title","enabled":true,"heading_tag":"h1","title":"Strona g\u0142\u00f3wna","__id":"aCK7yzBXs7s2IaPti_FNe"},{"id":"custom_description","enabled":false,"description_visibility":{"desktop":true,"tablet":true,"mobile":false},"__id":"V_F0gWw0McDY6C8Vhzkzt"},{"id":"custom_meta","enabled":false,"meta_elements":[{"id":"author","enabled":true,"label":"Przez","has_author_avatar":"yes","avatar_size":25},{"id":"post_date","enabled":true,"label":"W\u0142\u0105cz","date_format_source":"default","date_format":"M j, Y"},{"id":"updated_date","enabled":false,"label":"W\u0142\u0105cz","date_format_source":"default","date_format":"M j, Y"},{"id":"categories","enabled":false,"label":"W","style":"simple"},{"id":"comments","enabled":true}],"page_meta_elements":{"joined":true,"articles_count":true,"comments":true},"__id":"yp-s6pDPI95eFB-Hy-HXx"},{"id":"breadcrumbs","enabled":true,"__id":"ode-NhoZMkMuQfjua7MOo"}],"breadcrumbsFontColor":{"default":{"color":"var(--theme-palette-color-7)"},"initial":{"color":"#fad689"},"hover":{"color":"#fad689"}},"pageTitleBackground":{"background_type":"color","background_pattern":"type-1","background_image":{"attachment_id":null,"x":0,"y":0},"gradient":"linear-gradient(135deg,rgba(6,147,227,1) 0%,rgb(155,81,224) 100%)","background_repeat":"repeat","background_size":"auto","background_attachment":"scroll","patternColor":{"default":{"color":"#e5e7ea"}},"overlayColor":{"default":{"color":"CT_CSS_SKIP_RULE"}},"backgroundColor":{"default":{"color":"#222222"}}},"pageTitleFontColor":{"default":{"color":"#fad689"}}},"_links":{"self":[{"href":"https:\/\/ilustratolka.com\/en\/wp-json\/wp\/v2\/pages\/236","targetHints":{"allow":["GET"]}}],"collection":[{"href":"https:\/\/ilustratolka.com\/en\/wp-json\/wp\/v2\/pages"}],"about":[{"href":"https:\/\/ilustratolka.com\/en\/wp-json\/wp\/v2\/types\/page"}],"author":[{"embeddable":true,"href":"https:\/\/ilustratolka.com\/en\/wp-json\/wp\/v2\/users\/1"}],"replies":[{"embeddable":true,"href":"https:\/\/ilustratolka.com\/en\/wp-json\/wp\/v2\/comments?post=236"}],"version-history":[{"count":9,"href":"https:\/\/ilustratolka.com\/en\/wp-json\/wp\/v2\/pages\/236\/revisions"}],"predecessor-version":[{"id":661,"href":"https:\/\/ilustratolka.com\/en\/wp-json\/wp\/v2\/pages\/236\/revisions\/661"}],"wp:attachment":[{"href":"https:\/\/ilustratolka.com\/en\/wp-json\/wp\/v2\/media?parent=236"}],"curies":[{"name":"wp","href":"https:\/\/api.w.org\/{rel}","templated":true}]}}