{"id":259,"date":"2026-02-25T12:37:44","date_gmt":"2026-02-25T11:37:44","guid":{"rendered":"https:\/\/k-walek.pl\/ilustratolka\/?page_id=259"},"modified":"2026-03-03T12:19:20","modified_gmt":"2026-03-03T11:19:20","slug":"digital-art","status":"publish","type":"page","link":"https:\/\/ilustratolka.com\/en\/digital-art\/","title":{"rendered":"Digital art"},"content":{"rendered":"<div class=\"wp-block-stackable-columns stk-block-columns stk-block stk-65aacdf\" data-block-id=\"65aacdf\"><style>.stk-65aacdf .stk--block-align-65aacdf{align-items:stretch !important;}.stk-65aacdf-column{--stk-column-gap:var(u002du002dstku002du002dpresetu002du002dspacingu002du002d70, 3.38rem) !important;}<\/style><div class=\"stk-row stk-inner-blocks stk--block-align-65aacdf stk-block-content stk-content-align stk-65aacdf-column\">\n<div class=\"wp-block-stackable-column stk-block-column stk-column stk-block stk-981b547\" data-v=\"4\" data-block-id=\"981b547\"><div class=\"stk-column-wrapper stk-block-column__content stk-container stk-981b547-container stk--no-background stk--no-padding\"><div class=\"stk-block-content stk-inner-blocks stk-981b547-inner-blocks\">\n<figure class=\"wp-block-gallery has-nested-images columns-3 is-cropped one-column-gallery wp-block-gallery-1 is-layout-flex wp-block-gallery-is-layout-flex\">\n<figure class=\"wp-block-image size-full\"><img loading=\"lazy\" decoding=\"async\" width=\"940\" height=\"1320\" data-id=\"275\" src=\"https:\/\/ilustratolka.com\/wp-content\/uploads\/2026\/02\/Cagara_Aleksandra_plakat-nr-1.jpg\" alt=\"digital art\" class=\"wp-image-275\" srcset=\"https:\/\/ilustratolka.com\/wp-content\/uploads\/2026\/02\/Cagara_Aleksandra_plakat-nr-1.jpg 940w, https:\/\/ilustratolka.com\/wp-content\/uploads\/2026\/02\/Cagara_Aleksandra_plakat-nr-1-214x300.jpg 214w, https:\/\/ilustratolka.com\/wp-content\/uploads\/2026\/02\/Cagara_Aleksandra_plakat-nr-1-729x1024.jpg 729w, https:\/\/ilustratolka.com\/wp-content\/uploads\/2026\/02\/Cagara_Aleksandra_plakat-nr-1-768x1078.jpg 768w\" sizes=\"auto, (max-width: 940px) 100vw, 940px\" \/><\/figure>\n\n\n\n<figure class=\"wp-block-image size-full\"><img loading=\"lazy\" decoding=\"async\" width=\"940\" height=\"1320\" data-id=\"271\" src=\"https:\/\/ilustratolka.com\/wp-content\/uploads\/2026\/02\/Cagara_Aleksandra_plakat-nr-2.jpg\" alt=\"digital art\" class=\"wp-image-271\" srcset=\"https:\/\/ilustratolka.com\/wp-content\/uploads\/2026\/02\/Cagara_Aleksandra_plakat-nr-2.jpg 940w, https:\/\/ilustratolka.com\/wp-content\/uploads\/2026\/02\/Cagara_Aleksandra_plakat-nr-2-214x300.jpg 214w, https:\/\/ilustratolka.com\/wp-content\/uploads\/2026\/02\/Cagara_Aleksandra_plakat-nr-2-729x1024.jpg 729w, https:\/\/ilustratolka.com\/wp-content\/uploads\/2026\/02\/Cagara_Aleksandra_plakat-nr-2-768x1078.jpg 768w\" sizes=\"auto, (max-width: 940px) 100vw, 940px\" \/><\/figure>\n\n\n\n<figure class=\"wp-block-image size-full\"><img loading=\"lazy\" decoding=\"async\" width=\"940\" height=\"1320\" data-id=\"270\" src=\"https:\/\/ilustratolka.com\/wp-content\/uploads\/2026\/02\/Cagara_Aleksandra_plakat-nr-3.jpg\" alt=\"digital art\" class=\"wp-image-270\" srcset=\"https:\/\/ilustratolka.com\/wp-content\/uploads\/2026\/02\/Cagara_Aleksandra_plakat-nr-3.jpg 940w, https:\/\/ilustratolka.com\/wp-content\/uploads\/2026\/02\/Cagara_Aleksandra_plakat-nr-3-214x300.jpg 214w, https:\/\/ilustratolka.com\/wp-content\/uploads\/2026\/02\/Cagara_Aleksandra_plakat-nr-3-729x1024.jpg 729w, https:\/\/ilustratolka.com\/wp-content\/uploads\/2026\/02\/Cagara_Aleksandra_plakat-nr-3-768x1078.jpg 768w\" sizes=\"auto, (max-width: 940px) 100vw, 940px\" \/><\/figure>\n\n\n\n<figure class=\"wp-block-image size-full\"><img loading=\"lazy\" decoding=\"async\" width=\"1000\" height=\"1403\" data-id=\"267\" src=\"https:\/\/ilustratolka.com\/wp-content\/uploads\/2026\/02\/Cover-1without-titles.jpg\" alt=\"digital art\" class=\"wp-image-267\" srcset=\"https:\/\/ilustratolka.com\/wp-content\/uploads\/2026\/02\/Cover-1without-titles.jpg 1000w, https:\/\/ilustratolka.com\/wp-content\/uploads\/2026\/02\/Cover-1without-titles-214x300.jpg 214w, https:\/\/ilustratolka.com\/wp-content\/uploads\/2026\/02\/Cover-1without-titles-730x1024.jpg 730w, https:\/\/ilustratolka.com\/wp-content\/uploads\/2026\/02\/Cover-1without-titles-768x1078.jpg 768w\" sizes=\"auto, (max-width: 1000px) 100vw, 1000px\" \/><\/figure>\n\n\n\n<figure class=\"wp-block-image size-full\"><img loading=\"lazy\" decoding=\"async\" width=\"1066\" height=\"1500\" data-id=\"277\" src=\"https:\/\/ilustratolka.com\/wp-content\/uploads\/2026\/02\/Niegrzeczna-Antologia-okladka-RGB-do-internetu-1.jpg\" alt=\"digital art\" class=\"wp-image-277\" srcset=\"https:\/\/ilustratolka.com\/wp-content\/uploads\/2026\/02\/Niegrzeczna-Antologia-okladka-RGB-do-internetu-1.jpg 1066w, https:\/\/ilustratolka.com\/wp-content\/uploads\/2026\/02\/Niegrzeczna-Antologia-okladka-RGB-do-internetu-1-213x300.jpg 213w, https:\/\/ilustratolka.com\/wp-content\/uploads\/2026\/02\/Niegrzeczna-Antologia-okladka-RGB-do-internetu-1-728x1024.jpg 728w, https:\/\/ilustratolka.com\/wp-content\/uploads\/2026\/02\/Niegrzeczna-Antologia-okladka-RGB-do-internetu-1-768x1081.jpg 768w\" sizes=\"auto, (max-width: 1066px) 100vw, 1066px\" \/><\/figure>\n\n\n\n<figure class=\"wp-block-image size-full\"><img loading=\"lazy\" decoding=\"async\" width=\"1069\" height=\"1500\" data-id=\"272\" src=\"https:\/\/ilustratolka.com\/wp-content\/uploads\/2026\/02\/WiL-PAGE-2.jpg\" alt=\"digital art\" class=\"wp-image-272\" srcset=\"https:\/\/ilustratolka.com\/wp-content\/uploads\/2026\/02\/WiL-PAGE-2.jpg 1069w, https:\/\/ilustratolka.com\/wp-content\/uploads\/2026\/02\/WiL-PAGE-2-214x300.jpg 214w, https:\/\/ilustratolka.com\/wp-content\/uploads\/2026\/02\/WiL-PAGE-2-730x1024.jpg 730w, https:\/\/ilustratolka.com\/wp-content\/uploads\/2026\/02\/WiL-PAGE-2-768x1078.jpg 768w\" sizes=\"auto, (max-width: 1069px) 100vw, 1069px\" \/><\/figure>\n\n\n\n<figure class=\"wp-block-image size-full\"><img loading=\"lazy\" decoding=\"async\" width=\"1000\" height=\"1527\" data-id=\"279\" src=\"https:\/\/ilustratolka.com\/wp-content\/uploads\/2026\/02\/COVER-Nick-of-Time-1-RGB-1-1.jpg\" alt=\"digital art\" class=\"wp-image-279\" srcset=\"https:\/\/ilustratolka.com\/wp-content\/uploads\/2026\/02\/COVER-Nick-of-Time-1-RGB-1-1.jpg 1000w, https:\/\/ilustratolka.com\/wp-content\/uploads\/2026\/02\/COVER-Nick-of-Time-1-RGB-1-1-196x300.jpg 196w, https:\/\/ilustratolka.com\/wp-content\/uploads\/2026\/02\/COVER-Nick-of-Time-1-RGB-1-1-671x1024.jpg 671w, https:\/\/ilustratolka.com\/wp-content\/uploads\/2026\/02\/COVER-Nick-of-Time-1-RGB-1-1-768x1173.jpg 768w\" sizes=\"auto, (max-width: 1000px) 100vw, 1000px\" \/><\/figure>\n\n\n\n<figure class=\"wp-block-image size-full\"><img loading=\"lazy\" decoding=\"async\" width=\"1920\" height=\"1080\" data-id=\"278\" src=\"https:\/\/ilustratolka.com\/wp-content\/uploads\/2026\/02\/Autoportret-nocny-1.jpg\" alt=\"digital art\" class=\"wp-image-278\" srcset=\"https:\/\/ilustratolka.com\/wp-content\/uploads\/2026\/02\/Autoportret-nocny-1.jpg 1920w, https:\/\/ilustratolka.com\/wp-content\/uploads\/2026\/02\/Autoportret-nocny-1-300x169.jpg 300w, https:\/\/ilustratolka.com\/wp-content\/uploads\/2026\/02\/Autoportret-nocny-1-1024x576.jpg 1024w, https:\/\/ilustratolka.com\/wp-content\/uploads\/2026\/02\/Autoportret-nocny-1-768x432.jpg 768w, https:\/\/ilustratolka.com\/wp-content\/uploads\/2026\/02\/Autoportret-nocny-1-1536x864.jpg 1536w\" sizes=\"auto, (max-width: 1920px) 100vw, 1920px\" \/><\/figure>\n\n\n\n<figure class=\"wp-block-image size-full\"><img loading=\"lazy\" decoding=\"async\" width=\"1200\" height=\"1809\" data-id=\"280\" src=\"https:\/\/ilustratolka.com\/wp-content\/uploads\/2026\/02\/Chloe-vs-Mago.jpg\" alt=\"digital art\" class=\"wp-image-280\" srcset=\"https:\/\/ilustratolka.com\/wp-content\/uploads\/2026\/02\/Chloe-vs-Mago.jpg 1200w, https:\/\/ilustratolka.com\/wp-content\/uploads\/2026\/02\/Chloe-vs-Mago-199x300.jpg 199w, https:\/\/ilustratolka.com\/wp-content\/uploads\/2026\/02\/Chloe-vs-Mago-679x1024.jpg 679w, https:\/\/ilustratolka.com\/wp-content\/uploads\/2026\/02\/Chloe-vs-Mago-768x1158.jpg 768w, https:\/\/ilustratolka.com\/wp-content\/uploads\/2026\/02\/Chloe-vs-Mago-1019x1536.jpg 1019w\" sizes=\"auto, (max-width: 1200px) 100vw, 1200px\" \/><\/figure>\n\n\n\n<figure class=\"wp-block-image size-full\"><img loading=\"lazy\" decoding=\"async\" width=\"985\" height=\"1500\" data-id=\"273\" src=\"https:\/\/ilustratolka.com\/wp-content\/uploads\/2026\/02\/BACK-COVER-DRAWING.jpg\" alt=\"digital art\" class=\"wp-image-273\" srcset=\"https:\/\/ilustratolka.com\/wp-content\/uploads\/2026\/02\/BACK-COVER-DRAWING.jpg 985w, https:\/\/ilustratolka.com\/wp-content\/uploads\/2026\/02\/BACK-COVER-DRAWING-197x300.jpg 197w, https:\/\/ilustratolka.com\/wp-content\/uploads\/2026\/02\/BACK-COVER-DRAWING-672x1024.jpg 672w, https:\/\/ilustratolka.com\/wp-content\/uploads\/2026\/02\/BACK-COVER-DRAWING-768x1170.jpg 768w\" sizes=\"auto, (max-width: 985px) 100vw, 985px\" \/><\/figure>\n\n\n\n<figure class=\"wp-block-image size-full\"><img loading=\"lazy\" decoding=\"async\" width=\"1240\" height=\"1754\" data-id=\"274\" src=\"https:\/\/ilustratolka.com\/wp-content\/uploads\/2026\/02\/Okladka-przod-instagram-2.jpg\" alt=\"digital art\" class=\"wp-image-274\" srcset=\"https:\/\/ilustratolka.com\/wp-content\/uploads\/2026\/02\/Okladka-przod-instagram-2.jpg 1240w, https:\/\/ilustratolka.com\/wp-content\/uploads\/2026\/02\/Okladka-przod-instagram-2-212x300.jpg 212w, https:\/\/ilustratolka.com\/wp-content\/uploads\/2026\/02\/Okladka-przod-instagram-2-724x1024.jpg 724w, https:\/\/ilustratolka.com\/wp-content\/uploads\/2026\/02\/Okladka-przod-instagram-2-768x1086.jpg 768w, https:\/\/ilustratolka.com\/wp-content\/uploads\/2026\/02\/Okladka-przod-instagram-2-1086x1536.jpg 1086w\" sizes=\"auto, (max-width: 1240px) 100vw, 1240px\" \/><\/figure>\n\n\n\n<figure class=\"wp-block-image size-full\"><img loading=\"lazy\" decoding=\"async\" width=\"1060\" height=\"1500\" data-id=\"276\" src=\"https:\/\/ilustratolka.com\/wp-content\/uploads\/2026\/02\/Galactus-x-Phoenix.jpg\" alt=\"digital art\" class=\"wp-image-276\" srcset=\"https:\/\/ilustratolka.com\/wp-content\/uploads\/2026\/02\/Galactus-x-Phoenix.jpg 1060w, https:\/\/ilustratolka.com\/wp-content\/uploads\/2026\/02\/Galactus-x-Phoenix-212x300.jpg 212w, https:\/\/ilustratolka.com\/wp-content\/uploads\/2026\/02\/Galactus-x-Phoenix-724x1024.jpg 724w, https:\/\/ilustratolka.com\/wp-content\/uploads\/2026\/02\/Galactus-x-Phoenix-768x1087.jpg 768w\" sizes=\"auto, (max-width: 1060px) 100vw, 1060px\" \/><\/figure>\n\n\n\n<figure class=\"wp-block-image size-full\"><img loading=\"lazy\" decoding=\"async\" width=\"709\" height=\"992\" data-id=\"266\" src=\"https:\/\/ilustratolka.com\/wp-content\/uploads\/2026\/02\/pastereczka.jpg\" alt=\"digital art\" class=\"wp-image-266\" srcset=\"https:\/\/ilustratolka.com\/wp-content\/uploads\/2026\/02\/pastereczka.jpg 709w, https:\/\/ilustratolka.com\/wp-content\/uploads\/2026\/02\/pastereczka-214x300.jpg 214w\" sizes=\"auto, (max-width: 709px) 100vw, 709px\" \/><\/figure>\n\n\n\n<figure class=\"wp-block-image size-full\"><img loading=\"lazy\" decoding=\"async\" width=\"564\" height=\"617\" data-id=\"260\" src=\"https:\/\/ilustratolka.com\/wp-content\/uploads\/2026\/02\/Jean-Grey-insta.jpg\" alt=\"digital art\" class=\"wp-image-260\" srcset=\"https:\/\/ilustratolka.com\/wp-content\/uploads\/2026\/02\/Jean-Grey-insta.jpg 564w, https:\/\/ilustratolka.com\/wp-content\/uploads\/2026\/02\/Jean-Grey-insta-274x300.jpg 274w\" sizes=\"auto, (max-width: 564px) 100vw, 564px\" \/><\/figure>\n\n\n\n<figure class=\"wp-block-image size-full\"><img loading=\"lazy\" decoding=\"async\" width=\"1060\" height=\"1500\" data-id=\"269\" src=\"https:\/\/ilustratolka.com\/wp-content\/uploads\/2026\/02\/ilustratOLKA-Krotka-historia-slomianego-zapalu.jpg\" alt=\"digital art\" class=\"wp-image-269\" srcset=\"https:\/\/ilustratolka.com\/wp-content\/uploads\/2026\/02\/ilustratOLKA-Krotka-historia-slomianego-zapalu.jpg 1060w, https:\/\/ilustratolka.com\/wp-content\/uploads\/2026\/02\/ilustratOLKA-Krotka-historia-slomianego-zapalu-212x300.jpg 212w, https:\/\/ilustratolka.com\/wp-content\/uploads\/2026\/02\/ilustratOLKA-Krotka-historia-slomianego-zapalu-724x1024.jpg 724w, https:\/\/ilustratolka.com\/wp-content\/uploads\/2026\/02\/ilustratOLKA-Krotka-historia-slomianego-zapalu-768x1087.jpg 768w\" sizes=\"auto, (max-width: 1060px) 100vw, 1060px\" \/><\/figure>\n\n\n\n<figure class=\"wp-block-image size-full\"><img loading=\"lazy\" decoding=\"async\" width=\"595\" height=\"750\" data-id=\"261\" src=\"https:\/\/ilustratolka.com\/wp-content\/uploads\/2026\/02\/jean-grey.jpg\" alt=\"digital art\" class=\"wp-image-261\" srcset=\"https:\/\/ilustratolka.com\/wp-content\/uploads\/2026\/02\/jean-grey.jpg 595w, https:\/\/ilustratolka.com\/wp-content\/uploads\/2026\/02\/jean-grey-238x300.jpg 238w\" sizes=\"auto, (max-width: 595px) 100vw, 595px\" \/><\/figure>\n\n\n\n<figure class=\"wp-block-image size-full\"><img loading=\"lazy\" decoding=\"async\" width=\"1754\" height=\"1724\" data-id=\"268\" src=\"https:\/\/ilustratolka.com\/wp-content\/uploads\/2026\/02\/poprawione-2.jpg\" alt=\"digital art\" class=\"wp-image-268\" srcset=\"https:\/\/ilustratolka.com\/wp-content\/uploads\/2026\/02\/poprawione-2.jpg 1754w, https:\/\/ilustratolka.com\/wp-content\/uploads\/2026\/02\/poprawione-2-300x295.jpg 300w, https:\/\/ilustratolka.com\/wp-content\/uploads\/2026\/02\/poprawione-2-1024x1006.jpg 1024w, https:\/\/ilustratolka.com\/wp-content\/uploads\/2026\/02\/poprawione-2-768x755.jpg 768w, https:\/\/ilustratolka.com\/wp-content\/uploads\/2026\/02\/poprawione-2-1536x1510.jpg 1536w\" sizes=\"auto, (max-width: 1754px) 100vw, 1754px\" \/><\/figure>\n\n\n\n<figure class=\"wp-block-image size-full\"><img loading=\"lazy\" decoding=\"async\" width=\"572\" height=\"829\" data-id=\"264\" src=\"https:\/\/ilustratolka.com\/wp-content\/uploads\/2026\/02\/Lagherta-colored.jpg\" alt=\"digital art\" class=\"wp-image-264\" srcset=\"https:\/\/ilustratolka.com\/wp-content\/uploads\/2026\/02\/Lagherta-colored.jpg 572w, https:\/\/ilustratolka.com\/wp-content\/uploads\/2026\/02\/Lagherta-colored-207x300.jpg 207w\" sizes=\"auto, (max-width: 572px) 100vw, 572px\" \/><\/figure>\n\n\n\n<figure class=\"wp-block-image size-full\"><img loading=\"lazy\" decoding=\"async\" width=\"593\" height=\"840\" data-id=\"265\" src=\"https:\/\/ilustratolka.com\/wp-content\/uploads\/2026\/02\/daredevil.jpg\" alt=\"digital art\" class=\"wp-image-265\" srcset=\"https:\/\/ilustratolka.com\/wp-content\/uploads\/2026\/02\/daredevil.jpg 593w, https:\/\/ilustratolka.com\/wp-content\/uploads\/2026\/02\/daredevil-212x300.jpg 212w\" sizes=\"auto, (max-width: 593px) 100vw, 593px\" \/><\/figure>\n\n\n\n<figure class=\"wp-block-image size-full\"><img loading=\"lazy\" decoding=\"async\" width=\"595\" height=\"794\" data-id=\"262\" src=\"https:\/\/ilustratolka.com\/wp-content\/uploads\/2026\/02\/Psylocke.jpg\" alt=\"digital art\" class=\"wp-image-262\" srcset=\"https:\/\/ilustratolka.com\/wp-content\/uploads\/2026\/02\/Psylocke.jpg 595w, https:\/\/ilustratolka.com\/wp-content\/uploads\/2026\/02\/Psylocke-225x300.jpg 225w\" sizes=\"auto, (max-width: 595px) 100vw, 595px\" \/><\/figure>\n\n\n\n<figure class=\"wp-block-image size-full\"><img loading=\"lazy\" decoding=\"async\" width=\"674\" height=\"781\" data-id=\"263\" src=\"https:\/\/ilustratolka.com\/wp-content\/uploads\/2026\/02\/Stan-Lee.jpg\" alt=\"digital art\" class=\"wp-image-263\" srcset=\"https:\/\/ilustratolka.com\/wp-content\/uploads\/2026\/02\/Stan-Lee.jpg 674w, https:\/\/ilustratolka.com\/wp-content\/uploads\/2026\/02\/Stan-Lee-259x300.jpg 259w\" sizes=\"auto, (max-width: 674px) 100vw, 674px\" \/><\/figure>\n<\/figure>\n<\/div><\/div><\/div>\n<\/div><\/div>","protected":false},"excerpt":{"rendered":"","protected":false},"author":1,"featured_media":0,"parent":0,"menu_order":0,"comment_status":"closed","ping_status":"closed","template":"","meta":{"footnotes":""},"class_list":["post-259","page","type-page","status-publish","hentry"],"blocksy_meta":{"disable_header":"no","background":{"background_type":"color","background_pattern":"type-1","background_image":{"attachment_id":null,"x":0,"y":0},"gradient":"linear-gradient(135deg,rgba(6,147,227,1) 0%,rgb(155,81,224) 100%)","background_repeat":"repeat","background_size":"auto","background_attachment":"scroll","patternColor":{"default":{"color":"#e5e7ea"}},"overlayColor":{"default":{"color":"CT_CSS_SKIP_RULE"}},"backgroundColor":{"default":{"color":"var(--theme-palette-color-8)"}}},"styles_descriptor":{"styles":{"desktop":"[data-prefix=\"single_page\"] {background-color:var(--theme-palette-color-8);background-image:none;}","tablet":"","mobile":""},"google_fonts":[],"version":6},"page_structure_type":"type-4","has_hero_section":"default","hero_section":"type-2","hero_elements":[{"id":"custom_title","enabled":true,"heading_tag":"h1","title":"Strona g\u0142\u00f3wna","__id":"aCK7yzBXs7s2IaPti_FNe"},{"id":"custom_description","enabled":false,"description_visibility":{"desktop":true,"tablet":true,"mobile":false},"__id":"V_F0gWw0McDY6C8Vhzkzt"},{"id":"custom_meta","enabled":false,"meta_elements":[{"id":"author","enabled":true,"label":"Przez","has_author_avatar":"yes","avatar_size":25},{"id":"post_date","enabled":true,"label":"W\u0142\u0105cz","date_format_source":"default","date_format":"M j, Y"},{"id":"updated_date","enabled":false,"label":"W\u0142\u0105cz","date_format_source":"default","date_format":"M j, Y"},{"id":"categories","enabled":false,"label":"W","style":"simple"},{"id":"comments","enabled":true}],"page_meta_elements":{"joined":true,"articles_count":true,"comments":true},"__id":"yp-s6pDPI95eFB-Hy-HXx"},{"id":"breadcrumbs","enabled":true,"__id":"ode-NhoZMkMuQfjua7MOo"}],"breadcrumbsFontColor":{"default":{"color":"#222222"},"initial":{"color":"#fad689"},"hover":{"color":"#fad689"}},"pageTitleBackground":{"background_type":"color","background_pattern":"type-1","background_image":{"attachment_id":null,"x":0,"y":0},"gradient":"linear-gradient(135deg,rgba(6,147,227,1) 0%,rgb(155,81,224) 100%)","background_repeat":"repeat","background_size":"auto","background_attachment":"scroll","patternColor":{"default":{"color":"#e5e7ea"}},"overlayColor":{"default":{"color":"CT_CSS_SKIP_RULE"}},"backgroundColor":{"default":{"color":"#fdfdfd"}}},"pageTitleFontColor":{"default":{"color":"var(--theme-palette-color-3)"}}},"_links":{"self":[{"href":"https:\/\/ilustratolka.com\/en\/wp-json\/wp\/v2\/pages\/259","targetHints":{"allow":["GET"]}}],"collection":[{"href":"https:\/\/ilustratolka.com\/en\/wp-json\/wp\/v2\/pages"}],"about":[{"href":"https:\/\/ilustratolka.com\/en\/wp-json\/wp\/v2\/types\/page"}],"author":[{"embeddable":true,"href":"https:\/\/ilustratolka.com\/en\/wp-json\/wp\/v2\/users\/1"}],"replies":[{"embeddable":true,"href":"https:\/\/ilustratolka.com\/en\/wp-json\/wp\/v2\/comments?post=259"}],"version-history":[{"count":4,"href":"https:\/\/ilustratolka.com\/en\/wp-json\/wp\/v2\/pages\/259\/revisions"}],"predecessor-version":[{"id":642,"href":"https:\/\/ilustratolka.com\/en\/wp-json\/wp\/v2\/pages\/259\/revisions\/642"}],"wp:attachment":[{"href":"https:\/\/ilustratolka.com\/en\/wp-json\/wp\/v2\/media?parent=259"}],"curies":[{"name":"wp","href":"https:\/\/api.w.org\/{rel}","templated":true}]}}