{"id":282,"date":"2026-02-25T12:50:37","date_gmt":"2026-02-25T11:50:37","guid":{"rendered":"https:\/\/k-walek.pl\/ilustratolka\/?page_id=282"},"modified":"2026-03-02T12:37:50","modified_gmt":"2026-03-02T11:37:50","slug":"markery","status":"publish","type":"page","link":"https:\/\/ilustratolka.com\/en\/markery\/","title":{"rendered":"Markers"},"content":{"rendered":"<div class=\"wp-block-stackable-columns stk-block-columns stk-block stk-65aacdf\" data-block-id=\"65aacdf\"><style>.stk-65aacdf .stk--block-align-65aacdf{align-items:stretch !important;}.stk-65aacdf-column{--stk-column-gap:var(u002du002dstku002du002dpresetu002du002dspacingu002du002d70, 3.38rem) !important;}<\/style><div class=\"stk-row stk-inner-blocks stk--block-align-65aacdf stk-block-content stk-content-align stk-65aacdf-column\">\n<div class=\"wp-block-stackable-column stk-block-column stk-column stk-block stk-981b547\" data-v=\"4\" data-block-id=\"981b547\"><div class=\"stk-column-wrapper stk-block-column__content stk-container stk-981b547-container stk--no-background stk--no-padding\"><div class=\"stk-block-content stk-inner-blocks stk-981b547-inner-blocks\">\n<div class=\"wp-block-stackable-image stk-block-image stk-block stk-c064df6\" data-block-id=\"c064df6\"><figure><span class=\"stk-img-wrapper stk-image--shape-stretch stk--has-lightbox\"><img loading=\"lazy\" decoding=\"async\" class=\"stk-img wp-image-288\" src=\"https:\/\/ilustratolka.com\/wp-content\/uploads\/2026\/02\/WandaVision.jpg\" width=\"1060\" height=\"1500\" alt=\"markery\" srcset=\"https:\/\/ilustratolka.com\/wp-content\/uploads\/2026\/02\/WandaVision.jpg 1060w, https:\/\/ilustratolka.com\/wp-content\/uploads\/2026\/02\/WandaVision-212x300.jpg 212w, https:\/\/ilustratolka.com\/wp-content\/uploads\/2026\/02\/WandaVision-724x1024.jpg 724w, https:\/\/ilustratolka.com\/wp-content\/uploads\/2026\/02\/WandaVision-768x1087.jpg 768w\" sizes=\"auto, (max-width: 1060px) 100vw, 1060px\" \/><\/span><\/figure><\/div>\n\n\n\n<div class=\"wp-block-stackable-image stk-block-image stk-block stk-412e0c6\" data-block-id=\"412e0c6\"><figure><span class=\"stk-img-wrapper stk-image--shape-stretch stk--has-lightbox\"><img loading=\"lazy\" decoding=\"async\" class=\"stk-img wp-image-285\" src=\"https:\/\/ilustratolka.com\/wp-content\/uploads\/2026\/02\/House-of-M.jpg\" width=\"971\" height=\"1500\" alt=\"markery\" srcset=\"https:\/\/ilustratolka.com\/wp-content\/uploads\/2026\/02\/House-of-M.jpg 971w, https:\/\/ilustratolka.com\/wp-content\/uploads\/2026\/02\/House-of-M-194x300.jpg 194w, https:\/\/ilustratolka.com\/wp-content\/uploads\/2026\/02\/House-of-M-663x1024.jpg 663w, https:\/\/ilustratolka.com\/wp-content\/uploads\/2026\/02\/House-of-M-768x1186.jpg 768w\" sizes=\"auto, (max-width: 971px) 100vw, 971px\" \/><\/span><\/figure><\/div>\n\n\n\n<div class=\"wp-block-stackable-image stk-block-image stk-block stk-1b48c51\" data-block-id=\"1b48c51\"><figure><span class=\"stk-img-wrapper stk-image--shape-stretch stk--has-lightbox\"><img loading=\"lazy\" decoding=\"async\" class=\"stk-img wp-image-286\" src=\"https:\/\/ilustratolka.com\/wp-content\/uploads\/2026\/02\/MAGIK.jpg\" width=\"1078\" height=\"1500\" alt=\"markery\" srcset=\"https:\/\/ilustratolka.com\/wp-content\/uploads\/2026\/02\/MAGIK.jpg 1078w, https:\/\/ilustratolka.com\/wp-content\/uploads\/2026\/02\/MAGIK-216x300.jpg 216w, https:\/\/ilustratolka.com\/wp-content\/uploads\/2026\/02\/MAGIK-736x1024.jpg 736w, https:\/\/ilustratolka.com\/wp-content\/uploads\/2026\/02\/MAGIK-768x1069.jpg 768w\" sizes=\"auto, (max-width: 1078px) 100vw, 1078px\" \/><\/span><\/figure><\/div>\n\n\n\n<div class=\"wp-block-stackable-image stk-block-image stk-block stk-e8448e5\" data-block-id=\"e8448e5\"><figure><span class=\"stk-img-wrapper stk-image--shape-stretch stk--has-lightbox\"><img loading=\"lazy\" decoding=\"async\" class=\"stk-img wp-image-287\" src=\"https:\/\/ilustratolka.com\/wp-content\/uploads\/2026\/02\/SOWA-IG.jpg\" width=\"960\" height=\"1200\" alt=\"markery\" srcset=\"https:\/\/ilustratolka.com\/wp-content\/uploads\/2026\/02\/SOWA-IG.jpg 960w, https:\/\/ilustratolka.com\/wp-content\/uploads\/2026\/02\/SOWA-IG-240x300.jpg 240w, https:\/\/ilustratolka.com\/wp-content\/uploads\/2026\/02\/SOWA-IG-819x1024.jpg 819w, https:\/\/ilustratolka.com\/wp-content\/uploads\/2026\/02\/SOWA-IG-768x960.jpg 768w\" sizes=\"auto, (max-width: 960px) 100vw, 960px\" \/><\/span><\/figure><\/div>\n\n\n\n<div class=\"wp-block-stackable-image stk-block-image stk-block stk-91186be\" data-block-id=\"91186be\"><figure><span class=\"stk-img-wrapper stk-image--shape-stretch stk--has-lightbox\"><img loading=\"lazy\" decoding=\"async\" class=\"stk-img wp-image-284\" src=\"https:\/\/ilustratolka.com\/wp-content\/uploads\/2026\/02\/HDPEF.jpg\" width=\"1500\" height=\"1500\" alt=\"markery\" srcset=\"https:\/\/ilustratolka.com\/wp-content\/uploads\/2026\/02\/HDPEF.jpg 1500w, https:\/\/ilustratolka.com\/wp-content\/uploads\/2026\/02\/HDPEF-300x300.jpg 300w, https:\/\/ilustratolka.com\/wp-content\/uploads\/2026\/02\/HDPEF-1024x1024.jpg 1024w, https:\/\/ilustratolka.com\/wp-content\/uploads\/2026\/02\/HDPEF-150x150.jpg 150w, https:\/\/ilustratolka.com\/wp-content\/uploads\/2026\/02\/HDPEF-768x768.jpg 768w\" sizes=\"auto, (max-width: 1500px) 100vw, 1500px\" \/><\/span><\/figure><\/div>\n<\/div><\/div><\/div>\n\n\n\n<div class=\"wp-block-stackable-column stk-block-column stk-column stk-block stk-abe9020\" data-v=\"4\" data-block-id=\"abe9020\"><div class=\"stk-column-wrapper stk-block-column__content stk-container stk-abe9020-container stk--no-background stk--no-padding\"><div class=\"stk-block-content stk-inner-blocks stk-abe9020-inner-blocks\">\n<div class=\"wp-block-stackable-image stk-block-image stk-block stk-65e0477\" data-block-id=\"65e0477\"><figure><span class=\"stk-img-wrapper stk-image--shape-stretch stk--has-lightbox\"><img loading=\"lazy\" decoding=\"async\" class=\"stk-img wp-image-295\" src=\"https:\/\/ilustratolka.com\/wp-content\/uploads\/2026\/02\/demon-1.jpg\" width=\"1070\" height=\"1500\" alt=\"markery\" srcset=\"https:\/\/ilustratolka.com\/wp-content\/uploads\/2026\/02\/demon-1.jpg 1070w, https:\/\/ilustratolka.com\/wp-content\/uploads\/2026\/02\/demon-1-214x300.jpg 214w, https:\/\/ilustratolka.com\/wp-content\/uploads\/2026\/02\/demon-1-730x1024.jpg 730w, https:\/\/ilustratolka.com\/wp-content\/uploads\/2026\/02\/demon-1-768x1077.jpg 768w\" sizes=\"auto, (max-width: 1070px) 100vw, 1070px\" \/><\/span><\/figure><\/div>\n\n\n\n<div class=\"wp-block-stackable-image stk-block-image stk-block stk-95bb8c4\" data-block-id=\"95bb8c4\"><figure><span class=\"stk-img-wrapper stk-image--shape-stretch stk--has-lightbox\"><img loading=\"lazy\" decoding=\"async\" class=\"stk-img wp-image-289\" src=\"https:\/\/ilustratolka.com\/wp-content\/uploads\/2026\/02\/All-New-X-Men3.jpg\" width=\"1085\" height=\"1500\" alt=\"markery\" srcset=\"https:\/\/ilustratolka.com\/wp-content\/uploads\/2026\/02\/All-New-X-Men3.jpg 1085w, https:\/\/ilustratolka.com\/wp-content\/uploads\/2026\/02\/All-New-X-Men3-217x300.jpg 217w, https:\/\/ilustratolka.com\/wp-content\/uploads\/2026\/02\/All-New-X-Men3-741x1024.jpg 741w, https:\/\/ilustratolka.com\/wp-content\/uploads\/2026\/02\/All-New-X-Men3-768x1062.jpg 768w\" sizes=\"auto, (max-width: 1085px) 100vw, 1085px\" \/><\/span><\/figure><\/div>\n\n\n\n<div class=\"wp-block-stackable-image stk-block-image stk-block stk-e381463\" data-block-id=\"e381463\"><figure><span class=\"stk-img-wrapper stk-image--shape-stretch stk--has-lightbox\"><img loading=\"lazy\" decoding=\"async\" class=\"stk-img wp-image-293\" src=\"https:\/\/ilustratolka.com\/wp-content\/uploads\/2026\/02\/NIGHTCRAWLER-1.jpg\" width=\"841\" height=\"1200\" alt=\"markery\" srcset=\"https:\/\/ilustratolka.com\/wp-content\/uploads\/2026\/02\/NIGHTCRAWLER-1.jpg 841w, https:\/\/ilustratolka.com\/wp-content\/uploads\/2026\/02\/NIGHTCRAWLER-1-210x300.jpg 210w, https:\/\/ilustratolka.com\/wp-content\/uploads\/2026\/02\/NIGHTCRAWLER-1-718x1024.jpg 718w, https:\/\/ilustratolka.com\/wp-content\/uploads\/2026\/02\/NIGHTCRAWLER-1-768x1096.jpg 768w\" sizes=\"auto, (max-width: 841px) 100vw, 841px\" \/><\/span><\/figure><\/div>\n\n\n\n<div class=\"wp-block-stackable-image stk-block-image stk-block stk-82b7d87\" data-block-id=\"82b7d87\"><figure><span class=\"stk-img-wrapper stk-image--shape-stretch stk--has-lightbox\"><img loading=\"lazy\" decoding=\"async\" class=\"stk-img wp-image-292\" src=\"https:\/\/ilustratolka.com\/wp-content\/uploads\/2026\/02\/Lesna-bogini-4-5.jpg\" width=\"1600\" height=\"2000\" alt=\"markery\" srcset=\"https:\/\/ilustratolka.com\/wp-content\/uploads\/2026\/02\/Lesna-bogini-4-5.jpg 1600w, https:\/\/ilustratolka.com\/wp-content\/uploads\/2026\/02\/Lesna-bogini-4-5-240x300.jpg 240w, https:\/\/ilustratolka.com\/wp-content\/uploads\/2026\/02\/Lesna-bogini-4-5-819x1024.jpg 819w, https:\/\/ilustratolka.com\/wp-content\/uploads\/2026\/02\/Lesna-bogini-4-5-768x960.jpg 768w, https:\/\/ilustratolka.com\/wp-content\/uploads\/2026\/02\/Lesna-bogini-4-5-1229x1536.jpg 1229w\" sizes=\"auto, (max-width: 1600px) 100vw, 1600px\" \/><\/span><\/figure><\/div>\n\n\n\n<div class=\"wp-block-stackable-image stk-block-image stk-block stk-13a8042\" data-block-id=\"13a8042\"><figure><span class=\"stk-img-wrapper stk-image--shape-stretch stk--has-lightbox\"><img loading=\"lazy\" decoding=\"async\" class=\"stk-img wp-image-290\" src=\"https:\/\/ilustratolka.com\/wp-content\/uploads\/2026\/02\/GLA-BLANK-COVER.jpg\" width=\"900\" height=\"1380\" alt=\"markery\" srcset=\"https:\/\/ilustratolka.com\/wp-content\/uploads\/2026\/02\/GLA-BLANK-COVER.jpg 900w, https:\/\/ilustratolka.com\/wp-content\/uploads\/2026\/02\/GLA-BLANK-COVER-196x300.jpg 196w, https:\/\/ilustratolka.com\/wp-content\/uploads\/2026\/02\/GLA-BLANK-COVER-668x1024.jpg 668w, https:\/\/ilustratolka.com\/wp-content\/uploads\/2026\/02\/GLA-BLANK-COVER-768x1178.jpg 768w\" sizes=\"auto, (max-width: 900px) 100vw, 900px\" \/><\/span><\/figure><\/div>\n<\/div><\/div><\/div>\n\n\n\n<div class=\"wp-block-stackable-column stk-block-column stk-column stk-block stk-5001b05\" data-v=\"4\" data-block-id=\"5001b05\"><div class=\"stk-column-wrapper stk-block-column__content stk-container stk-5001b05-container stk--no-background stk--no-padding\"><div class=\"stk-block-content stk-inner-blocks stk-5001b05-inner-blocks\">\n<div class=\"wp-block-stackable-image stk-block-image stk-block stk-a773e18\" data-block-id=\"a773e18\"><figure><span class=\"stk-img-wrapper stk-image--shape-stretch stk--has-lightbox\"><img loading=\"lazy\" decoding=\"async\" class=\"stk-img wp-image-296\" src=\"https:\/\/ilustratolka.com\/wp-content\/uploads\/2026\/02\/CIche-miejsce.jpg\" width=\"1200\" height=\"1698\" alt=\"markery\" srcset=\"https:\/\/ilustratolka.com\/wp-content\/uploads\/2026\/02\/CIche-miejsce.jpg 1200w, https:\/\/ilustratolka.com\/wp-content\/uploads\/2026\/02\/CIche-miejsce-212x300.jpg 212w, https:\/\/ilustratolka.com\/wp-content\/uploads\/2026\/02\/CIche-miejsce-724x1024.jpg 724w, https:\/\/ilustratolka.com\/wp-content\/uploads\/2026\/02\/CIche-miejsce-768x1087.jpg 768w, https:\/\/ilustratolka.com\/wp-content\/uploads\/2026\/02\/CIche-miejsce-1086x1536.jpg 1086w\" sizes=\"auto, (max-width: 1200px) 100vw, 1200px\" \/><\/span><\/figure><\/div>\n\n\n\n<div class=\"wp-block-stackable-image stk-block-image stk-block stk-728afbb\" data-block-id=\"728afbb\"><figure><span class=\"stk-img-wrapper stk-image--shape-stretch stk--has-lightbox\"><img loading=\"lazy\" decoding=\"async\" class=\"stk-img wp-image-299\" src=\"https:\/\/ilustratolka.com\/wp-content\/uploads\/2026\/02\/Harpia-kolor.jpg\" width=\"1200\" height=\"1672\" alt=\"markery\" srcset=\"https:\/\/ilustratolka.com\/wp-content\/uploads\/2026\/02\/Harpia-kolor.jpg 1200w, https:\/\/ilustratolka.com\/wp-content\/uploads\/2026\/02\/Harpia-kolor-215x300.jpg 215w, https:\/\/ilustratolka.com\/wp-content\/uploads\/2026\/02\/Harpia-kolor-735x1024.jpg 735w, https:\/\/ilustratolka.com\/wp-content\/uploads\/2026\/02\/Harpia-kolor-768x1070.jpg 768w, https:\/\/ilustratolka.com\/wp-content\/uploads\/2026\/02\/Harpia-kolor-1102x1536.jpg 1102w\" sizes=\"auto, (max-width: 1200px) 100vw, 1200px\" \/><\/span><\/figure><\/div>\n\n\n\n<div class=\"wp-block-stackable-image stk-block-image stk-block stk-82e9ca2\" data-block-id=\"82e9ca2\"><figure><span class=\"stk-img-wrapper stk-image--shape-stretch stk--has-lightbox\"><img loading=\"lazy\" decoding=\"async\" class=\"stk-img wp-image-302\" src=\"https:\/\/ilustratolka.com\/wp-content\/uploads\/2026\/02\/Wonder-Woman-insta.jpg\" width=\"900\" height=\"1385\" alt=\"markery\" srcset=\"https:\/\/ilustratolka.com\/wp-content\/uploads\/2026\/02\/Wonder-Woman-insta.jpg 900w, https:\/\/ilustratolka.com\/wp-content\/uploads\/2026\/02\/Wonder-Woman-insta-195x300.jpg 195w, https:\/\/ilustratolka.com\/wp-content\/uploads\/2026\/02\/Wonder-Woman-insta-665x1024.jpg 665w, https:\/\/ilustratolka.com\/wp-content\/uploads\/2026\/02\/Wonder-Woman-insta-768x1182.jpg 768w\" sizes=\"auto, (max-width: 900px) 100vw, 900px\" \/><\/span><\/figure><\/div>\n\n\n\n<div class=\"wp-block-stackable-image stk-block-image stk-block stk-97fa040\" data-block-id=\"97fa040\"><figure><span class=\"stk-img-wrapper stk-image--shape-stretch stk--has-lightbox\"><img loading=\"lazy\" decoding=\"async\" class=\"stk-img wp-image-298\" src=\"https:\/\/ilustratolka.com\/wp-content\/uploads\/2026\/02\/Harley-Quinn.jpg\" width=\"1800\" height=\"2400\" alt=\"markery\" srcset=\"https:\/\/ilustratolka.com\/wp-content\/uploads\/2026\/02\/Harley-Quinn.jpg 1800w, https:\/\/ilustratolka.com\/wp-content\/uploads\/2026\/02\/Harley-Quinn-225x300.jpg 225w, https:\/\/ilustratolka.com\/wp-content\/uploads\/2026\/02\/Harley-Quinn-768x1024.jpg 768w, https:\/\/ilustratolka.com\/wp-content\/uploads\/2026\/02\/Harley-Quinn-1152x1536.jpg 1152w, https:\/\/ilustratolka.com\/wp-content\/uploads\/2026\/02\/Harley-Quinn-1536x2048.jpg 1536w\" sizes=\"auto, (max-width: 1800px) 100vw, 1800px\" \/><\/span><\/figure><\/div>\n\n\n\n<div class=\"wp-block-stackable-image stk-block-image stk-block stk-57a79a6\" data-block-id=\"57a79a6\"><figure><span class=\"stk-img-wrapper stk-image--shape-stretch stk--has-lightbox\"><img loading=\"lazy\" decoding=\"async\" class=\"stk-img wp-image-297\" src=\"https:\/\/ilustratolka.com\/wp-content\/uploads\/2026\/02\/dziewczyna-i-sowa2-1.jpg\" width=\"1000\" height=\"1250\" alt=\"markery\" srcset=\"https:\/\/ilustratolka.com\/wp-content\/uploads\/2026\/02\/dziewczyna-i-sowa2-1.jpg 1000w, https:\/\/ilustratolka.com\/wp-content\/uploads\/2026\/02\/dziewczyna-i-sowa2-1-240x300.jpg 240w, https:\/\/ilustratolka.com\/wp-content\/uploads\/2026\/02\/dziewczyna-i-sowa2-1-819x1024.jpg 819w, https:\/\/ilustratolka.com\/wp-content\/uploads\/2026\/02\/dziewczyna-i-sowa2-1-768x960.jpg 768w\" sizes=\"auto, (max-width: 1000px) 100vw, 1000px\" \/><\/span><\/figure><\/div>\n\n\n\n<div class=\"wp-block-stackable-image stk-block-image stk-block stk-fe1492d\" data-block-id=\"fe1492d\"><figure><span class=\"stk-img-wrapper stk-image--shape-stretch stk--has-lightbox\"><img loading=\"lazy\" decoding=\"async\" class=\"stk-img wp-image-300\" src=\"https:\/\/ilustratolka.com\/wp-content\/uploads\/2026\/02\/img296.jpg\" width=\"1500\" height=\"1637\" alt=\"markery\" srcset=\"https:\/\/ilustratolka.com\/wp-content\/uploads\/2026\/02\/img296.jpg 1500w, https:\/\/ilustratolka.com\/wp-content\/uploads\/2026\/02\/img296-275x300.jpg 275w, https:\/\/ilustratolka.com\/wp-content\/uploads\/2026\/02\/img296-938x1024.jpg 938w, https:\/\/ilustratolka.com\/wp-content\/uploads\/2026\/02\/img296-768x838.jpg 768w, https:\/\/ilustratolka.com\/wp-content\/uploads\/2026\/02\/img296-1407x1536.jpg 1407w\" sizes=\"auto, (max-width: 1500px) 100vw, 1500px\" \/><\/span><\/figure><\/div>\n\n\n\n<div class=\"wp-block-stackable-image stk-block-image stk-block stk-642e672\" data-block-id=\"642e672\"><figure><span class=\"stk-img-wrapper stk-image--shape-stretch stk--has-lightbox\"><img loading=\"lazy\" decoding=\"async\" class=\"stk-img wp-image-301\" src=\"https:\/\/ilustratolka.com\/wp-content\/uploads\/2026\/02\/kdr-1.jpg\" width=\"1500\" height=\"904\" alt=\"markery\" srcset=\"https:\/\/ilustratolka.com\/wp-content\/uploads\/2026\/02\/kdr-1.jpg 1500w, https:\/\/ilustratolka.com\/wp-content\/uploads\/2026\/02\/kdr-1-300x181.jpg 300w, https:\/\/ilustratolka.com\/wp-content\/uploads\/2026\/02\/kdr-1-1024x617.jpg 1024w, https:\/\/ilustratolka.com\/wp-content\/uploads\/2026\/02\/kdr-1-768x463.jpg 768w\" sizes=\"auto, (max-width: 1500px) 100vw, 1500px\" \/><\/span><\/figure><\/div>\n<\/div><\/div><\/div>\n<\/div><\/div>","protected":false},"excerpt":{"rendered":"","protected":false},"author":1,"featured_media":0,"parent":0,"menu_order":0,"comment_status":"closed","ping_status":"closed","template":"","meta":{"footnotes":""},"class_list":["post-282","page","type-page","status-publish","hentry"],"blocksy_meta":{"disable_header":"no","background":{"background_type":"color","background_pattern":"type-1","background_image":{"attachment_id":null,"x":0,"y":0},"gradient":"linear-gradient(135deg,rgba(6,147,227,1) 0%,rgb(155,81,224) 100%)","background_repeat":"repeat","background_size":"auto","background_attachment":"scroll","patternColor":{"default":{"color":"#e5e7ea"}},"overlayColor":{"default":{"color":"CT_CSS_SKIP_RULE"}},"backgroundColor":{"default":{"color":"var(--theme-palette-color-8)"}}},"styles_descriptor":{"styles":{"desktop":"[data-prefix=\"single_page\"] {background-color:var(--theme-palette-color-8);background-image:none;}","tablet":"","mobile":""},"google_fonts":[],"version":6},"page_structure_type":"type-4","has_hero_section":"default","hero_section":"type-2","hero_elements":[{"id":"custom_title","enabled":true,"heading_tag":"h1","title":"Strona g\u0142\u00f3wna","__id":"aCK7yzBXs7s2IaPti_FNe"},{"id":"custom_description","enabled":false,"description_visibility":{"desktop":true,"tablet":true,"mobile":false},"__id":"V_F0gWw0McDY6C8Vhzkzt"},{"id":"custom_meta","enabled":false,"meta_elements":[{"id":"author","enabled":true,"label":"Przez","has_author_avatar":"yes","avatar_size":25},{"id":"post_date","enabled":true,"label":"W\u0142\u0105cz","date_format_source":"default","date_format":"M j, Y"},{"id":"updated_date","enabled":false,"label":"W\u0142\u0105cz","date_format_source":"default","date_format":"M j, Y"},{"id":"categories","enabled":false,"label":"W","style":"simple"},{"id":"comments","enabled":true}],"page_meta_elements":{"joined":true,"articles_count":true,"comments":true},"__id":"yp-s6pDPI95eFB-Hy-HXx"},{"id":"breadcrumbs","enabled":true,"__id":"ode-NhoZMkMuQfjua7MOo"}],"breadcrumbsFontColor":{"default":{"color":"var(--theme-palette-color-7)"},"initial":{"color":"#fad689"},"hover":{"color":"#fad689"}},"pageTitleBackground":{"background_type":"color","background_pattern":"type-1","background_image":{"attachment_id":null,"x":0,"y":0},"gradient":"linear-gradient(135deg,rgba(6,147,227,1) 0%,rgb(155,81,224) 100%)","background_repeat":"repeat","background_size":"auto","background_attachment":"scroll","patternColor":{"default":{"color":"#e5e7ea"}},"overlayColor":{"default":{"color":"CT_CSS_SKIP_RULE"}},"backgroundColor":{"default":{"color":"#222222"}}},"pageTitleFontColor":{"default":{"color":"#fad689"}}},"_links":{"self":[{"href":"https:\/\/ilustratolka.com\/en\/wp-json\/wp\/v2\/pages\/282","targetHints":{"allow":["GET"]}}],"collection":[{"href":"https:\/\/ilustratolka.com\/en\/wp-json\/wp\/v2\/pages"}],"about":[{"href":"https:\/\/ilustratolka.com\/en\/wp-json\/wp\/v2\/types\/page"}],"author":[{"embeddable":true,"href":"https:\/\/ilustratolka.com\/en\/wp-json\/wp\/v2\/users\/1"}],"replies":[{"embeddable":true,"href":"https:\/\/ilustratolka.com\/en\/wp-json\/wp\/v2\/comments?post=282"}],"version-history":[{"count":4,"href":"https:\/\/ilustratolka.com\/en\/wp-json\/wp\/v2\/pages\/282\/revisions"}],"predecessor-version":[{"id":656,"href":"https:\/\/ilustratolka.com\/en\/wp-json\/wp\/v2\/pages\/282\/revisions\/656"}],"wp:attachment":[{"href":"https:\/\/ilustratolka.com\/en\/wp-json\/wp\/v2\/media?parent=282"}],"curies":[{"name":"wp","href":"https:\/\/api.w.org\/{rel}","templated":true}]}}