{"id":305,"date":"2026-02-25T12:54:22","date_gmt":"2026-02-25T11:54:22","guid":{"rendered":"https:\/\/k-walek.pl\/ilustratolka\/?page_id=305"},"modified":"2026-03-02T12:35:05","modified_gmt":"2026-03-02T11:35:05","slug":"kawa","status":"publish","type":"page","link":"https:\/\/ilustratolka.com\/en\/kawa\/","title":{"rendered":"Coffee"},"content":{"rendered":"<div class=\"wp-block-stackable-columns stk-block-columns stk-block stk-65aacdf\" data-block-id=\"65aacdf\"><style>.stk-65aacdf .stk--block-align-65aacdf{align-items:stretch !important;}.stk-65aacdf-column{--stk-column-gap:var(u002du002dstku002du002dpresetu002du002dspacingu002du002d70, 3.38rem) !important;}<\/style><div class=\"stk-row stk-inner-blocks stk--block-align-65aacdf stk-block-content stk-content-align stk-65aacdf-column\">\n<div class=\"wp-block-stackable-column stk-block-column stk-column stk-block stk-981b547\" data-v=\"4\" data-block-id=\"981b547\"><div class=\"stk-column-wrapper stk-block-column__content stk-container stk-981b547-container stk--no-background stk--no-padding\"><div class=\"stk-block-content stk-inner-blocks stk-981b547-inner-blocks\">\n<div class=\"wp-block-stackable-image stk-block-image stk-block stk-c064df6\" data-block-id=\"c064df6\"><figure><span class=\"stk-img-wrapper stk-image--shape-stretch stk--has-lightbox\"><img loading=\"lazy\" decoding=\"async\" class=\"stk-img wp-image-306\" src=\"https:\/\/ilustratolka.com\/wp-content\/uploads\/2026\/02\/1.-plakat-A3.jpg\" width=\"997\" height=\"709\" alt=\"kawa\" srcset=\"https:\/\/ilustratolka.com\/wp-content\/uploads\/2026\/02\/1.-plakat-A3.jpg 997w, https:\/\/ilustratolka.com\/wp-content\/uploads\/2026\/02\/1.-plakat-A3-300x213.jpg 300w, https:\/\/ilustratolka.com\/wp-content\/uploads\/2026\/02\/1.-plakat-A3-768x546.jpg 768w\" sizes=\"auto, (max-width: 997px) 100vw, 997px\" \/><\/span><\/figure><\/div>\n\n\n\n<div class=\"wp-block-stackable-image stk-block-image stk-block stk-412e0c6\" data-block-id=\"412e0c6\"><figure><span class=\"stk-img-wrapper stk-image--shape-stretch stk--has-lightbox\"><img loading=\"lazy\" decoding=\"async\" class=\"stk-img wp-image-310\" src=\"https:\/\/ilustratolka.com\/wp-content\/uploads\/2026\/02\/Lubliniec-2022-skonczona-praca.jpg\" width=\"1400\" height=\"976\" alt=\"kawa\" srcset=\"https:\/\/ilustratolka.com\/wp-content\/uploads\/2026\/02\/Lubliniec-2022-skonczona-praca.jpg 1400w, https:\/\/ilustratolka.com\/wp-content\/uploads\/2026\/02\/Lubliniec-2022-skonczona-praca-300x209.jpg 300w, https:\/\/ilustratolka.com\/wp-content\/uploads\/2026\/02\/Lubliniec-2022-skonczona-praca-1024x714.jpg 1024w, https:\/\/ilustratolka.com\/wp-content\/uploads\/2026\/02\/Lubliniec-2022-skonczona-praca-768x535.jpg 768w\" sizes=\"auto, (max-width: 1400px) 100vw, 1400px\" \/><\/span><\/figure><\/div>\n\n\n\n<div class=\"wp-block-stackable-image stk-block-image stk-block stk-1b48c51\" data-block-id=\"1b48c51\"><figure><span class=\"stk-img-wrapper stk-image--shape-stretch stk--has-lightbox\"><img loading=\"lazy\" decoding=\"async\" class=\"stk-img wp-image-307\" src=\"https:\/\/ilustratolka.com\/wp-content\/uploads\/2026\/02\/2.jpg\" width=\"1191\" height=\"842\" alt=\"kawa\" srcset=\"https:\/\/ilustratolka.com\/wp-content\/uploads\/2026\/02\/2.jpg 1191w, https:\/\/ilustratolka.com\/wp-content\/uploads\/2026\/02\/2-300x212.jpg 300w, https:\/\/ilustratolka.com\/wp-content\/uploads\/2026\/02\/2-1024x724.jpg 1024w, https:\/\/ilustratolka.com\/wp-content\/uploads\/2026\/02\/2-768x543.jpg 768w\" sizes=\"auto, (max-width: 1191px) 100vw, 1191px\" \/><\/span><\/figure><\/div>\n<\/div><\/div><\/div>\n\n\n\n<div class=\"wp-block-stackable-column stk-block-column stk-column stk-block stk-abe9020\" data-v=\"4\" data-block-id=\"abe9020\"><div class=\"stk-column-wrapper stk-block-column__content stk-container stk-abe9020-container stk--no-background stk--no-padding\"><div class=\"stk-block-content stk-inner-blocks stk-abe9020-inner-blocks\">\n<div class=\"wp-block-stackable-image stk-block-image stk-block stk-65e0477\" data-block-id=\"65e0477\"><figure><span class=\"stk-img-wrapper stk-image--shape-stretch stk--has-lightbox\"><img loading=\"lazy\" decoding=\"async\" class=\"stk-img wp-image-311\" src=\"https:\/\/ilustratolka.com\/wp-content\/uploads\/2026\/02\/PALAC.jpg\" width=\"1500\" height=\"1062\" alt=\"kawa\" srcset=\"https:\/\/ilustratolka.com\/wp-content\/uploads\/2026\/02\/PALAC.jpg 1500w, https:\/\/ilustratolka.com\/wp-content\/uploads\/2026\/02\/PALAC-300x212.jpg 300w, https:\/\/ilustratolka.com\/wp-content\/uploads\/2026\/02\/PALAC-1024x725.jpg 1024w, https:\/\/ilustratolka.com\/wp-content\/uploads\/2026\/02\/PALAC-768x544.jpg 768w\" sizes=\"auto, (max-width: 1500px) 100vw, 1500px\" \/><\/span><\/figure><\/div>\n\n\n\n<div class=\"wp-block-stackable-image stk-block-image stk-block stk-95bb8c4\" data-block-id=\"95bb8c4\"><figure><span class=\"stk-img-wrapper stk-image--shape-stretch stk--has-lightbox\"><img loading=\"lazy\" decoding=\"async\" class=\"stk-img wp-image-308\" src=\"https:\/\/ilustratolka.com\/wp-content\/uploads\/2026\/02\/4.jpg\" width=\"1181\" height=\"842\" alt=\"kawa\" srcset=\"https:\/\/ilustratolka.com\/wp-content\/uploads\/2026\/02\/4.jpg 1181w, https:\/\/ilustratolka.com\/wp-content\/uploads\/2026\/02\/4-300x214.jpg 300w, https:\/\/ilustratolka.com\/wp-content\/uploads\/2026\/02\/4-1024x730.jpg 1024w, https:\/\/ilustratolka.com\/wp-content\/uploads\/2026\/02\/4-768x548.jpg 768w\" sizes=\"auto, (max-width: 1181px) 100vw, 1181px\" \/><\/span><\/figure><\/div>\n\n\n\n<div class=\"wp-block-stackable-image stk-block-image stk-block stk-e381463\" data-block-id=\"e381463\"><figure><span class=\"stk-img-wrapper stk-image--shape-stretch stk--has-lightbox\"><img loading=\"lazy\" decoding=\"async\" class=\"stk-img wp-image-309\" src=\"https:\/\/ilustratolka.com\/wp-content\/uploads\/2026\/02\/IMG_6299.jpg\" width=\"2000\" height=\"1266\" alt=\"kawa\" srcset=\"https:\/\/ilustratolka.com\/wp-content\/uploads\/2026\/02\/IMG_6299.jpg 2000w, https:\/\/ilustratolka.com\/wp-content\/uploads\/2026\/02\/IMG_6299-300x190.jpg 300w, https:\/\/ilustratolka.com\/wp-content\/uploads\/2026\/02\/IMG_6299-1024x648.jpg 1024w, https:\/\/ilustratolka.com\/wp-content\/uploads\/2026\/02\/IMG_6299-768x486.jpg 768w, https:\/\/ilustratolka.com\/wp-content\/uploads\/2026\/02\/IMG_6299-1536x972.jpg 1536w\" sizes=\"auto, (max-width: 2000px) 100vw, 2000px\" \/><\/span><\/figure><\/div>\n<\/div><\/div><\/div>\n\n\n\n<div class=\"wp-block-stackable-column stk-block-column stk-column stk-block stk-5001b05\" data-v=\"4\" data-block-id=\"5001b05\"><div class=\"stk-column-wrapper stk-block-column__content stk-container stk-5001b05-container stk--no-background stk--no-padding\"><div class=\"stk-block-content stk-inner-blocks stk-5001b05-inner-blocks\">\n<div class=\"wp-block-stackable-image stk-block-image stk-block stk-a773e18\" data-block-id=\"a773e18\"><figure><span class=\"stk-img-wrapper stk-image--shape-stretch stk--has-lightbox\"><img loading=\"lazy\" decoding=\"async\" class=\"stk-img wp-image-312\" src=\"https:\/\/ilustratolka.com\/wp-content\/uploads\/2026\/02\/SKM_C45819101014320.jpg\" width=\"815\" height=\"1161\" alt=\"kawa\" srcset=\"https:\/\/ilustratolka.com\/wp-content\/uploads\/2026\/02\/SKM_C45819101014320.jpg 815w, https:\/\/ilustratolka.com\/wp-content\/uploads\/2026\/02\/SKM_C45819101014320-211x300.jpg 211w, https:\/\/ilustratolka.com\/wp-content\/uploads\/2026\/02\/SKM_C45819101014320-719x1024.jpg 719w, https:\/\/ilustratolka.com\/wp-content\/uploads\/2026\/02\/SKM_C45819101014320-768x1094.jpg 768w\" sizes=\"auto, (max-width: 815px) 100vw, 815px\" \/><\/span><\/figure><\/div>\n<\/div><\/div><\/div>\n<\/div><\/div>","protected":false},"excerpt":{"rendered":"","protected":false},"author":1,"featured_media":0,"parent":0,"menu_order":0,"comment_status":"closed","ping_status":"closed","template":"","meta":{"footnotes":""},"class_list":["post-305","page","type-page","status-publish","hentry"],"blocksy_meta":{"disable_header":"no","background":{"background_type":"color","background_pattern":"type-1","background_image":{"attachment_id":null,"x":0,"y":0},"gradient":"linear-gradient(135deg,rgba(6,147,227,1) 0%,rgb(155,81,224) 100%)","background_repeat":"repeat","background_size":"auto","background_attachment":"scroll","patternColor":{"default":{"color":"#e5e7ea"}},"overlayColor":{"default":{"color":"CT_CSS_SKIP_RULE"}},"backgroundColor":{"default":{"color":"var(--theme-palette-color-8)"}}},"styles_descriptor":{"styles":{"desktop":"[data-prefix=\"single_page\"] {background-color:var(--theme-palette-color-8);background-image:none;}","tablet":"","mobile":""},"google_fonts":[],"version":6},"page_structure_type":"type-4","has_hero_section":"default","hero_section":"type-2","hero_elements":[{"id":"custom_title","enabled":true,"heading_tag":"h1","title":"Strona g\u0142\u00f3wna","__id":"aCK7yzBXs7s2IaPti_FNe"},{"id":"custom_description","enabled":false,"description_visibility":{"desktop":true,"tablet":true,"mobile":false},"__id":"V_F0gWw0McDY6C8Vhzkzt"},{"id":"custom_meta","enabled":false,"meta_elements":[{"id":"author","enabled":true,"label":"Przez","has_author_avatar":"yes","avatar_size":25},{"id":"post_date","enabled":true,"label":"W\u0142\u0105cz","date_format_source":"default","date_format":"M j, Y"},{"id":"updated_date","enabled":false,"label":"W\u0142\u0105cz","date_format_source":"default","date_format":"M j, Y"},{"id":"categories","enabled":false,"label":"W","style":"simple"},{"id":"comments","enabled":true}],"page_meta_elements":{"joined":true,"articles_count":true,"comments":true},"__id":"yp-s6pDPI95eFB-Hy-HXx"},{"id":"breadcrumbs","enabled":true,"__id":"ode-NhoZMkMuQfjua7MOo"}],"breadcrumbsFontColor":{"default":{"color":"#222222"},"initial":{"color":"#fad689"},"hover":{"color":"#fad689"}},"pageTitleBackground":{"background_type":"color","background_pattern":"type-1","background_image":{"attachment_id":null,"x":0,"y":0},"gradient":"linear-gradient(135deg,rgba(6,147,227,1) 0%,rgb(155,81,224) 100%)","background_repeat":"repeat","background_size":"auto","background_attachment":"scroll","patternColor":{"default":{"color":"#e5e7ea"}},"overlayColor":{"default":{"color":"CT_CSS_SKIP_RULE"}},"backgroundColor":{"default":{"color":"#fdfdfd"}}},"pageTitleFontColor":{"default":{"color":"var(--theme-palette-color-3)"}}},"_links":{"self":[{"href":"https:\/\/ilustratolka.com\/en\/wp-json\/wp\/v2\/pages\/305","targetHints":{"allow":["GET"]}}],"collection":[{"href":"https:\/\/ilustratolka.com\/en\/wp-json\/wp\/v2\/pages"}],"about":[{"href":"https:\/\/ilustratolka.com\/en\/wp-json\/wp\/v2\/types\/page"}],"author":[{"embeddable":true,"href":"https:\/\/ilustratolka.com\/en\/wp-json\/wp\/v2\/users\/1"}],"replies":[{"embeddable":true,"href":"https:\/\/ilustratolka.com\/en\/wp-json\/wp\/v2\/comments?post=305"}],"version-history":[{"count":3,"href":"https:\/\/ilustratolka.com\/en\/wp-json\/wp\/v2\/pages\/305\/revisions"}],"predecessor-version":[{"id":613,"href":"https:\/\/ilustratolka.com\/en\/wp-json\/wp\/v2\/pages\/305\/revisions\/613"}],"wp:attachment":[{"href":"https:\/\/ilustratolka.com\/en\/wp-json\/wp\/v2\/media?parent=305"}],"curies":[{"name":"wp","href":"https:\/\/api.w.org\/{rel}","templated":true}]}}