{"id":314,"date":"2026-02-25T12:59:48","date_gmt":"2026-02-25T11:59:48","guid":{"rendered":"https:\/\/k-walek.pl\/ilustratolka\/?page_id=314"},"modified":"2026-03-02T12:41:02","modified_gmt":"2026-03-02T11:41:02","slug":"olowek","status":"publish","type":"page","link":"https:\/\/ilustratolka.com\/en\/olowek\/","title":{"rendered":"Pencil"},"content":{"rendered":"<div class=\"wp-block-stackable-columns stk-block-columns stk-block stk-65aacdf\" data-block-id=\"65aacdf\"><style>.stk-65aacdf .stk--block-align-65aacdf{align-items:stretch !important;}.stk-65aacdf-column{--stk-column-gap:var(u002du002dstku002du002dpresetu002du002dspacingu002du002d70, 3.38rem) !important;}<\/style><div class=\"stk-row stk-inner-blocks stk--block-align-65aacdf stk-block-content stk-content-align stk-65aacdf-column\">\n<div class=\"wp-block-stackable-column stk-block-column stk-column stk-block stk-981b547\" data-v=\"4\" data-block-id=\"981b547\"><div class=\"stk-column-wrapper stk-block-column__content stk-container stk-981b547-container stk--no-background stk--no-padding\"><div class=\"stk-block-content stk-inner-blocks stk-981b547-inner-blocks\">\n<div class=\"wp-block-stackable-image stk-block-image stk-block stk-c064df6\" data-block-id=\"c064df6\"><figure><span class=\"stk-img-wrapper stk-image--shape-stretch stk--has-lightbox\"><img loading=\"lazy\" decoding=\"async\" class=\"stk-img wp-image-322\" src=\"https:\/\/ilustratolka.com\/wp-content\/uploads\/2026\/02\/561792_512262938821065_1342140054_n_by_redwatercolour-d8wi3ll.jpg\" width=\"678\" height=\"960\" alt=\"o\u0142\u00f3wek\" srcset=\"https:\/\/ilustratolka.com\/wp-content\/uploads\/2026\/02\/561792_512262938821065_1342140054_n_by_redwatercolour-d8wi3ll.jpg 678w, https:\/\/ilustratolka.com\/wp-content\/uploads\/2026\/02\/561792_512262938821065_1342140054_n_by_redwatercolour-d8wi3ll-212x300.jpg 212w\" sizes=\"auto, (max-width: 678px) 100vw, 678px\" \/><\/span><\/figure><\/div>\n\n\n\n<div class=\"wp-block-stackable-image stk-block-image stk-block stk-412e0c6\" data-block-id=\"412e0c6\"><figure><span class=\"stk-img-wrapper stk-image--shape-stretch stk--has-lightbox\"><img loading=\"lazy\" decoding=\"async\" class=\"stk-img wp-image-326\" src=\"https:\/\/ilustratolka.com\/wp-content\/uploads\/2026\/02\/WW-contrast-1.jpg\" width=\"709\" height=\"996\" alt=\"o\u0142\u00f3wek\" srcset=\"https:\/\/ilustratolka.com\/wp-content\/uploads\/2026\/02\/WW-contrast-1.jpg 709w, https:\/\/ilustratolka.com\/wp-content\/uploads\/2026\/02\/WW-contrast-1-214x300.jpg 214w\" sizes=\"auto, (max-width: 709px) 100vw, 709px\" \/><\/span><\/figure><\/div>\n<\/div><\/div><\/div>\n\n\n\n<div class=\"wp-block-stackable-column stk-block-column stk-column stk-block stk-abe9020\" data-v=\"4\" data-block-id=\"abe9020\"><div class=\"stk-column-wrapper stk-block-column__content stk-container stk-abe9020-container stk--no-background stk--no-padding\"><div class=\"stk-block-content stk-inner-blocks stk-abe9020-inner-blocks\">\n<div class=\"wp-block-stackable-image stk-block-image stk-block stk-65e0477\" data-block-id=\"65e0477\"><figure><span class=\"stk-img-wrapper stk-image--shape-stretch stk--has-lightbox\"><img loading=\"lazy\" decoding=\"async\" class=\"stk-img wp-image-328\" src=\"https:\/\/ilustratolka.com\/wp-content\/uploads\/2026\/02\/1b-1.jpg\" width=\"1238\" height=\"850\" alt=\"o\u0142\u00f3wek\" srcset=\"https:\/\/ilustratolka.com\/wp-content\/uploads\/2026\/02\/1b-1.jpg 1238w, https:\/\/ilustratolka.com\/wp-content\/uploads\/2026\/02\/1b-1-300x206.jpg 300w, https:\/\/ilustratolka.com\/wp-content\/uploads\/2026\/02\/1b-1-1024x703.jpg 1024w, https:\/\/ilustratolka.com\/wp-content\/uploads\/2026\/02\/1b-1-768x527.jpg 768w\" sizes=\"auto, (max-width: 1238px) 100vw, 1238px\" \/><\/span><\/figure><\/div>\n\n\n\n<div class=\"wp-block-stackable-image stk-block-image stk-block stk-95bb8c4\" data-block-id=\"95bb8c4\"><style>.stk-95bb8c4 .stk-img-wrapper{width:275px !important;}<\/style><figure><span class=\"stk-img-wrapper stk-image--shape-stretch stk--has-lightbox\"><img loading=\"lazy\" decoding=\"async\" class=\"stk-img wp-image-323\" src=\"https:\/\/ilustratolka.com\/wp-content\/uploads\/2026\/02\/Lagherta.jpg\" width=\"275\" height=\"398\" alt=\"markery\" srcset=\"https:\/\/ilustratolka.com\/wp-content\/uploads\/2026\/02\/Lagherta.jpg 275w, https:\/\/ilustratolka.com\/wp-content\/uploads\/2026\/02\/Lagherta-207x300.jpg 207w\" sizes=\"auto, (max-width: 275px) 100vw, 275px\" \/><\/span><\/figure><\/div>\n\n\n\n<div class=\"wp-block-stackable-image stk-block-image stk-block stk-e381463\" data-block-id=\"e381463\"><figure><span class=\"stk-img-wrapper stk-image--shape-stretch stk--has-lightbox\"><img loading=\"lazy\" decoding=\"async\" class=\"stk-img wp-image-325\" src=\"https:\/\/ilustratolka.com\/wp-content\/uploads\/2026\/02\/sainte_chapelle__uncolored__by_redwatercolour-d9qp2gx.jpg\" width=\"640\" height=\"468\" alt=\"o\u0142\u00f3wek\" srcset=\"https:\/\/ilustratolka.com\/wp-content\/uploads\/2026\/02\/sainte_chapelle__uncolored__by_redwatercolour-d9qp2gx.jpg 640w, https:\/\/ilustratolka.com\/wp-content\/uploads\/2026\/02\/sainte_chapelle__uncolored__by_redwatercolour-d9qp2gx-300x219.jpg 300w\" sizes=\"auto, (max-width: 640px) 100vw, 640px\" \/><\/span><\/figure><\/div>\n<\/div><\/div><\/div>\n\n\n\n<div class=\"wp-block-stackable-column stk-block-column stk-column stk-block stk-5001b05\" data-v=\"4\" data-block-id=\"5001b05\"><div class=\"stk-column-wrapper stk-block-column__content stk-container stk-5001b05-container stk--no-background stk--no-padding\"><div class=\"stk-block-content stk-inner-blocks stk-5001b05-inner-blocks\">\n<div class=\"wp-block-stackable-image stk-block-image stk-block stk-a773e18\" data-block-id=\"a773e18\"><figure><span class=\"stk-img-wrapper stk-image--shape-stretch stk--has-lightbox\"><img loading=\"lazy\" decoding=\"async\" class=\"stk-img wp-image-324\" src=\"https:\/\/ilustratolka.com\/wp-content\/uploads\/2026\/02\/Mystique.jpg\" width=\"426\" height=\"596\" alt=\"o\u0142\u00f3wek\" srcset=\"https:\/\/ilustratolka.com\/wp-content\/uploads\/2026\/02\/Mystique.jpg 426w, https:\/\/ilustratolka.com\/wp-content\/uploads\/2026\/02\/Mystique-214x300.jpg 214w\" sizes=\"auto, (max-width: 426px) 100vw, 426px\" \/><\/span><\/figure><\/div>\n\n\n\n<div class=\"wp-block-stackable-image stk-block-image stk-block stk-0c2bc75\" data-block-id=\"0c2bc75\"><figure><span class=\"stk-img-wrapper stk-image--shape-stretch stk--has-lightbox\"><img loading=\"lazy\" decoding=\"async\" class=\"stk-img wp-image-327\" src=\"https:\/\/ilustratolka.com\/wp-content\/uploads\/2026\/02\/X-23.jpg\" width=\"709\" height=\"888\" alt=\"markery\" srcset=\"https:\/\/ilustratolka.com\/wp-content\/uploads\/2026\/02\/X-23.jpg 709w, https:\/\/ilustratolka.com\/wp-content\/uploads\/2026\/02\/X-23-240x300.jpg 240w\" sizes=\"auto, (max-width: 709px) 100vw, 709px\" \/><\/span><\/figure><\/div>\n<\/div><\/div><\/div>\n<\/div><\/div>","protected":false},"excerpt":{"rendered":"","protected":false},"author":1,"featured_media":0,"parent":0,"menu_order":0,"comment_status":"closed","ping_status":"closed","template":"","meta":{"footnotes":""},"class_list":["post-314","page","type-page","status-publish","hentry"],"blocksy_meta":{"disable_header":"no","background":{"background_type":"color","background_pattern":"type-1","background_image":{"attachment_id":null,"x":0,"y":0},"gradient":"linear-gradient(135deg,rgba(6,147,227,1) 0%,rgb(155,81,224) 100%)","background_repeat":"repeat","background_size":"auto","background_attachment":"scroll","patternColor":{"default":{"color":"#e5e7ea"}},"overlayColor":{"default":{"color":"CT_CSS_SKIP_RULE"}},"backgroundColor":{"default":{"color":"var(--theme-palette-color-8)"}}},"styles_descriptor":{"styles":{"desktop":"[data-prefix=\"single_page\"] {background-color:var(--theme-palette-color-8);background-image:none;}","tablet":"","mobile":""},"google_fonts":[],"version":6},"page_structure_type":"type-4","has_hero_section":"default","hero_section":"type-2","hero_elements":[{"id":"custom_title","enabled":true,"heading_tag":"h1","title":"Strona g\u0142\u00f3wna","__id":"aCK7yzBXs7s2IaPti_FNe"},{"id":"custom_description","enabled":false,"description_visibility":{"desktop":true,"tablet":true,"mobile":false},"__id":"V_F0gWw0McDY6C8Vhzkzt"},{"id":"custom_meta","enabled":false,"meta_elements":[{"id":"author","enabled":true,"label":"Przez","has_author_avatar":"yes","avatar_size":25},{"id":"post_date","enabled":true,"label":"W\u0142\u0105cz","date_format_source":"default","date_format":"M j, Y"},{"id":"updated_date","enabled":false,"label":"W\u0142\u0105cz","date_format_source":"default","date_format":"M j, Y"},{"id":"categories","enabled":false,"label":"W","style":"simple"},{"id":"comments","enabled":true}],"page_meta_elements":{"joined":true,"articles_count":true,"comments":true},"__id":"yp-s6pDPI95eFB-Hy-HXx"},{"id":"breadcrumbs","enabled":true,"__id":"ode-NhoZMkMuQfjua7MOo"}],"breadcrumbsFontColor":{"default":{"color":"var(--theme-palette-color-7)"},"initial":{"color":"#fad689"},"hover":{"color":"#fad689"}},"pageTitleBackground":{"background_type":"color","background_pattern":"type-1","background_image":{"attachment_id":null,"x":0,"y":0},"gradient":"linear-gradient(135deg,rgba(6,147,227,1) 0%,rgb(155,81,224) 100%)","background_repeat":"repeat","background_size":"auto","background_attachment":"scroll","patternColor":{"default":{"color":"#e5e7ea"}},"overlayColor":{"default":{"color":"CT_CSS_SKIP_RULE"}},"backgroundColor":{"default":{"color":"#222222"}}},"pageTitleFontColor":{"default":{"color":"#fad689"}}},"_links":{"self":[{"href":"https:\/\/ilustratolka.com\/en\/wp-json\/wp\/v2\/pages\/314","targetHints":{"allow":["GET"]}}],"collection":[{"href":"https:\/\/ilustratolka.com\/en\/wp-json\/wp\/v2\/pages"}],"about":[{"href":"https:\/\/ilustratolka.com\/en\/wp-json\/wp\/v2\/types\/page"}],"author":[{"embeddable":true,"href":"https:\/\/ilustratolka.com\/en\/wp-json\/wp\/v2\/users\/1"}],"replies":[{"embeddable":true,"href":"https:\/\/ilustratolka.com\/en\/wp-json\/wp\/v2\/comments?post=314"}],"version-history":[{"count":2,"href":"https:\/\/ilustratolka.com\/en\/wp-json\/wp\/v2\/pages\/314\/revisions"}],"predecessor-version":[{"id":623,"href":"https:\/\/ilustratolka.com\/en\/wp-json\/wp\/v2\/pages\/314\/revisions\/623"}],"wp:attachment":[{"href":"https:\/\/ilustratolka.com\/en\/wp-json\/wp\/v2\/media?parent=314"}],"curies":[{"name":"wp","href":"https:\/\/api.w.org\/{rel}","templated":true}]}}