{"id":361,"date":"2026-02-25T13:23:53","date_gmt":"2026-02-25T12:23:53","guid":{"rendered":"https:\/\/k-walek.pl\/ilustratolka\/?page_id=361"},"modified":"2026-03-02T12:34:05","modified_gmt":"2026-03-02T11:34:05","slug":"gwasz-i-akryle","status":"publish","type":"page","link":"https:\/\/ilustratolka.com\/en\/gwasz-i-akryle\/","title":{"rendered":"Gouache &amp; acrylics"},"content":{"rendered":"<div class=\"wp-block-stackable-columns stk-block-columns stk-block stk-65aacdf\" data-block-id=\"65aacdf\"><style>.stk-65aacdf .stk--block-align-65aacdf{align-items:stretch !important;}.stk-65aacdf-column{--stk-column-gap:var(u002du002dstku002du002dpresetu002du002dspacingu002du002d70, 3.38rem) !important;}<\/style><div class=\"stk-row stk-inner-blocks stk--block-align-65aacdf stk-block-content stk-content-align stk-65aacdf-column\">\n<div class=\"wp-block-stackable-column stk-block-column stk-column stk-block stk-981b547\" data-v=\"4\" data-block-id=\"981b547\"><div class=\"stk-column-wrapper stk-block-column__content stk-container stk-981b547-container stk--no-background stk--no-padding\"><div class=\"stk-block-content stk-inner-blocks stk-981b547-inner-blocks\">\n<div class=\"wp-block-stackable-image stk-block-image stk-block stk-c064df6\" data-block-id=\"c064df6\"><figure><span class=\"stk-img-wrapper stk-image--shape-stretch stk--has-lightbox\"><img loading=\"lazy\" decoding=\"async\" class=\"stk-img wp-image-366\" src=\"https:\/\/ilustratolka.com\/wp-content\/uploads\/2026\/02\/SOWA-1.jpg\" width=\"1600\" height=\"2000\" alt=\"gwasz i akryle\" srcset=\"https:\/\/ilustratolka.com\/wp-content\/uploads\/2026\/02\/SOWA-1.jpg 1600w, https:\/\/ilustratolka.com\/wp-content\/uploads\/2026\/02\/SOWA-1-240x300.jpg 240w, https:\/\/ilustratolka.com\/wp-content\/uploads\/2026\/02\/SOWA-1-819x1024.jpg 819w, https:\/\/ilustratolka.com\/wp-content\/uploads\/2026\/02\/SOWA-1-768x960.jpg 768w, https:\/\/ilustratolka.com\/wp-content\/uploads\/2026\/02\/SOWA-1-1229x1536.jpg 1229w\" sizes=\"auto, (max-width: 1600px) 100vw, 1600px\" \/><\/span><\/figure><\/div>\n\n\n\n<div class=\"wp-block-stackable-image stk-block-image stk-block stk-d7e8b23\" data-block-id=\"d7e8b23\"><figure><span class=\"stk-img-wrapper stk-image--shape-stretch stk--has-lightbox\"><img loading=\"lazy\" decoding=\"async\" class=\"stk-img wp-image-367\" src=\"https:\/\/ilustratolka.com\/wp-content\/uploads\/2026\/02\/zw-2.jpg\" width=\"940\" height=\"1320\" alt=\"gwasz i akryle\" srcset=\"https:\/\/ilustratolka.com\/wp-content\/uploads\/2026\/02\/zw-2.jpg 940w, https:\/\/ilustratolka.com\/wp-content\/uploads\/2026\/02\/zw-2-214x300.jpg 214w, https:\/\/ilustratolka.com\/wp-content\/uploads\/2026\/02\/zw-2-729x1024.jpg 729w, https:\/\/ilustratolka.com\/wp-content\/uploads\/2026\/02\/zw-2-768x1078.jpg 768w\" sizes=\"auto, (max-width: 940px) 100vw, 940px\" \/><\/span><\/figure><\/div>\n<\/div><\/div><\/div>\n\n\n\n<div class=\"wp-block-stackable-column stk-block-column stk-column stk-block stk-abe9020\" data-v=\"4\" data-block-id=\"abe9020\"><div class=\"stk-column-wrapper stk-block-column__content stk-container stk-abe9020-container stk--no-background stk--no-padding\"><div class=\"stk-block-content stk-inner-blocks stk-abe9020-inner-blocks\">\n<div class=\"wp-block-stackable-image stk-block-image stk-block stk-65e0477\" data-block-id=\"65e0477\"><figure><span class=\"stk-img-wrapper stk-image--shape-stretch stk--has-lightbox\"><img loading=\"lazy\" decoding=\"async\" class=\"stk-img wp-image-365\" src=\"https:\/\/ilustratolka.com\/wp-content\/uploads\/2026\/02\/RUE.jpg\" width=\"1500\" height=\"1071\" alt=\"gwasz i akryle\" srcset=\"https:\/\/ilustratolka.com\/wp-content\/uploads\/2026\/02\/RUE.jpg 1500w, https:\/\/ilustratolka.com\/wp-content\/uploads\/2026\/02\/RUE-300x214.jpg 300w, https:\/\/ilustratolka.com\/wp-content\/uploads\/2026\/02\/RUE-1024x731.jpg 1024w, https:\/\/ilustratolka.com\/wp-content\/uploads\/2026\/02\/RUE-768x548.jpg 768w\" sizes=\"auto, (max-width: 1500px) 100vw, 1500px\" \/><\/span><\/figure><\/div>\n\n\n\n<div class=\"wp-block-stackable-image stk-block-image stk-block stk-f3a3bf9\" data-block-id=\"f3a3bf9\"><figure><span class=\"stk-img-wrapper stk-image--shape-stretch stk--has-lightbox\"><img loading=\"lazy\" decoding=\"async\" class=\"stk-img wp-image-362\" src=\"https:\/\/ilustratolka.com\/wp-content\/uploads\/2026\/02\/glowny.jpg\" width=\"940\" height=\"1320\" alt=\"gwasz i akryle\" srcset=\"https:\/\/ilustratolka.com\/wp-content\/uploads\/2026\/02\/glowny.jpg 940w, https:\/\/ilustratolka.com\/wp-content\/uploads\/2026\/02\/glowny-214x300.jpg 214w, https:\/\/ilustratolka.com\/wp-content\/uploads\/2026\/02\/glowny-729x1024.jpg 729w, https:\/\/ilustratolka.com\/wp-content\/uploads\/2026\/02\/glowny-768x1078.jpg 768w\" sizes=\"auto, (max-width: 940px) 100vw, 940px\" \/><\/span><\/figure><\/div>\n<\/div><\/div><\/div>\n\n\n\n<div class=\"wp-block-stackable-column stk-block-column stk-column stk-block stk-5001b05\" data-v=\"4\" data-block-id=\"5001b05\"><div class=\"stk-column-wrapper stk-block-column__content stk-container stk-5001b05-container stk--no-background stk--no-padding\"><div class=\"stk-block-content stk-inner-blocks stk-5001b05-inner-blocks\">\n<div class=\"wp-block-stackable-image stk-block-image stk-block stk-a773e18\" data-block-id=\"a773e18\"><figure><span class=\"stk-img-wrapper stk-image--shape-stretch stk--has-lightbox\"><img loading=\"lazy\" decoding=\"async\" class=\"stk-img wp-image-364\" src=\"https:\/\/ilustratolka.com\/wp-content\/uploads\/2026\/02\/obraz-akrylami-dla-Cioci-Ani-1.jpg\" width=\"1500\" height=\"1059\" alt=\"gwasz i akryle\" srcset=\"https:\/\/ilustratolka.com\/wp-content\/uploads\/2026\/02\/obraz-akrylami-dla-Cioci-Ani-1.jpg 1500w, https:\/\/ilustratolka.com\/wp-content\/uploads\/2026\/02\/obraz-akrylami-dla-Cioci-Ani-1-300x212.jpg 300w, https:\/\/ilustratolka.com\/wp-content\/uploads\/2026\/02\/obraz-akrylami-dla-Cioci-Ani-1-1024x723.jpg 1024w, https:\/\/ilustratolka.com\/wp-content\/uploads\/2026\/02\/obraz-akrylami-dla-Cioci-Ani-1-768x542.jpg 768w\" sizes=\"auto, (max-width: 1500px) 100vw, 1500px\" \/><\/span><\/figure><\/div>\n\n\n\n<div class=\"wp-block-stackable-image stk-block-image stk-block stk-7a6b3df\" data-block-id=\"7a6b3df\"><figure><span class=\"stk-img-wrapper stk-image--shape-stretch stk--has-lightbox\"><img loading=\"lazy\" decoding=\"async\" class=\"stk-img wp-image-363\" src=\"https:\/\/ilustratolka.com\/wp-content\/uploads\/2026\/02\/GWASZE-Burza-1500px.jpg\" width=\"1500\" height=\"1077\" alt=\"gwasz i akryle\" srcset=\"https:\/\/ilustratolka.com\/wp-content\/uploads\/2026\/02\/GWASZE-Burza-1500px.jpg 1500w, https:\/\/ilustratolka.com\/wp-content\/uploads\/2026\/02\/GWASZE-Burza-1500px-300x215.jpg 300w, https:\/\/ilustratolka.com\/wp-content\/uploads\/2026\/02\/GWASZE-Burza-1500px-1024x735.jpg 1024w, https:\/\/ilustratolka.com\/wp-content\/uploads\/2026\/02\/GWASZE-Burza-1500px-768x551.jpg 768w\" sizes=\"auto, (max-width: 1500px) 100vw, 1500px\" \/><\/span><\/figure><\/div>\n<\/div><\/div><\/div>\n<\/div><\/div>","protected":false},"excerpt":{"rendered":"","protected":false},"author":1,"featured_media":0,"parent":0,"menu_order":0,"comment_status":"closed","ping_status":"closed","template":"","meta":{"footnotes":""},"class_list":["post-361","page","type-page","status-publish","hentry"],"blocksy_meta":{"disable_header":"no","background":{"background_type":"color","background_pattern":"type-1","background_image":{"attachment_id":null,"x":0,"y":0},"gradient":"linear-gradient(135deg,rgba(6,147,227,1) 0%,rgb(155,81,224) 100%)","background_repeat":"repeat","background_size":"auto","background_attachment":"scroll","patternColor":{"default":{"color":"#e5e7ea"}},"overlayColor":{"default":{"color":"CT_CSS_SKIP_RULE"}},"backgroundColor":{"default":{"color":"var(--theme-palette-color-8)"}}},"styles_descriptor":{"styles":{"desktop":"[data-prefix=\"single_page\"] {background-color:var(--theme-palette-color-8);background-image:none;}","tablet":"","mobile":""},"google_fonts":[],"version":6},"page_structure_type":"type-4","has_hero_section":"default","hero_section":"type-2","hero_elements":[{"id":"custom_title","enabled":true,"heading_tag":"h1","title":"Strona g\u0142\u00f3wna","__id":"aCK7yzBXs7s2IaPti_FNe"},{"id":"custom_description","enabled":false,"description_visibility":{"desktop":true,"tablet":true,"mobile":false},"__id":"V_F0gWw0McDY6C8Vhzkzt"},{"id":"custom_meta","enabled":false,"meta_elements":[{"id":"author","enabled":true,"label":"Przez","has_author_avatar":"yes","avatar_size":25},{"id":"post_date","enabled":true,"label":"W\u0142\u0105cz","date_format_source":"default","date_format":"M j, Y"},{"id":"updated_date","enabled":false,"label":"W\u0142\u0105cz","date_format_source":"default","date_format":"M j, Y"},{"id":"categories","enabled":false,"label":"W","style":"simple"},{"id":"comments","enabled":true}],"page_meta_elements":{"joined":true,"articles_count":true,"comments":true},"__id":"yp-s6pDPI95eFB-Hy-HXx"},{"id":"breadcrumbs","enabled":true,"__id":"ode-NhoZMkMuQfjua7MOo"}],"breadcrumbsFontColor":{"default":{"color":"#222222"},"initial":{"color":"#fad689"},"hover":{"color":"#fad689"}},"pageTitleBackground":{"background_type":"color","background_pattern":"type-1","background_image":{"attachment_id":null,"x":0,"y":0},"gradient":"linear-gradient(135deg,rgba(6,147,227,1) 0%,rgb(155,81,224) 100%)","background_repeat":"repeat","background_size":"auto","background_attachment":"scroll","patternColor":{"default":{"color":"#e5e7ea"}},"overlayColor":{"default":{"color":"CT_CSS_SKIP_RULE"}},"backgroundColor":{"default":{"color":"#fdfdfd"}}},"pageTitleFontColor":{"default":{"color":"var(--theme-palette-color-3)"}}},"_links":{"self":[{"href":"https:\/\/ilustratolka.com\/en\/wp-json\/wp\/v2\/pages\/361","targetHints":{"allow":["GET"]}}],"collection":[{"href":"https:\/\/ilustratolka.com\/en\/wp-json\/wp\/v2\/pages"}],"about":[{"href":"https:\/\/ilustratolka.com\/en\/wp-json\/wp\/v2\/types\/page"}],"author":[{"embeddable":true,"href":"https:\/\/ilustratolka.com\/en\/wp-json\/wp\/v2\/users\/1"}],"replies":[{"embeddable":true,"href":"https:\/\/ilustratolka.com\/en\/wp-json\/wp\/v2\/comments?post=361"}],"version-history":[{"count":2,"href":"https:\/\/ilustratolka.com\/en\/wp-json\/wp\/v2\/pages\/361\/revisions"}],"predecessor-version":[{"id":611,"href":"https:\/\/ilustratolka.com\/en\/wp-json\/wp\/v2\/pages\/361\/revisions\/611"}],"wp:attachment":[{"href":"https:\/\/ilustratolka.com\/en\/wp-json\/wp\/v2\/media?parent=361"}],"curies":[{"name":"wp","href":"https:\/\/api.w.org\/{rel}","templated":true}]}}