{"id":48,"date":"2026-02-20T14:56:44","date_gmt":"2026-02-20T13:56:44","guid":{"rendered":"https:\/\/k-walek.pl\/ilustratolka\/?page_id=48"},"modified":"2026-03-03T12:12:32","modified_gmt":"2026-03-03T11:12:32","slug":"o-mnie","status":"publish","type":"page","link":"https:\/\/ilustratolka.com\/en\/o-mnie\/","title":{"rendered":"About me"},"content":{"rendered":"<div class=\"wp-block-stackable-columns stk-block-columns stk-block stk-65aacdf\" data-block-id=\"65aacdf\"><style>.stk-65aacdf-column{--stk-column-gap:var(--stk--preset--spacing--70, 3.38rem) !important;}<\/style><div class=\"stk-row stk-inner-blocks stk-block-content stk-content-align stk-65aacdf-column\">\n<div class=\"wp-block-stackable-column stk-block-column stk-column stk-block stk-14a902e\" data-v=\"4\" data-block-id=\"14a902e\"><div class=\"stk-column-wrapper stk-block-column__content stk-container stk-14a902e-container stk--no-background stk--no-padding\"><div class=\"stk-block-content stk-inner-blocks stk-14a902e-inner-blocks\">\n<div class=\"wp-block-stackable-image stk-block-image stk-block stk-353e6b2\" data-block-id=\"353e6b2\"><figure><span class=\"stk-img-wrapper stk-image--shape-stretch\"><img loading=\"lazy\" decoding=\"async\" class=\"stk-img wp-image-49\" src=\"https:\/\/ilustratolka.com\/wp-content\/uploads\/2026\/02\/Aleksandra-Basak.jpg\" width=\"1500\" height=\"1876\" alt=\"IlustratOLKA\" srcset=\"https:\/\/ilustratolka.com\/wp-content\/uploads\/2026\/02\/Aleksandra-Basak.jpg 1500w, https:\/\/ilustratolka.com\/wp-content\/uploads\/2026\/02\/Aleksandra-Basak-240x300.jpg 240w, https:\/\/ilustratolka.com\/wp-content\/uploads\/2026\/02\/Aleksandra-Basak-819x1024.jpg 819w, https:\/\/ilustratolka.com\/wp-content\/uploads\/2026\/02\/Aleksandra-Basak-768x961.jpg 768w, https:\/\/ilustratolka.com\/wp-content\/uploads\/2026\/02\/Aleksandra-Basak-1228x1536.jpg 1228w\" sizes=\"auto, (max-width: 1500px) 100vw, 1500px\" \/><\/span><\/figure><\/div>\n<\/div><\/div><\/div>\n\n\n\n<div class=\"wp-block-stackable-column stk-block-column stk-column stk-block stk-83ae51d\" data-v=\"4\" data-block-id=\"83ae51d\"><div class=\"stk-column-wrapper stk-block-column__content stk-container stk-83ae51d-container stk--no-background stk--no-padding\"><div class=\"stk-block-content stk-inner-blocks stk-83ae51d-inner-blocks\">\n<div class=\"wp-block-stackable-text stk-block-text stk-block stk-846d519\" data-block-id=\"846d519\"><p class=\"stk-block-text__text\">Hi! I\u2019m Aleksandra Basak (or&nbsp;<strong>ilustratOLKA<\/strong>if you prefer). I successfully turned my passion for comic books and drawing into my job.<br><br>I\u2019ve been drawing since I could hold a pencil in my hand. Most of the things I learnt all by myself. I picked up techniques that I use now and learnt how to use Adobe Photoshop which is one of the most important tools for me. I got to know basics of drawing and more complicated issues like drawing human anatomy, architecture or drawing comic pages, thank to my own curiosity, drawing courses, camps and lessons (in the end comic artist have to know how to draw everything!).  Anyway I haven\u2019t stopped learning yet and I always attempt to get to know new things.<br><br>In the high school I was attending  a drawing course for two years to prepare myself for the entrance exam for the college. In 2014, I started studying a subject of architecture at Technical University in Rzesz\u00f3w (Poland). In 2019, I graduated from university as master\u2019s architecture engineer degree. After all I wanted to take a risk and went another direction than a career of architect. In 2019, I started one-year postgraduate studies at WIT in Warsaw as graphic designer. Also in 2019 I\u2019ve started my own drawing company called ilustratOLKA, which I run until now.<\/p><\/div>\n\n\n\n<div class=\"wp-block-stackable-button-group stk-block-button-group stk-block stk-6c8ebb1\" data-block-id=\"6c8ebb1\"><style>.stk-6c8ebb1 .stk-inner-blocks{column-gap:10px !important;}<\/style><div class=\"stk-row stk-inner-blocks stk-block-content stk-button-group\">\n<div class=\"wp-block-stackable-icon-button stk-block-icon-button stk-block stk-b15ced2\" data-block-id=\"b15ced2\"><style>.stk-b15ced2 .stk-button{background:#3b5998 !important;border-top-left-radius:5px !important;border-top-right-radius:5px !important;border-bottom-right-radius:5px !important;border-bottom-left-radius:5px !important;}.stk-b15ced2 .stk-button:before{border-color:#3b5998 !important;}<\/style><a class=\"stk-link stk-button stk--hover-effect-darken\" href=\"\" target=\"_blank\" rel=\"noreferrer noopener\"><span class=\"stk--svg-wrapper\"><div class=\"stk--inner-svg\"><svg data-prefix=\"fab\" data-icon=\"facebook-square\" class=\"svg-inline--fa fa-facebook-square fa-w-14\" xmlns=\"http:\/\/www.w3.org\/2000\/svg\" viewbox=\"0 0 448 512\" aria-hidden=\"true\" width=\"32\" height=\"32\"><path fill=\"currentColor\" d=\"M400 32H48A48 48 0 0 0 0 80v352a48 48 0 0 0 48 48h137.25V327.69h-63V256h63v-54.64c0-62.15 37-96.48 93.67-96.48 27.14 0 55.52 4.84 55.52 4.84v61h-31.27c-30.81 0-40.42 19.12-40.42 38.73V256h68.78l-11 71.69h-57.78V480H400a48 48 0 0 0 48-48V80a48 48 0 0 0-48-48z\"><\/path><\/svg><\/div><\/span><\/a><\/div>\n\n\n\n<div class=\"wp-block-stackable-icon-button stk-block-icon-button stk-block stk-ce0cf1d\" data-block-id=\"ce0cf1d\"><style>.stk-ce0cf1d .stk-button{background:#fcb900 !important;border-top-left-radius:5px !important;border-top-right-radius:5px !important;border-bottom-right-radius:5px !important;border-bottom-left-radius:5px !important;}<\/style><a class=\"stk-link stk-button stk--hover-effect-darken\" href=\"\"><span class=\"stk--svg-wrapper\"><div class=\"stk--inner-svg\"><svg xmlns=\"http:\/\/www.w3.org\/2000\/svg\" viewbox=\"0 0 448 512\" aria-hidden=\"true\" width=\"32\" height=\"32\"><path d=\"M224.1 141c-63.6 0-114.9 51.3-114.9 114.9s51.3 114.9 114.9 114.9S339 319.5 339 255.9 287.7 141 224.1 141zm0 189.6c-41.1 0-74.7-33.5-74.7-74.7s33.5-74.7 74.7-74.7 74.7 33.5 74.7 74.7-33.6 74.7-74.7 74.7zm146.4-194.3c0 14.9-12 26.8-26.8 26.8-14.9 0-26.8-12-26.8-26.8s12-26.8 26.8-26.8 26.8 12 26.8 26.8zm76.1 27.2c-1.7-35.9-9.9-67.7-36.2-93.9-26.2-26.2-58-34.4-93.9-36.2-37-2.1-147.9-2.1-184.9 0-35.8 1.7-67.6 9.9-93.9 36.1s-34.4 58-36.2 93.9c-2.1 37-2.1 147.9 0 184.9 1.7 35.9 9.9 67.7 36.2 93.9s58 34.4 93.9 36.2c37 2.1 147.9 2.1 184.9 0 35.9-1.7 67.7-9.9 93.9-36.2 26.2-26.2 34.4-58 36.2-93.9 2.1-37 2.1-147.8 0-184.8zM398.8 388c-7.8 19.6-22.9 34.7-42.6 42.6-29.5 11.7-99.5 9-132.1 9s-102.7 2.6-132.1-9c-19.6-7.8-34.7-22.9-42.6-42.6-11.7-29.5-9-99.5-9-132.1s-2.6-102.7 9-132.1c7.8-19.6 22.9-34.7 42.6-42.6 29.5-11.7 99.5-9 132.1-9s102.7-2.6 132.1 9c19.6 7.8 34.7 22.9 42.6 42.6 11.7 29.5 9 99.5 9 132.1s2.7 102.7-9 132.1z\"\/><\/svg><\/div><\/span><\/a><\/div>\n\n\n\n<div class=\"wp-block-stackable-icon-button stk-block-icon-button stk-block stk-03f980c\" data-block-id=\"03f980c\"><style>.stk-03f980c .stk-button{background:#c4302b !important;border-top-left-radius:5px !important;border-top-right-radius:5px !important;border-bottom-right-radius:5px !important;border-bottom-left-radius:5px !important;}<\/style><a class=\"stk-link stk-button stk--hover-effect-darken\" href=\"\"><span class=\"stk--svg-wrapper\"><div class=\"stk--inner-svg\"><svg data-prefix=\"fab\" data-icon=\"youtube\" class=\"svg-inline--fa fa-youtube fa-w-18\" xmlns=\"http:\/\/www.w3.org\/2000\/svg\" viewbox=\"0 0 576 512\" aria-hidden=\"true\" width=\"32\" height=\"32\"><path fill=\"currentColor\" d=\"M549.655 124.083c-6.281-23.65-24.787-42.276-48.284-48.597C458.781 64 288 64 288 64S117.22 64 74.629 75.486c-23.497 6.322-42.003 24.947-48.284 48.597-11.412 42.867-11.412 132.305-11.412 132.305s0 89.438 11.412 132.305c6.281 23.65 24.787 41.5 48.284 47.821C117.22 448 288 448 288 448s170.78 0 213.371-11.486c23.497-6.321 42.003-24.171 48.284-47.821 11.412-42.867 11.412-132.305 11.412-132.305s0-89.438-11.412-132.305zm-317.51 213.508V175.185l142.739 81.205-142.739 81.201z\"><\/path><\/svg><\/div><\/span><\/a><\/div>\n<\/div><\/div>\n<\/div><\/div><\/div>\n<\/div><\/div>","protected":false},"excerpt":{"rendered":"<p>Cze\u015b\u0107! Mam na imi\u0119 Aleksandra Basak (albo&nbsp;ilustratOLKA, wedle uznania). Moj\u0105 pasj\u0119 do komiksu i rysunku uda\u0142o mi si\u0119 przeku\u0107 w moj\u0105 prac\u0119. Rysuj\u0119 odk\u0105d by\u0142am w stanie utrzyma\u0107 o\u0142\u00f3wek w r\u0119ce. W du\u017cej mierze jestem samoukiem \u2013 ciekawo\u015b\u0107 pchn\u0119\u0142a mnie do poznania technik rysunkowych i malarskich, kt\u00f3rymi obecnie si\u0119 pos\u0142uguj\u0119 oraz do nauki obs\u0142ugi programu [&hellip;]<\/p>\n","protected":false},"author":1,"featured_media":0,"parent":0,"menu_order":0,"comment_status":"closed","ping_status":"closed","template":"","meta":{"footnotes":""},"class_list":["post-48","page","type-page","status-publish","hentry"],"blocksy_meta":{"disable_header":"no","background":{"background_type":"color","background_pattern":"type-1","background_image":{"attachment_id":null,"x":0,"y":0},"gradient":"linear-gradient(135deg,rgba(6,147,227,1) 0%,rgb(155,81,224) 100%)","background_repeat":"repeat","background_size":"auto","background_attachment":"scroll","patternColor":{"default":{"color":"#e5e7ea"}},"overlayColor":{"default":{"color":"CT_CSS_SKIP_RULE"}},"backgroundColor":{"default":{"color":"var(--theme-palette-color-8)"}}},"styles_descriptor":{"styles":{"desktop":"[data-prefix=\"single_page\"] {background-color:var(--theme-palette-color-8);background-image:none;}","tablet":"","mobile":""},"google_fonts":[],"version":6},"page_structure_type":"type-4","has_hero_section":"default","hero_elements":[{"id":"custom_title","enabled":true,"heading_tag":"h1","title":"Strona g\u0142\u00f3wna","__id":"MR2-ia0n7yiImSmaOlZw8"},{"id":"custom_description","enabled":false,"description_visibility":{"desktop":true,"tablet":true,"mobile":false},"__id":"N26STPnnh8TQpQNQ9kOqO"},{"id":"custom_meta","enabled":false,"meta_elements":[{"id":"author","enabled":true,"label":"Przez","has_author_avatar":"yes","avatar_size":25},{"id":"post_date","enabled":true,"label":"W\u0142\u0105cz","date_format_source":"default","date_format":"M j, Y"},{"id":"updated_date","enabled":false,"label":"W\u0142\u0105cz","date_format_source":"default","date_format":"M j, Y"},{"id":"categories","enabled":false,"label":"W","style":"simple"},{"id":"comments","enabled":true}],"page_meta_elements":{"joined":true,"articles_count":true,"comments":true},"__id":"oLtIOj-ROHbvVJZovCgNl"},{"id":"breadcrumbs","enabled":true,"__id":"7o_e09d5Hr1D1b6uFVm15"}],"hero_section":"type-2","breadcrumbsFontColor":{"default":{"color":"var(--theme-palette-color-7)"},"initial":{"color":"#fad689"},"hover":{"color":"#fad689"}},"pageTitleFontColor":{"default":{"color":"#fad689"}},"pageTitleBackground":{"background_type":"color","background_pattern":"type-1","background_image":{"attachment_id":null,"x":0,"y":0},"gradient":"linear-gradient(135deg,rgba(6,147,227,1) 0%,rgb(155,81,224) 100%)","background_repeat":"repeat","background_size":"auto","background_attachment":"scroll","patternColor":{"default":{"color":"#e5e7ea"}},"overlayColor":{"default":{"color":"CT_CSS_SKIP_RULE"}},"backgroundColor":{"default":{"color":"#222222"}}},"pageTitleFont":{"family":"Special Gothic","variation":"n4","size":"30px","line-height":"CT_CSS_SKIP_RULE","letter-spacing":"CT_CSS_SKIP_RULE","text-transform":"CT_CSS_SKIP_RULE","text-decoration":"CT_CSS_SKIP_RULE"}},"_links":{"self":[{"href":"https:\/\/ilustratolka.com\/en\/wp-json\/wp\/v2\/pages\/48","targetHints":{"allow":["GET"]}}],"collection":[{"href":"https:\/\/ilustratolka.com\/en\/wp-json\/wp\/v2\/pages"}],"about":[{"href":"https:\/\/ilustratolka.com\/en\/wp-json\/wp\/v2\/types\/page"}],"author":[{"embeddable":true,"href":"https:\/\/ilustratolka.com\/en\/wp-json\/wp\/v2\/users\/1"}],"replies":[{"embeddable":true,"href":"https:\/\/ilustratolka.com\/en\/wp-json\/wp\/v2\/comments?post=48"}],"version-history":[{"count":7,"href":"https:\/\/ilustratolka.com\/en\/wp-json\/wp\/v2\/pages\/48\/revisions"}],"predecessor-version":[{"id":638,"href":"https:\/\/ilustratolka.com\/en\/wp-json\/wp\/v2\/pages\/48\/revisions\/638"}],"wp:attachment":[{"href":"https:\/\/ilustratolka.com\/en\/wp-json\/wp\/v2\/media?parent=48"}],"curies":[{"name":"wp","href":"https:\/\/api.w.org\/{rel}","templated":true}]}}