{"id":6,"date":"2026-02-18T12:29:11","date_gmt":"2026-02-18T11:29:11","guid":{"rendered":"https:\/\/k-walek.pl\/ilustratolka\/?page_id=6"},"modified":"2026-02-20T15:40:16","modified_gmt":"2026-02-20T14:40:16","slug":"start","status":"publish","type":"page","link":"https:\/\/ilustratolka.com\/en\/","title":{"rendered":"Start"},"content":{"rendered":"<div class=\"wp-block-stackable-columns alignfull stk-block-columns stk-block stk-7e7d25a stk-block-background stk--has-background-overlay\" data-block-id=\"7e7d25a\"><style>.stk-7e7d25a:before{background-color:#000000 !important;opacity:0.1 !important;}.stk-7e7d25a {min-height:100vh !important;align-items:center !important;padding-top:var(--stk--preset--spacing--70, 3.38rem) !important;padding-right:var(--stk--preset--spacing--70, 3.38rem) !important;padding-bottom:var(--stk--preset--spacing--70, 3.38rem) !important;padding-left:var(--stk--preset--spacing--70, 3.38rem) !important;margin-bottom:0px !important;display:flex !important;}<\/style><div class=\"stk-row stk-inner-blocks stk-block-content stk-content-align stk-7e7d25a-column alignfull\">\n<div class=\"wp-block-stackable-column stk-block-column stk-column stk-block stk-24037c4\" data-v=\"4\" data-block-id=\"24037c4\"><div class=\"stk-column-wrapper stk-block-column__content stk-container stk-24037c4-container stk--no-background stk--no-padding\"><div class=\"stk-block-content stk-inner-blocks stk-24037c4-inner-blocks\"><\/div><\/div><\/div>\n<\/div><video class=\"stk-video-background stk--hide-mobile\" autoplay muted loop playsinline src=\"https:\/\/ilustratolka.com\/wp-content\/uploads\/2026\/02\/Animacja-na-strone-startowa-poziomo.mp4\" poster=\"\"><\/video><video class=\"stk-video-background stk--hide-desktop stk--hide-tablet\" autoplay muted loop playsinline src=\"https:\/\/ilustratolka.com\/wp-content\/uploads\/2026\/02\/Animacja-na-strone-startowa-rolka-PIONOWO-1.mp4\" poster=\"\"><\/video><\/div>","protected":false},"excerpt":{"rendered":"","protected":false},"author":1,"featured_media":0,"parent":0,"menu_order":0,"comment_status":"closed","ping_status":"closed","template":"","meta":{"footnotes":""},"class_list":["post-6","page","type-page","status-publish","hentry"],"blocksy_meta":{"disable_footer":"yes","disable_header":"no","styles_descriptor":{"styles":{"desktop":"[data-prefix=\"single_page\"] .entry-header .page-title {--theme-font-size:30px;} [data-prefix=\"single_page\"] .entry-header .entry-meta {--theme-font-weight:600;--theme-text-transform:uppercase;--theme-font-size:12px;--theme-line-height:1.3;} [data-prefix=\"single_page\"] .hero-section[data-type=\"type-1\"] {--margin-bottom:0px;}","tablet":"","mobile":""},"google_fonts":[],"version":6},"has_hero_section":"enabled","hero_elements":[{"id":"custom_title","enabled":false,"heading_tag":"h1","title":"Strona g\u0142\u00f3wna","__id":"MZLLBx8X43qdZuK9odhi6"},{"id":"custom_description","enabled":false,"description_visibility":{"desktop":true,"tablet":true,"mobile":false},"__id":"R2cwtWpKl-eLedCRHd3n4"},{"id":"custom_meta","enabled":false,"meta_elements":[{"id":"author","enabled":true,"label":"Przez","has_author_avatar":"yes","avatar_size":25},{"id":"post_date","enabled":true,"label":"W\u0142\u0105cz","date_format_source":"default","date_format":"M j, Y"},{"id":"updated_date","enabled":false,"label":"W\u0142\u0105cz","date_format_source":"default","date_format":"M j, Y"},{"id":"categories","enabled":false,"label":"W","style":"simple"},{"id":"comments","enabled":true}],"page_meta_elements":{"joined":true,"articles_count":true,"comments":true},"__id":"Bg7m-r8yHBZHh3-30XBjj"},{"id":"breadcrumbs","enabled":false,"__id":"OwXcgY0eopo7MJVN9pTee"}],"hero_margin":"0px","vertical_spacing_source":"custom","content_area_spacing":"none"},"_links":{"self":[{"href":"https:\/\/ilustratolka.com\/en\/wp-json\/wp\/v2\/pages\/6","targetHints":{"allow":["GET"]}}],"collection":[{"href":"https:\/\/ilustratolka.com\/en\/wp-json\/wp\/v2\/pages"}],"about":[{"href":"https:\/\/ilustratolka.com\/en\/wp-json\/wp\/v2\/types\/page"}],"author":[{"embeddable":true,"href":"https:\/\/ilustratolka.com\/en\/wp-json\/wp\/v2\/users\/1"}],"replies":[{"embeddable":true,"href":"https:\/\/ilustratolka.com\/en\/wp-json\/wp\/v2\/comments?post=6"}],"version-history":[{"count":12,"href":"https:\/\/ilustratolka.com\/en\/wp-json\/wp\/v2\/pages\/6\/revisions"}],"predecessor-version":[{"id":60,"href":"https:\/\/ilustratolka.com\/en\/wp-json\/wp\/v2\/pages\/6\/revisions\/60"}],"wp:attachment":[{"href":"https:\/\/ilustratolka.com\/en\/wp-json\/wp\/v2\/media?parent=6"}],"curies":[{"name":"wp","href":"https:\/\/api.w.org\/{rel}","templated":true}]}}