{"id":64,"date":"2026-02-20T16:10:39","date_gmt":"2026-02-20T15:10:39","guid":{"rendered":"https:\/\/k-walek.pl\/ilustratolka\/?page_id=64"},"modified":"2026-03-03T12:13:06","modified_gmt":"2026-03-03T11:13:06","slug":"oferta","status":"publish","type":"page","link":"https:\/\/ilustratolka.com\/en\/oferta\/","title":{"rendered":"Offer"},"content":{"rendered":"<div class=\"wp-block-stackable-columns stk-block-columns stk-block stk-65aacdf\" data-block-id=\"65aacdf\"><style>.stk-65aacdf-column{--stk-column-gap:var(u002du002dstku002du002dpresetu002du002dspacingu002du002d70, 3.38rem) !important;}<\/style><div class=\"stk-row stk-inner-blocks stk-block-content stk-content-align stk-65aacdf-column\">\n<div class=\"wp-block-stackable-column stk-block-column stk-column stk-block stk-14a902e\" data-v=\"4\" data-block-id=\"14a902e\"><div class=\"stk-column-wrapper stk-block-column__content stk-container stk-14a902e-container stk--no-background stk--no-padding\"><div class=\"stk-block-content stk-inner-blocks stk-14a902e-inner-blocks\">\n<div class=\"wp-block-stackable-columns stk-block-columns stk-block stk-e471d41\" data-block-id=\"e471d41\"><style>.stk-e471d41 {margin-top:25px !important;margin-bottom:50px !important;}<\/style><div class=\"stk-row stk-inner-blocks stk-block-content stk-content-align stk-e471d41-column\">\n<div class=\"wp-block-stackable-column stk-block-column stk-column stk-block stk-b1068fb\" data-v=\"4\" data-block-id=\"b1068fb\"><div class=\"stk-column-wrapper stk-block-column__content stk-container stk-b1068fb-container stk--no-background stk--no-padding\"><div class=\"stk-block-content stk-inner-blocks stk-b1068fb-inner-blocks\">\n<div class=\"wp-block-stackable-heading stk-block-heading stk-block-heading--v2 stk-block stk-4212043\" id=\"ilustracje\" data-block-id=\"4212043\"><style>.stk-4212043 {margin-bottom:0px !important;}.stk-4212043 .stk-block-heading__text{font-size:20px !important;font-weight:500 !important;font-family:\"Special Gothic\", Sans-serif !important;}@media screen and (max-width:999px){.stk-4212043 .stk-block-heading__text{font-size:20px !important;}}<\/style><h3 class=\"stk-block-heading__text\">Illustrations<\/h3><\/div>\n\n\n\n<ul style=\"color:#222222;font-size:clamp(14px, 0.875rem + ((1vw - 3.2px) * 0.156), 16px);\" id=\"ilustracje\" class=\"wp-block-list has-text-color has-link-color wp-elements-662d47acf10f8f5f9ed497f45087fcf5\">\n<li class=\"has-text-color has-link-color wp-elements-d8a5b070a55fc6df3521e510ac5cc75d\" style=\"color:#222222;font-size:clamp(14px, 0.875rem + ((1vw - 3.2px) * 0.156), 16px);\">for comics<\/li>\n\n\n\n<li style=\"font-size:clamp(14px, 0.875rem + ((1vw - 3.2px) * 0.156), 16px);\">for children and adult books<\/li>\n\n\n\n<li>for magazines<\/li>\n\n\n\n<li>for social media<\/li>\n\n\n\n<li>for websites<\/li>\n\n\n\n<li>for advertisements<\/li>\n\n\n\n<li>for imprints<\/li>\n\n\n\n<li>for a decoration<\/li>\n\n\n\n<li>for a gift<\/li>\n\n\n\n<li>and for everything which can be decorated by illustration<\/li>\n<\/ul>\n<\/div><\/div><\/div>\n\n\n\n<div class=\"wp-block-stackable-column stk-block-column stk-column stk-block stk-2d20a90\" data-v=\"4\" data-block-id=\"2d20a90\"><div class=\"stk-column-wrapper stk-block-column__content stk-container stk-2d20a90-container stk--no-background stk--no-padding\"><div class=\"stk-block-content stk-inner-blocks stk-2d20a90-inner-blocks\">\n<div class=\"wp-block-stackable-heading stk-block-heading stk-block-heading--v2 stk-block stk-001487a\" id=\"grafiki\" data-block-id=\"001487a\"><style>.stk-001487a {margin-bottom:0px !important;}.stk-001487a .stk-block-heading__text{font-size:20px !important;font-weight:500 !important;font-family:\"Special Gothic\", Sans-serif !important;}@media screen and (max-width:999px){.stk-001487a .stk-block-heading__text{font-size:20px !important;}}<\/style><h3 class=\"stk-block-heading__text\">Graphics<\/h3><\/div>\n\n\n\n<ul style=\"color:#222222;font-size:clamp(14px, 0.875rem + ((1vw - 3.2px) * 0.156), 16px);\" id=\"ilustracje\" class=\"wp-block-list has-text-color has-link-color wp-elements-00a55a6097774759bb631fad46c6f914\">\n<li class=\"has-text-color has-link-color wp-elements-06786c3298c015dac2c262b4e0352124\" style=\"color:#222222;font-size:clamp(14px, 0.875rem + ((1vw - 3.2px) * 0.156), 16px);\">business cards<\/li>\n\n\n\n<li class=\"has-black-color has-text-color has-link-color wp-elements-185f16f6bfa96e5ccc0cea48a01bc71a\" style=\"font-size:clamp(14px, 0.875rem + ((1vw - 3.2px) * 0.156), 16px);\">invitations<\/li>\n\n\n\n<li>leaflets<\/li>\n\n\n\n<li>posters<\/li>\n\n\n\n<li>envelopes<\/li>\n\n\n\n<li>packaging<\/li>\n\n\n\n<li>logo with brand book<\/li>\n\n\n\n<li>web design<\/li>\n\n\n\n<li>cover for book, magazine, comic books and music album<\/li>\n\n\n\n<li>and other<\/li>\n<\/ul>\n<\/div><\/div><\/div>\n\n\n\n<div class=\"wp-block-stackable-column stk-block-column stk-column stk-block stk-9d25a2a\" data-v=\"4\" data-block-id=\"9d25a2a\"><div class=\"stk-column-wrapper stk-block-column__content stk-container stk-9d25a2a-container stk--no-background stk--no-padding\"><div class=\"stk-block-content stk-inner-blocks stk-9d25a2a-inner-blocks\">\n<div class=\"wp-block-stackable-heading stk-block-heading stk-block-heading--v2 stk-block stk-1de4ef7\" id=\"obrazy-i-plakaty\" data-block-id=\"1de4ef7\"><style>.stk-1de4ef7 {margin-bottom:0px !important;}.stk-1de4ef7 .stk-block-heading__text{font-size:20px !important;font-weight:500 !important;font-family:\"Special Gothic\", Sans-serif !important;}@media screen and (max-width:999px){.stk-1de4ef7 .stk-block-heading__text{font-size:20px !important;}}<\/style><h3 class=\"stk-block-heading__text\">Paintings and posters<\/h3><\/div>\n\n\n\n<ul style=\"color:#222222;font-size:clamp(14px, 0.875rem + ((1vw - 3.2px) * 0.156), 16px);\" id=\"ilustracje\" class=\"wp-block-list has-text-color has-link-color wp-elements-c4675cf28196d17fe37b411ce062e059\">\n<li class=\"has-text-color has-link-color wp-elements-e2eb7b89897b685aefb0f6576f685439\" style=\"color:#222222;font-size:clamp(14px, 0.875rem + ((1vw - 3.2px) * 0.156), 16px);\">to order<\/li>\n\n\n\n<li style=\"font-size:clamp(14px, 0.875rem + ((1vw - 3.2px) * 0.156), 16px);\">painted on a canvas<\/li>\n\n\n\n<li>original drawings on paper<\/li>\n\n\n\n<li>printed on canvas or paper<\/li>\n\n\n\n<li>size from A7 to A0, size depends on the technique<\/li>\n<\/ul>\n<\/div><\/div><\/div>\n<\/div><\/div>\n\n\n\n<div class=\"wp-block-stackable-button-group stk-block-button-group stk-block stk-6c8ebb1\" data-block-id=\"6c8ebb1\"><style>.stk-6c8ebb1 .stk-inner-blocks{column-gap:10px !important;}<\/style><div class=\"stk-row stk-inner-blocks stk-block-content stk-button-group\">\n<div class=\"wp-block-stackable-icon-button stk-block-icon-button stk-block stk-b15ced2\" data-block-id=\"b15ced2\"><style>.stk-b15ced2 .stk-button{background:#3b5998 !important;border-top-left-radius:5px !important;border-top-right-radius:5px !important;border-bottom-right-radius:5px !important;border-bottom-left-radius:5px !important;}.stk-b15ced2 .stk-button:before{border-color:#3b5998 !important;}<\/style><a class=\"stk-link stk-button stk--hover-effect-darken\" href=\"\" target=\"_blank\" rel=\"noreferrer noopener\"><span class=\"stk--svg-wrapper\"><div class=\"stk--inner-svg\"><svg xmlns=\"http:\/\/www.w3.org\/2000\/svg\" viewbox=\"0 0 512 512\" aria-hidden=\"true\" width=\"32\" height=\"32\"><path d=\"M512 256C512 114.6 397.4 0 256 0S0 114.6 0 256C0 376 82.7 476.8 194.2 504.5V334.2H141.4V256h52.8V222.3c0-87.1 39.4-127.5 125-127.5c16.2 0 44.2 3.2 55.7 6.4V172c-6-.6-16.5-1-29.6-1c-42 0-58.2 15.9-58.2 57.2V256h83.6l-14.4 78.2H287V510.1C413.8 494.8 512 386.9 512 256h0z\"\/><\/svg><\/div><\/span><\/a><\/div>\n\n\n\n<div class=\"wp-block-stackable-icon-button stk-block-icon-button stk-block stk-ce0cf1d\" data-block-id=\"ce0cf1d\"><style>.stk-ce0cf1d .stk-button{background:#fcb900 !important;border-top-left-radius:5px !important;border-top-right-radius:5px !important;border-bottom-right-radius:5px !important;border-bottom-left-radius:5px !important;}<\/style><a class=\"stk-link stk-button stk--hover-effect-darken\" href=\"https:\/\/www.instagram.com\/ilustratolka\/\"><span class=\"stk--svg-wrapper\"><div class=\"stk--inner-svg\"><svg xmlns=\"http:\/\/www.w3.org\/2000\/svg\" viewbox=\"0 0 448 512\" aria-hidden=\"true\" width=\"32\" height=\"32\"><path d=\"M224.1 141c-63.6 0-114.9 51.3-114.9 114.9s51.3 114.9 114.9 114.9S339 319.5 339 255.9 287.7 141 224.1 141zm0 189.6c-41.1 0-74.7-33.5-74.7-74.7s33.5-74.7 74.7-74.7 74.7 33.5 74.7 74.7-33.6 74.7-74.7 74.7zm146.4-194.3c0 14.9-12 26.8-26.8 26.8-14.9 0-26.8-12-26.8-26.8s12-26.8 26.8-26.8 26.8 12 26.8 26.8zm76.1 27.2c-1.7-35.9-9.9-67.7-36.2-93.9-26.2-26.2-58-34.4-93.9-36.2-37-2.1-147.9-2.1-184.9 0-35.8 1.7-67.6 9.9-93.9 36.1s-34.4 58-36.2 93.9c-2.1 37-2.1 147.9 0 184.9 1.7 35.9 9.9 67.7 36.2 93.9s58 34.4 93.9 36.2c37 2.1 147.9 2.1 184.9 0 35.9-1.7 67.7-9.9 93.9-36.2 26.2-26.2 34.4-58 36.2-93.9 2.1-37 2.1-147.8 0-184.8zM398.8 388c-7.8 19.6-22.9 34.7-42.6 42.6-29.5 11.7-99.5 9-132.1 9s-102.7 2.6-132.1-9c-19.6-7.8-34.7-22.9-42.6-42.6-11.7-29.5-9-99.5-9-132.1s-2.6-102.7 9-132.1c7.8-19.6 22.9-34.7 42.6-42.6 29.5-11.7 99.5-9 132.1-9s102.7-2.6 132.1 9c19.6 7.8 34.7 22.9 42.6 42.6 11.7 29.5 9 99.5 9 132.1s2.7 102.7-9 132.1z\"\/><\/svg><\/div><\/span><\/a><\/div>\n\n\n\n<div class=\"wp-block-stackable-icon-button stk-block-icon-button stk-block stk-03f980c\" data-block-id=\"03f980c\"><style>.stk-03f980c .stk-button{background:#c4302b !important;border-top-left-radius:5px !important;border-top-right-radius:5px !important;border-bottom-right-radius:5px !important;border-bottom-left-radius:5px !important;}<\/style><a class=\"stk-link stk-button stk--hover-effect-darken\" href=\"https:\/\/www.youtube.com\/channel\/UCsTs99-o91uP4VRxGMxCBeA?view_as=subscriber\"><span class=\"stk--svg-wrapper\"><div class=\"stk--inner-svg\"><svg xmlns=\"http:\/\/www.w3.org\/2000\/svg\" viewbox=\"0 0 576 512\" aria-hidden=\"true\" width=\"32\" height=\"32\"><path d=\"M549.655 124.083c-6.281-23.65-24.787-42.276-48.284-48.597C458.781 64 288 64 288 64S117.22 64 74.629 75.486c-23.497 6.322-42.003 24.947-48.284 48.597-11.412 42.867-11.412 132.305-11.412 132.305s0 89.438 11.412 132.305c6.281 23.65 24.787 41.5 48.284 47.821C117.22 448 288 448 288 448s170.78 0 213.371-11.486c23.497-6.321 42.003-24.171 48.284-47.821 11.412-42.867 11.412-132.305 11.412-132.305s0-89.438-11.412-132.305zm-317.51 213.508V175.185l142.739 81.205-142.739 81.201z\"\/><\/svg><\/div><\/span><\/a><\/div>\n<\/div><\/div>\n<\/div><\/div><\/div>\n<\/div><\/div>","protected":false},"excerpt":{"rendered":"<p>Ilustracje Grafiki Obrazy i plakaty<\/p>","protected":false},"author":1,"featured_media":0,"parent":0,"menu_order":0,"comment_status":"closed","ping_status":"closed","template":"","meta":{"footnotes":""},"class_list":["post-64","page","type-page","status-publish","hentry"],"blocksy_meta":{"disable_header":"no","background":{"background_type":"color","background_pattern":"type-1","background_image":{"attachment_id":null,"x":0,"y":0},"gradient":"linear-gradient(135deg,rgba(6,147,227,1) 0%,rgb(155,81,224) 100%)","background_repeat":"repeat","background_size":"auto","background_attachment":"scroll","patternColor":{"default":{"color":"#e5e7ea"}},"overlayColor":{"default":{"color":"CT_CSS_SKIP_RULE"}},"backgroundColor":{"default":{"color":"var(--theme-palette-color-8)"}}},"styles_descriptor":{"styles":{"desktop":"[data-prefix=\"single_page\"] {background-color:var(--theme-palette-color-8);background-image:none;}","tablet":"","mobile":""},"google_fonts":[],"version":6},"page_structure_type":"type-4","has_hero_section":"default","hero_section":"type-2","hero_elements":[{"id":"custom_title","enabled":true,"heading_tag":"h1","title":"Strona g\u0142\u00f3wna","__id":"aCK7yzBXs7s2IaPti_FNe"},{"id":"custom_description","enabled":false,"description_visibility":{"desktop":true,"tablet":true,"mobile":false},"__id":"V_F0gWw0McDY6C8Vhzkzt"},{"id":"custom_meta","enabled":false,"meta_elements":[{"id":"author","enabled":true,"label":"Przez","has_author_avatar":"yes","avatar_size":25},{"id":"post_date","enabled":true,"label":"W\u0142\u0105cz","date_format_source":"default","date_format":"M j, Y"},{"id":"updated_date","enabled":false,"label":"W\u0142\u0105cz","date_format_source":"default","date_format":"M j, Y"},{"id":"categories","enabled":false,"label":"W","style":"simple"},{"id":"comments","enabled":true}],"page_meta_elements":{"joined":true,"articles_count":true,"comments":true},"__id":"yp-s6pDPI95eFB-Hy-HXx"},{"id":"breadcrumbs","enabled":true,"__id":"ode-NhoZMkMuQfjua7MOo"}],"breadcrumbsFontColor":{"default":{"color":"var(--theme-palette-color-7)"},"initial":{"color":"#fad689"},"hover":{"color":"#fad689"}},"pageTitleBackground":{"background_type":"color","background_pattern":"type-1","background_image":{"attachment_id":null,"x":0,"y":0},"gradient":"linear-gradient(135deg,rgba(6,147,227,1) 0%,rgb(155,81,224) 100%)","background_repeat":"repeat","background_size":"auto","background_attachment":"scroll","patternColor":{"default":{"color":"#e5e7ea"}},"overlayColor":{"default":{"color":"CT_CSS_SKIP_RULE"}},"backgroundColor":{"default":{"color":"#222222"}}},"pageTitleFontColor":{"default":{"color":"#fad689"}}},"_links":{"self":[{"href":"https:\/\/ilustratolka.com\/en\/wp-json\/wp\/v2\/pages\/64","targetHints":{"allow":["GET"]}}],"collection":[{"href":"https:\/\/ilustratolka.com\/en\/wp-json\/wp\/v2\/pages"}],"about":[{"href":"https:\/\/ilustratolka.com\/en\/wp-json\/wp\/v2\/types\/page"}],"author":[{"embeddable":true,"href":"https:\/\/ilustratolka.com\/en\/wp-json\/wp\/v2\/users\/1"}],"replies":[{"embeddable":true,"href":"https:\/\/ilustratolka.com\/en\/wp-json\/wp\/v2\/comments?post=64"}],"version-history":[{"count":4,"href":"https:\/\/ilustratolka.com\/en\/wp-json\/wp\/v2\/pages\/64\/revisions"}],"predecessor-version":[{"id":639,"href":"https:\/\/ilustratolka.com\/en\/wp-json\/wp\/v2\/pages\/64\/revisions\/639"}],"wp:attachment":[{"href":"https:\/\/ilustratolka.com\/en\/wp-json\/wp\/v2\/media?parent=64"}],"curies":[{"name":"wp","href":"https:\/\/api.w.org\/{rel}","templated":true}]}}